{"id":9130,"date":"2026-02-02T13:57:24","date_gmt":"2026-02-02T16:57:24","guid":{"rendered":"https:\/\/muneka.us\/product\/gold-bond-friction-defense-roll-on-1-75oz-each\/"},"modified":"2026-02-02T13:57:24","modified_gmt":"2026-02-02T16:57:24","slug":"gold-bond-friction-defense-roll-on-1-75oz-each","status":"publish","type":"product","link":"https:\/\/muneka.us\/es\/producto\/gold-bond-friction-defense-roll-on-1-75oz-each\/","title":{"rendered":"Gold Bond Friction Defense Roll-on 1.75oz Each"},"content":{"rendered":"<p><strong data-start=\"131\" data-end=\"186\">Gold Bond Friction Defense Roll-on \u2013 1,75 oz (cada)<\/strong><br data-start=\"186\" data-end=\"189\"><br \/>\nProte\u00e7\u00e3o r\u00e1pida e pr\u00e1tica contra atrito e irrita\u00e7\u00e3o na pele. Aplicador roll-on f\u00e1cil de usar, ideal para o dia a dia e para manter a pele confort\u00e1vel e seca.<\/p>\n","protected":false},"excerpt":{"rendered":"<p>Gold Bond Friction Defense Roll-on \u2013 1,75 oz (cada) Prote\u00e7\u00e3o r\u00e1pida e pr\u00e1tica contra atrito e irrita\u00e7\u00e3o na pele. Aplicador roll-on f\u00e1cil de usar, ideal para o dia a dia e para manter a pele confort\u00e1vel e seca.<\/p>\n","protected":false},"featured_media":9131,"comment_status":"open","ping_status":"closed","template":"","meta":[],"product_brand":[],"product_cat":[3730,3811],"product_tag":[],"class_list":{"0":"post-9130","1":"product","2":"type-product","3":"status-publish","4":"has-post-thumbnail","6":"product_cat-belleza-y-bienestar","7":"product_cat-higiene-e-cuidados","9":"first","10":"instock","11":"taxable","12":"shipping-taxable","13":"purchasable","14":"product-type-simple"},"jetpack_sharing_enabled":true,"_links":{"self":[{"href":"https:\/\/muneka.us\/es\/wp-json\/wp\/v2\/product\/9130","targetHints":{"allow":["GET"]}}],"collection":[{"href":"https:\/\/muneka.us\/es\/wp-json\/wp\/v2\/product"}],"about":[{"href":"https:\/\/muneka.us\/es\/wp-json\/wp\/v2\/types\/product"}],"replies":[{"embeddable":true,"href":"https:\/\/muneka.us\/es\/wp-json\/wp\/v2\/comments?post=9130"}],"wp:featuredmedia":[{"embeddable":true,"href":"https:\/\/muneka.us\/es\/wp-json\/wp\/v2\/media\/9131"}],"wp:attachment":[{"href":"https:\/\/muneka.us\/es\/wp-json\/wp\/v2\/media?parent=9130"}],"wp:term":[{"taxonomy":"product_brand","embeddable":true,"href":"https:\/\/muneka.us\/es\/wp-json\/wp\/v2\/product_brand?post=9130"},{"taxonomy":"product_cat","embeddable":true,"href":"https:\/\/muneka.us\/es\/wp-json\/wp\/v2\/product_cat?post=9130"},{"taxonomy":"product_tag","embeddable":true,"href":"https:\/\/muneka.us\/es\/wp-json\/wp\/v2\/product_tag?post=9130"}],"curies":[{"name":"wp","href":"https:\/\/api.w.org\/{rel}","templated":true}]}}