{"id":9118,"date":"2026-02-02T14:10:29","date_gmt":"2026-02-02T17:10:29","guid":{"rendered":"https:\/\/muneka.us\/product\/gold-bond-age-renew-tight-firm-body-face-lotion-8oz\/"},"modified":"2026-02-02T14:10:29","modified_gmt":"2026-02-02T17:10:29","slug":"gold-bond-age-renew-tight-firm-body-face-lotion-8oz","status":"publish","type":"product","link":"https:\/\/muneka.us\/es\/producto\/gold-bond-age-renew-tight-firm-body-face-lotion-8oz\/","title":{"rendered":"Gold Bond Age Renew Tight &amp; Firm Body &amp; Face Lotion 8oz"},"content":{"rendered":"<p data-start=\"56\" data-end=\"363\">Com o envelhecimento, a pele perde prote\u00ednas estruturais importantes, como o col\u00e1geno, o que pode causar pele mais fraca, fl\u00e1cida e ca\u00edda. Revitalize sua juventude e experimente uma pele mais lisa, com sinais visivelmente reduzidos de envelhecimento, com o <strong data-start=\"313\" data-end=\"360\">Gold Bond Tight &amp; Firm Body and Face Lotion<\/strong>.<\/p>\n<p data-start=\"365\" data-end=\"763\">Formulado com um poderoso <strong data-start=\"391\" data-end=\"420\">Complexo Firmador da Pele<\/strong>, contendo prote\u00ednas e lip\u00eddios que fortalecem a pele, o hidratante Gold Bond Tight &amp; Firm \u00e9 clinicamente comprovado para <strong data-start=\"542\" data-end=\"588\">fortalecer, hidratar e firmar visivelmente<\/strong> a pele fl\u00e1cida do corpo e do rosto, que pode ser resultado de perda de peso r\u00e1pida.* Na verdade, <strong data-start=\"686\" data-end=\"706\">87% dos usu\u00e1rios<\/strong> tiveram pele visivelmente mais firme em duas semanas.*<\/p>\n<p data-start=\"765\" data-end=\"916\">A f\u00f3rmula exclusiva da Gold Bond tamb\u00e9m conta com <strong data-start=\"815\" data-end=\"832\">7 hidratantes<\/strong> e vitaminas <strong data-start=\"845\" data-end=\"857\">B, C e E<\/strong>, para nutrir a pele e melhorar a reten\u00e7\u00e3o de hidrata\u00e7\u00e3o.<\/p>\n","protected":false},"excerpt":{"rendered":"<p>Com o envelhecimento, a pele perde prote\u00ednas estruturais importantes, como o col\u00e1geno, o que pode causar pele mais fraca, fl\u00e1cida e ca\u00edda. Revitalize sua juventude e experimente uma pele mais lisa, com sinais visivelmente reduzidos de envelhecimento, com o Gold Bond Tight &amp; Firm Body and Face Lotion. Formulado com um poderoso Complexo Firmador da [&#8230;]\n","protected":false},"featured_media":9119,"comment_status":"open","ping_status":"closed","template":"","meta":[],"product_brand":[],"product_cat":[3730,3720],"product_tag":[],"class_list":{"0":"post-9118","1":"product","2":"type-product","3":"status-publish","4":"has-post-thumbnail","6":"product_cat-belleza-y-bienestar","7":"product_cat-salud-bienestar","9":"first","10":"instock","11":"taxable","12":"shipping-taxable","13":"purchasable","14":"product-type-simple"},"jetpack_sharing_enabled":true,"_links":{"self":[{"href":"https:\/\/muneka.us\/es\/wp-json\/wp\/v2\/product\/9118","targetHints":{"allow":["GET"]}}],"collection":[{"href":"https:\/\/muneka.us\/es\/wp-json\/wp\/v2\/product"}],"about":[{"href":"https:\/\/muneka.us\/es\/wp-json\/wp\/v2\/types\/product"}],"replies":[{"embeddable":true,"href":"https:\/\/muneka.us\/es\/wp-json\/wp\/v2\/comments?post=9118"}],"wp:featuredmedia":[{"embeddable":true,"href":"https:\/\/muneka.us\/es\/wp-json\/wp\/v2\/media\/9119"}],"wp:attachment":[{"href":"https:\/\/muneka.us\/es\/wp-json\/wp\/v2\/media?parent=9118"}],"wp:term":[{"taxonomy":"product_brand","embeddable":true,"href":"https:\/\/muneka.us\/es\/wp-json\/wp\/v2\/product_brand?post=9118"},{"taxonomy":"product_cat","embeddable":true,"href":"https:\/\/muneka.us\/es\/wp-json\/wp\/v2\/product_cat?post=9118"},{"taxonomy":"product_tag","embeddable":true,"href":"https:\/\/muneka.us\/es\/wp-json\/wp\/v2\/product_tag?post=9118"}],"curies":[{"name":"wp","href":"https:\/\/api.w.org\/{rel}","templated":true}]}}