{"id":9113,"date":"2026-02-02T14:12:44","date_gmt":"2026-02-02T17:12:44","guid":{"rendered":"https:\/\/muneka.us\/product\/fungi-nail-max-strength-antifungal-pen-applicator-liquid-tolnaftate-1oz-1-count\/"},"modified":"2026-02-02T14:12:44","modified_gmt":"2026-02-02T17:12:44","slug":"fungi-nail-max-strength-antifungal-pen-applicator-liquid-tolnaftate-1oz-1-count","status":"publish","type":"product","link":"https:\/\/muneka.us\/es\/producto\/fungi-nail-max-strength-antifungal-pen-applicator-liquid-tolnaftate-1oz-1-count\/","title":{"rendered":"Fungi-Nail Max Strength Antifungal Pen Applicator Liquid, Tolnaftate, .1oz, 1 Count"},"content":{"rendered":"<p data-start=\"56\" data-end=\"338\">Combata o fungo com a <strong data-start=\"78\" data-end=\"111\">Caneta Antif\u00fangica Fungi-Nail<\/strong>. Este tratamento para fungo nos p\u00e9s age diretamente no problema, eliminando infec\u00e7\u00f5es f\u00fangicas nas cut\u00edculas, ao redor das bordas e pontas das unhas, e entre os dedos \u2014 locais onde, se n\u00e3o tratados, o fungo pode se espalhar.<\/p>\n<p data-start=\"340\" data-end=\"536\">Formulado com <strong data-start=\"354\" data-end=\"371\">Tolnaftato 1%<\/strong>, a for\u00e7a m\u00e1xima dispon\u00edvel sem prescri\u00e7\u00e3o, este tratamento tripla a\u00e7\u00e3o penetra profundamente, <strong data-start=\"466\" data-end=\"533\">mata o fungo, alivia coceira e ardor e restaura a sa\u00fade da pele<\/strong>.<\/p>\n<p data-start=\"538\" data-end=\"747\">A barreira transparente e resistente \u00e0 \u00e1gua mant\u00e9m o medicamento no local, enquanto o aplicador em formato de caneta direciona o tratamento exatamente onde voc\u00ea precisa, proporcionando uso f\u00e1cil e sem sujeira.<\/p>\n","protected":false},"excerpt":{"rendered":"<p>Combata o fungo com a Caneta Antif\u00fangica Fungi-Nail. Este tratamento para fungo nos p\u00e9s age diretamente no problema, eliminando infec\u00e7\u00f5es f\u00fangicas nas cut\u00edculas, ao redor das bordas e pontas das unhas, e entre os dedos \u2014 locais onde, se n\u00e3o tratados, o fungo pode se espalhar. Formulado com Tolnaftato 1%, a for\u00e7a m\u00e1xima dispon\u00edvel sem [&#8230;]\n","protected":false},"featured_media":9115,"comment_status":"open","ping_status":"closed","template":"","meta":[],"product_brand":[],"product_cat":[3730,3720],"product_tag":[],"class_list":{"0":"post-9113","1":"product","2":"type-product","3":"status-publish","4":"has-post-thumbnail","6":"product_cat-belleza-y-bienestar","7":"product_cat-salud-bienestar","9":"first","10":"instock","11":"taxable","12":"shipping-taxable","13":"purchasable","14":"product-type-simple"},"jetpack_sharing_enabled":true,"_links":{"self":[{"href":"https:\/\/muneka.us\/es\/wp-json\/wp\/v2\/product\/9113","targetHints":{"allow":["GET"]}}],"collection":[{"href":"https:\/\/muneka.us\/es\/wp-json\/wp\/v2\/product"}],"about":[{"href":"https:\/\/muneka.us\/es\/wp-json\/wp\/v2\/types\/product"}],"replies":[{"embeddable":true,"href":"https:\/\/muneka.us\/es\/wp-json\/wp\/v2\/comments?post=9113"}],"wp:featuredmedia":[{"embeddable":true,"href":"https:\/\/muneka.us\/es\/wp-json\/wp\/v2\/media\/9115"}],"wp:attachment":[{"href":"https:\/\/muneka.us\/es\/wp-json\/wp\/v2\/media?parent=9113"}],"wp:term":[{"taxonomy":"product_brand","embeddable":true,"href":"https:\/\/muneka.us\/es\/wp-json\/wp\/v2\/product_brand?post=9113"},{"taxonomy":"product_cat","embeddable":true,"href":"https:\/\/muneka.us\/es\/wp-json\/wp\/v2\/product_cat?post=9113"},{"taxonomy":"product_tag","embeddable":true,"href":"https:\/\/muneka.us\/es\/wp-json\/wp\/v2\/product_tag?post=9113"}],"curies":[{"name":"wp","href":"https:\/\/api.w.org\/{rel}","templated":true}]}}