{"id":9099,"date":"2026-02-03T13:56:11","date_gmt":"2026-02-03T16:56:11","guid":{"rendered":"https:\/\/muneka.us\/product\/apple-iphone-15-pro-128gb-blue-titanium-unlocked-renewed\/"},"modified":"2026-02-03T13:56:11","modified_gmt":"2026-02-03T16:56:11","slug":"apple-iphone-15-pro-128gb-blue-titanium-unlocked-renewed","status":"publish","type":"product","link":"https:\/\/muneka.us\/es\/producto\/apple-iphone-15-pro-128gb-blue-titanium-unlocked-renewed\/","title":{"rendered":"Apple iPhone 15 Pro, 128GB, Blue Titanium &#8211; Unlocked (Renewed)"},"content":{"rendered":"<p data-start=\"58\" data-end=\"257\">Tela <strong data-start=\"63\" data-end=\"100\">Super Retina XDR de 6,1 polegadas<\/strong>.<br data-start=\"101\" data-end=\"104\"><br \/>\nTecnologia <strong data-start=\"115\" data-end=\"128\">ProMotion<\/strong>.<br data-start=\"129\" data-end=\"132\"><br \/>\n<strong data-start=\"132\" data-end=\"165\">Tela Sempre Ativa (Always-On)<\/strong>.<br data-start=\"166\" data-end=\"169\" data-is-only-node=\"\"><br \/>\nEstrutura em <strong data-start=\"182\" data-end=\"193\">tit\u00e2nio<\/strong> com traseira em vidro fosco texturizado.<br data-start=\"234\" data-end=\"237\"><br \/>\n<strong data-start=\"237\" data-end=\"254\">Bot\u00e3o de A\u00e7\u00e3o<\/strong>.<\/p>\n<p data-start=\"259\" data-end=\"369\"><strong data-start=\"259\" data-end=\"277\">Dynamic Island<\/strong>. Uma forma m\u00e1gica de interagir com o iPhone.<br data-start=\"322\" data-end=\"325\"><br \/>\nChip <strong data-start=\"330\" data-end=\"341\">A17 Pro<\/strong> com <strong data-start=\"346\" data-end=\"366\">GPU de 6 n\u00facleos<\/strong>.<\/p>\n<p data-start=\"371\" data-end=\"400\"><strong data-start=\"371\" data-end=\"397\">Sistema de c\u00e2meras Pro<\/strong>:<\/p>\n<ul data-start=\"401\" data-end=\"628\">\n<li data-start=\"401\" data-end=\"463\">\n<p data-start=\"403\" data-end=\"463\">Principal de <strong data-start=\"416\" data-end=\"425\">48 MP<\/strong> | <strong data-start=\"428\" data-end=\"442\">Ultra Wide<\/strong> | <strong data-start=\"445\" data-end=\"461\">Teleobjetiva<\/strong><\/p>\n<\/li>\n<li data-start=\"464\" data-end=\"517\">\n<p data-start=\"466\" data-end=\"517\">Fotos em <strong data-start=\"475\" data-end=\"499\">super alta resolu\u00e7\u00e3o<\/strong> (24 MP e 48 MP)<\/p>\n<\/li>\n<li data-start=\"518\" data-end=\"586\">\n<p data-start=\"520\" data-end=\"586\">Retratos de nova gera\u00e7\u00e3o com <strong data-start=\"549\" data-end=\"584\">controle de foco e profundidade<\/strong><\/p>\n<\/li>\n<li data-start=\"587\" data-end=\"628\">\n<p data-start=\"589\" data-end=\"628\"><strong data-start=\"589\" data-end=\"626\">Alcance de zoom \u00f3ptico de at\u00e9 10x<\/strong><\/p>\n<\/li>\n<\/ul>\n<p data-start=\"630\" data-end=\"739\"><strong data-start=\"630\" data-end=\"664\">SOS de Emerg\u00eancia via sat\u00e9lite<\/strong>.<br data-start=\"665\" data-end=\"668\"><br \/>\n<strong data-start=\"668\" data-end=\"693\">Detec\u00e7\u00e3o de Acidentes<\/strong>.<br data-start=\"694\" data-end=\"697\"><br \/>\n<strong data-start=\"697\" data-end=\"736\">Assist\u00eancia na Estrada via sat\u00e9lite<\/strong>.<\/p>\n<p data-start=\"741\" data-end=\"879\" data-is-last-node=\"\" data-is-only-node=\"\">At\u00e9 <strong data-start=\"745\" data-end=\"780\">29 horas de reprodu\u00e7\u00e3o de v\u00eddeo<\/strong>.<br data-start=\"781\" data-end=\"784\"><br \/>\n<strong data-start=\"784\" data-end=\"793\">USB-C<\/strong>, com suporte a <strong data-start=\"809\" data-end=\"818\">USB 3<\/strong> para transfer\u00eancias at\u00e9 <strong data-start=\"843\" data-end=\"863\">20x mais r\u00e1pidas<\/strong>.<br data-start=\"864\" data-end=\"867\"><br \/>\n<strong data-start=\"867\" data-end=\"878\">Face ID<\/strong>.<\/p>\n","protected":false},"excerpt":{"rendered":"<p>Tela Super Retina XDR de 6,1 polegadas. Tecnologia ProMotion. Tela Sempre Ativa (Always-On). Estrutura em tit\u00e2nio com traseira em vidro fosco texturizado. Bot\u00e3o de A\u00e7\u00e3o. Dynamic Island. Uma forma m\u00e1gica de interagir com o iPhone. Chip A17 Pro com GPU de 6 n\u00facleos. Sistema de c\u00e2meras Pro: Principal de 48 MP | Ultra Wide | [&#8230;]\n","protected":false},"featured_media":9101,"comment_status":"open","ping_status":"closed","template":"","meta":[],"product_brand":[],"product_cat":[3805,3790,3786],"product_tag":[],"class_list":{"0":"post-9099","1":"product","2":"type-product","3":"status-publish","4":"has-post-thumbnail","6":"product_cat-movil","7":"product_cat-electronica","8":"product_cat-tecnologia","10":"first","11":"instock","12":"taxable","13":"shipping-taxable","14":"purchasable","15":"product-type-simple"},"jetpack_sharing_enabled":true,"_links":{"self":[{"href":"https:\/\/muneka.us\/es\/wp-json\/wp\/v2\/product\/9099","targetHints":{"allow":["GET"]}}],"collection":[{"href":"https:\/\/muneka.us\/es\/wp-json\/wp\/v2\/product"}],"about":[{"href":"https:\/\/muneka.us\/es\/wp-json\/wp\/v2\/types\/product"}],"replies":[{"embeddable":true,"href":"https:\/\/muneka.us\/es\/wp-json\/wp\/v2\/comments?post=9099"}],"wp:featuredmedia":[{"embeddable":true,"href":"https:\/\/muneka.us\/es\/wp-json\/wp\/v2\/media\/9101"}],"wp:attachment":[{"href":"https:\/\/muneka.us\/es\/wp-json\/wp\/v2\/media?parent=9099"}],"wp:term":[{"taxonomy":"product_brand","embeddable":true,"href":"https:\/\/muneka.us\/es\/wp-json\/wp\/v2\/product_brand?post=9099"},{"taxonomy":"product_cat","embeddable":true,"href":"https:\/\/muneka.us\/es\/wp-json\/wp\/v2\/product_cat?post=9099"},{"taxonomy":"product_tag","embeddable":true,"href":"https:\/\/muneka.us\/es\/wp-json\/wp\/v2\/product_tag?post=9099"}],"curies":[{"name":"wp","href":"https:\/\/api.w.org\/{rel}","templated":true}]}}