{"id":9090,"date":"2026-02-03T15:50:38","date_gmt":"2026-02-03T18:50:38","guid":{"rendered":"https:\/\/muneka.us\/product\/razer-wolverine-v2-chroma-wired-gaming-controller-xbox-series-xs-controller-black\/"},"modified":"2026-02-03T15:50:38","modified_gmt":"2026-02-03T18:50:38","slug":"razer-wolverine-v2-chroma-wired-gaming-controller-xbox-series-xs-controller-black","status":"publish","type":"product","link":"https:\/\/muneka.us\/es\/producto\/razer-wolverine-v2-chroma-wired-gaming-controller-xbox-series-xs-controller-black\/","title":{"rendered":"Razer Wolverine V2 Chroma Wired Gaming Controller Xbox Series X|S Controller Black"},"content":{"rendered":"<div class=\"flex flex-col text-sm pb-25\">\n<article class=\"text-token-text-primary w-full focus:outline-none [--shadow-height:45px] has-data-writing-block:pointer-events-none has-data-writing-block:-mt-(--shadow-height) has-data-writing-block:pt-(--shadow-height) [&amp;:has([data-writing-block])&gt;*]:pointer-events-auto scroll-mt-[calc(var(--header-height)+min(200px,max(70px,20svh)))]\" dir=\"auto\" data-turn-id=\"request-WEB:dcf34f35-7680-4790-bc35-6497dcf37ba0-17\" data-testid=\"conversation-turn-36\" data-scroll-anchor=\"true\" data-turn=\"assistant\">\n<div class=\"text-base my-auto mx-auto pb-10 [--thread-content-margin:--spacing(4)] @w-sm\/main:[--thread-content-margin:--spacing(6)] @w-lg\/main:[--thread-content-margin:--spacing(16)] px-(--thread-content-margin)\">\n<div class=\"[--thread-content-max-width:40rem] @w-lg\/main:[--thread-content-max-width:48rem] mx-auto max-w-(--thread-content-max-width) flex-1 group\/turn-messages focus-visible:outline-hidden relative flex w-full min-w-0 flex-col agent-turn\">\n<div class=\"flex max-w-full flex-col grow\">\n<div data-message-author-role=\"assistant\" data-message-id=\"92477080-ff55-49a7-847f-ce10a81ad325\" dir=\"auto\" class=\"min-h-8 text-message relative flex w-full flex-col items-end gap-2 text-start break-words whitespace-normal [.text-message+&amp;]:mt-1\" data-message-model-slug=\"gpt-5-2\">\n<div class=\"flex w-full flex-col gap-1 empty:hidden first:pt-[1px]\">\n<div class=\"markdown prose dark:prose-invert w-full wrap-break-word light markdown-new-styling\">\n<p data-start=\"58\" data-end=\"143\"><strong data-start=\"58\" data-end=\"141\">Razer Wolverine V2 Chroma \u2013 Controle Gamer com Fio para Xbox Series X|S (Preto)<\/strong><\/p>\n<p data-start=\"145\" data-end=\"503\" data-is-last-node=\"\" data-is-only-node=\"\">Onde est\u00e1 a divers\u00e3o em vencer se voc\u00ea n\u00e3o puder fazer isso do seu jeito? Com o <strong data-start=\"225\" data-end=\"254\">Razer Wolverine V2 Chroma<\/strong>, a personaliza\u00e7\u00e3o de nova gera\u00e7\u00e3o j\u00e1 \u00e9 realidade. Equipado com <strong data-start=\"318\" data-end=\"347\">bot\u00f5es extras remape\u00e1veis<\/strong>, <strong data-start=\"349\" data-end=\"380\">ilumina\u00e7\u00e3o Razer Chroma RGB<\/strong>, <strong data-start=\"382\" data-end=\"412\">anal\u00f3gicos intercambi\u00e1veis<\/strong> e muito mais, voc\u00ea sempre ter\u00e1 in\u00fameras op\u00e7\u00f5es para dominar a competi\u00e7\u00e3o do seu jeito. \ud83c\udfae\u2728<\/p>\n<\/div>\n<\/div>\n<\/div>\n<\/div>\n<div class=\"z-0 flex min-h-[46px] justify-start\"><\/div>\n<\/div>\n<\/div>\n<\/article>\n<\/div>\n<div aria-hidden=\"true\" data-edge=\"true\" class=\"pointer-events-none h-px w-px absolute bottom-0\"><\/div>\n","protected":false},"excerpt":{"rendered":"<p>Razer Wolverine V2 Chroma \u2013 Controle Gamer com Fio para Xbox Series X|S (Preto) Onde est\u00e1 a divers\u00e3o em vencer se voc\u00ea n\u00e3o puder fazer isso do seu jeito? Com o Razer Wolverine V2 Chroma, a personaliza\u00e7\u00e3o de nova gera\u00e7\u00e3o j\u00e1 \u00e9 realidade. Equipado com bot\u00f5es extras remape\u00e1veis, ilumina\u00e7\u00e3o Razer Chroma RGB, anal\u00f3gicos intercambi\u00e1veis e [&#8230;]\n","protected":false},"featured_media":9091,"comment_status":"open","ping_status":"closed","template":"","meta":[],"product_brand":[],"product_cat":[3788,3790,3786],"product_tag":[],"class_list":{"0":"post-9090","1":"product","2":"type-product","3":"status-publish","4":"has-post-thumbnail","6":"product_cat-accesorios","7":"product_cat-electronica","8":"product_cat-tecnologia","10":"first","11":"instock","12":"taxable","13":"shipping-taxable","14":"purchasable","15":"product-type-simple"},"jetpack_sharing_enabled":true,"_links":{"self":[{"href":"https:\/\/muneka.us\/es\/wp-json\/wp\/v2\/product\/9090","targetHints":{"allow":["GET"]}}],"collection":[{"href":"https:\/\/muneka.us\/es\/wp-json\/wp\/v2\/product"}],"about":[{"href":"https:\/\/muneka.us\/es\/wp-json\/wp\/v2\/types\/product"}],"replies":[{"embeddable":true,"href":"https:\/\/muneka.us\/es\/wp-json\/wp\/v2\/comments?post=9090"}],"wp:featuredmedia":[{"embeddable":true,"href":"https:\/\/muneka.us\/es\/wp-json\/wp\/v2\/media\/9091"}],"wp:attachment":[{"href":"https:\/\/muneka.us\/es\/wp-json\/wp\/v2\/media?parent=9090"}],"wp:term":[{"taxonomy":"product_brand","embeddable":true,"href":"https:\/\/muneka.us\/es\/wp-json\/wp\/v2\/product_brand?post=9090"},{"taxonomy":"product_cat","embeddable":true,"href":"https:\/\/muneka.us\/es\/wp-json\/wp\/v2\/product_cat?post=9090"},{"taxonomy":"product_tag","embeddable":true,"href":"https:\/\/muneka.us\/es\/wp-json\/wp\/v2\/product_tag?post=9090"}],"curies":[{"name":"wp","href":"https:\/\/api.w.org\/{rel}","templated":true}]}}