{"id":9086,"date":"2026-02-03T15:55:47","date_gmt":"2026-02-03T18:55:47","guid":{"rendered":"https:\/\/muneka.us\/product\/ninja-wcx02co2-thirsti-60l-co2-canister-2-pack\/"},"modified":"2026-02-03T15:55:47","modified_gmt":"2026-02-03T18:55:47","slug":"ninja-wcx02co2-thirsti-60l-co2-canister-2-pack","status":"publish","type":"product","link":"https:\/\/muneka.us\/es\/producto\/ninja-wcx02co2-thirsti-60l-co2-canister-2-pack\/","title":{"rendered":"Ninja WCX02CO2 Thirsti 60L CO2 Canister 2-Pack"},"content":{"rendered":"<li data-start=\"115\" data-end=\"189\">\n<p data-start=\"117\" data-end=\"189\"><strong data-start=\"117\" data-end=\"132\">Capacidade:<\/strong> at\u00e9 <strong data-start=\"137\" data-end=\"150\">60 litros<\/strong> de bebidas gaseificadas por cilindro<\/p>\n<\/li>\n<li data-start=\"190\" data-end=\"230\">\n<p data-start=\"192\" data-end=\"230\"><strong data-start=\"192\" data-end=\"205\">Conte\u00fado:<\/strong> <strong data-start=\"206\" data-end=\"228\">2 cilindros de CO\u2082<\/strong><\/p>\n<\/li>\n<li data-start=\"231\" data-end=\"318\">\n<p data-start=\"233\" data-end=\"318\"><strong data-start=\"233\" data-end=\"253\">Compatibilidade:<\/strong> uso <strong data-start=\"258\" data-end=\"271\">exclusivo<\/strong> com o sistema <strong data-start=\"286\" data-end=\"316\">Ninja Thirsti Drink System<\/strong><\/p>\n<\/li>\n<li data-start=\"319\" data-end=\"421\">\n<p data-start=\"321\" data-end=\"421\"><strong data-start=\"321\" data-end=\"347\">Carbonata\u00e7\u00e3o eficiente<\/strong>, projetada para melhor desempenho em compara\u00e7\u00e3o com cilindros gen\u00e9ricos<\/p>\n<\/li>\n<li data-start=\"422\" data-end=\"473\">\n<p data-start=\"424\" data-end=\"473\"><strong data-start=\"424\" data-end=\"441\">CO\u2082 renov\u00e1vel<\/strong> e cilindros <strong data-start=\"454\" data-end=\"471\">reutiliz\u00e1veis<\/strong><\/p>\n<\/li>\n<li data-start=\"474\" data-end=\"513\">\n<p data-start=\"476\" data-end=\"513\"><strong data-start=\"476\" data-end=\"511\">F\u00e1cil instala\u00e7\u00e3o e substitui\u00e7\u00e3o<\/strong><\/p>\n<\/li>\n<li data-start=\"514\" data-end=\"602\">\n<p data-start=\"516\" data-end=\"602\">Compat\u00edvel com o <strong data-start=\"533\" data-end=\"566\">Ninja Thirsti CO\u2082 Refill Club<\/strong> para troca e recarga convenientes<\/p>\n<\/li>\n<li data-start=\"603\" data-end=\"691\">\n<p data-start=\"605\" data-end=\"691\">Design seguro e confi\u00e1vel, desenvolvido especificamente para o sistema Ninja Thirsti<\/p>\n<\/li>\n","protected":false},"excerpt":{"rendered":"<p>Capacidade: at\u00e9 60 litros de bebidas gaseificadas por cilindro Conte\u00fado: 2 cilindros de CO\u2082 Compatibilidade: uso exclusivo com o sistema Ninja Thirsti Drink System Carbonata\u00e7\u00e3o eficiente, projetada para melhor desempenho em compara\u00e7\u00e3o com cilindros gen\u00e9ricos CO\u2082 renov\u00e1vel e cilindros reutiliz\u00e1veis F\u00e1cil instala\u00e7\u00e3o e substitui\u00e7\u00e3o Compat\u00edvel com o Ninja Thirsti CO\u2082 Refill Club para troca e [&#8230;]\n","protected":false},"featured_media":9087,"comment_status":"open","ping_status":"closed","template":"","meta":[],"product_brand":[],"product_cat":[3772,3770],"product_tag":[],"class_list":{"0":"post-9086","1":"product","2":"type-product","3":"status-publish","4":"has-post-thumbnail","6":"product_cat-cocina","7":"product_cat-hogar-y-decoracion","9":"first","10":"instock","11":"taxable","12":"shipping-taxable","13":"purchasable","14":"product-type-simple"},"jetpack_sharing_enabled":true,"_links":{"self":[{"href":"https:\/\/muneka.us\/es\/wp-json\/wp\/v2\/product\/9086","targetHints":{"allow":["GET"]}}],"collection":[{"href":"https:\/\/muneka.us\/es\/wp-json\/wp\/v2\/product"}],"about":[{"href":"https:\/\/muneka.us\/es\/wp-json\/wp\/v2\/types\/product"}],"replies":[{"embeddable":true,"href":"https:\/\/muneka.us\/es\/wp-json\/wp\/v2\/comments?post=9086"}],"wp:featuredmedia":[{"embeddable":true,"href":"https:\/\/muneka.us\/es\/wp-json\/wp\/v2\/media\/9087"}],"wp:attachment":[{"href":"https:\/\/muneka.us\/es\/wp-json\/wp\/v2\/media?parent=9086"}],"wp:term":[{"taxonomy":"product_brand","embeddable":true,"href":"https:\/\/muneka.us\/es\/wp-json\/wp\/v2\/product_brand?post=9086"},{"taxonomy":"product_cat","embeddable":true,"href":"https:\/\/muneka.us\/es\/wp-json\/wp\/v2\/product_cat?post=9086"},{"taxonomy":"product_tag","embeddable":true,"href":"https:\/\/muneka.us\/es\/wp-json\/wp\/v2\/product_tag?post=9086"}],"curies":[{"name":"wp","href":"https:\/\/api.w.org\/{rel}","templated":true}]}}