{"id":9078,"date":"2026-02-04T12:28:39","date_gmt":"2026-02-04T15:28:39","guid":{"rendered":"https:\/\/muneka.us\/product\/pyle-electronic-drum-kit-compact-drumming-machine-midi-computer-connection-quick-setup-roll-up-design-for-adults\/"},"modified":"2026-02-04T12:28:39","modified_gmt":"2026-02-04T15:28:39","slug":"pyle-electronic-drum-kit-compact-drumming-machine-midi-computer-connection-quick-setup-roll-up-design-for-adults","status":"publish","type":"product","link":"https:\/\/muneka.us\/es\/producto\/pyle-electronic-drum-kit-compact-drumming-machine-midi-computer-connection-quick-setup-roll-up-design-for-adults\/","title":{"rendered":"Pyle Electronic Drum Kit &#8211; Compact Drumming Machine, MIDI Computer Connection, Quick Setup Roll-up Design for adults."},"content":{"rendered":"<p data-start=\"63\" data-end=\"336\"><strong data-start=\"63\" data-end=\"137\">Apresentando o Kit Profissional de Bateria Eletr\u00f4nica Pyle com 8 Pe\u00e7as<\/strong><br data-start=\"137\" data-end=\"140\"><br \/>\nBateria eletr\u00f4nica profissional com <strong data-start=\"176\" data-end=\"192\">suporte MIDI<\/strong>, <strong data-start=\"194\" data-end=\"217\">sons pr\u00e9-carregados<\/strong>, <strong data-start=\"219\" data-end=\"239\">modo de grava\u00e7\u00e3o<\/strong>, <strong data-start=\"241\" data-end=\"251\">pratos<\/strong>, <strong data-start=\"253\" data-end=\"272\">pedais digitais<\/strong>, <strong data-start=\"274\" data-end=\"291\">m\u00f3dulo de som<\/strong> e <strong data-start=\"294\" data-end=\"306\">baquetas<\/strong>. Compat\u00edvel com <strong data-start=\"323\" data-end=\"335\">Mac e PC<\/strong>.<\/p>\n<h3 data-start=\"338\" data-end=\"383\">Kit de Bateria de Mesa Sem Complica\u00e7\u00f5es<\/h3>\n<ul data-start=\"384\" data-end=\"841\">\n<li data-start=\"384\" data-end=\"422\">\n<p data-start=\"386\" data-end=\"422\"><strong data-start=\"386\" data-end=\"420\">Compacto, port\u00e1til e ultrafino<\/strong><\/p>\n<\/li>\n<li data-start=\"423\" data-end=\"495\">\n<p data-start=\"425\" data-end=\"495\"><strong data-start=\"425\" data-end=\"465\">Design exclusivo enrol\u00e1vel (roll-up)<\/strong> para tocar instantaneamente<\/p>\n<\/li>\n<li data-start=\"496\" data-end=\"560\">\n<p data-start=\"498\" data-end=\"560\"><strong data-start=\"498\" data-end=\"558\">Kits de bateria e m\u00fasicas pr\u00e9-carregados e selecion\u00e1veis<\/strong><\/p>\n<\/li>\n<li data-start=\"561\" data-end=\"632\">\n<p data-start=\"563\" data-end=\"632\"><strong data-start=\"563\" data-end=\"580\">Suporte MIDI:<\/strong> conecte ao computador e desbloqueie mais recursos<\/p>\n<\/li>\n<li data-start=\"633\" data-end=\"692\">\n<p data-start=\"635\" data-end=\"692\"><strong data-start=\"635\" data-end=\"656\">Modo de grava\u00e7\u00e3o:<\/strong> reproduza suas sess\u00f5es de bateria<\/p>\n<\/li>\n<li data-start=\"693\" data-end=\"767\">\n<p data-start=\"695\" data-end=\"767\"><strong data-start=\"695\" data-end=\"724\">Modo de percuss\u00e3o manual:<\/strong> dispense as baquetas e toque com as m\u00e3os<\/p>\n<\/li>\n<li data-start=\"768\" data-end=\"841\">\n<p data-start=\"770\" data-end=\"841\">Reproduz com fidelidade os sons completos de um <strong data-start=\"818\" data-end=\"841\">kit de bateria real<\/strong><\/p>\n<\/li>\n<\/ul>\n<h3 data-start=\"843\" data-end=\"871\">Recursos e Componentes<\/h3>\n<ul data-start=\"872\" data-end=\"1346\">\n<li data-start=\"872\" data-end=\"984\">\n<p data-start=\"874\" data-end=\"916\"><strong data-start=\"874\" data-end=\"914\">7 pads de bateria sens\u00edveis ao toque<\/strong><\/p>\n<ul data-start=\"919\" data-end=\"984\">\n<li data-start=\"919\" data-end=\"958\">\n<p data-start=\"921\" data-end=\"958\">Toms, hi-hat, caixa (snare) e bumbo<\/p>\n<\/li>\n<li data-start=\"961\" data-end=\"984\">\n<p data-start=\"963\" data-end=\"984\">Pratos crash e ride<\/p>\n<\/li>\n<\/ul>\n<\/li>\n<li data-start=\"985\" data-end=\"1024\">\n<p data-start=\"987\" data-end=\"1024\"><strong data-start=\"987\" data-end=\"1022\">Instala\u00e7\u00e3o USB simples e r\u00e1pida<\/strong><\/p>\n<\/li>\n<li data-start=\"1025\" data-end=\"1057\">\n<p data-start=\"1027\" data-end=\"1057\">Inclui <strong data-start=\"1034\" data-end=\"1055\">2 pedais digitais<\/strong><\/p>\n<\/li>\n<li data-start=\"1058\" data-end=\"1103\">\n<p data-start=\"1060\" data-end=\"1103\"><strong data-start=\"1060\" data-end=\"1078\">Painel frontal<\/strong> com bot\u00f5es de controle<\/p>\n<\/li>\n<li data-start=\"1104\" data-end=\"1162\">\n<p data-start=\"1106\" data-end=\"1162\"><strong data-start=\"1106\" data-end=\"1160\">Alto-falantes est\u00e9reo de faixa completa integrados<\/strong><\/p>\n<\/li>\n<li data-start=\"1163\" data-end=\"1247\">\n<p data-start=\"1165\" data-end=\"1247\">Entrada <strong data-start=\"1173\" data-end=\"1189\">AUX (3,5 mm)<\/strong> para tocar junto com m\u00fasicas de dispositivos conectados<\/p>\n<\/li>\n<li data-start=\"1248\" data-end=\"1282\">\n<p data-start=\"1250\" data-end=\"1282\"><strong data-start=\"1250\" data-end=\"1280\">Sa\u00edda para fones de ouvido<\/strong><\/p>\n<\/li>\n<li data-start=\"1283\" data-end=\"1316\">\n<p data-start=\"1285\" data-end=\"1316\"><strong data-start=\"1285\" data-end=\"1314\">Tempo e volume ajust\u00e1veis<\/strong><\/p>\n<\/li>\n<li data-start=\"1317\" data-end=\"1346\">\n<p data-start=\"1319\" data-end=\"1346\">Compat\u00edvel com <strong data-start=\"1334\" data-end=\"1346\">Mac e PC<\/strong><\/p>\n<\/li>\n<\/ul>\n<h3 data-start=\"1348\" data-end=\"1375\">Conte\u00fado da Embalagem<\/h3>\n<ul data-start=\"1376\" data-end=\"1517\">\n<li data-start=\"1376\" data-end=\"1405\">\n<p data-start=\"1378\" data-end=\"1405\">Pad de bateria eletr\u00f4nica<\/p>\n<\/li>\n<li data-start=\"1406\" data-end=\"1433\">\n<p data-start=\"1408\" data-end=\"1433\"><strong data-start=\"1408\" data-end=\"1431\">2 pedais de bateria<\/strong><\/p>\n<\/li>\n<li data-start=\"1434\" data-end=\"1473\">\n<p data-start=\"1436\" data-end=\"1473\">Cabo USB e <strong data-start=\"1447\" data-end=\"1471\">adaptador de energia<\/strong><\/p>\n<\/li>\n<li data-start=\"1474\" data-end=\"1502\">\n<p data-start=\"1476\" data-end=\"1502\">Cabo de conex\u00e3o de \u00e1udio<\/p>\n<\/li>\n<li data-start=\"1503\" data-end=\"1517\">\n<p data-start=\"1505\" data-end=\"1517\"><strong data-start=\"1505\" data-end=\"1517\">Baquetas<\/strong><\/p>\n<\/li>\n<\/ul>\n<h3 data-start=\"1519\" data-end=\"1548\">Especifica\u00e7\u00f5es T\u00e9cnicas<\/h3>\n<ul data-start=\"1549\" data-end=\"1737\">\n<li data-start=\"1549\" data-end=\"1591\">\n<p data-start=\"1551\" data-end=\"1591\"><strong data-start=\"1551\" data-end=\"1571\">Kits de bateria:<\/strong> 12 estilos de som<\/p>\n<\/li>\n<li data-start=\"1592\" data-end=\"1619\">\n<p data-start=\"1594\" data-end=\"1619\"><strong data-start=\"1594\" data-end=\"1610\">Alimenta\u00e7\u00e3o:<\/strong> USB 9V<\/p>\n<\/li>\n<li data-start=\"1620\" data-end=\"1676\">\n<p data-start=\"1622\" data-end=\"1676\"><strong data-start=\"1622\" data-end=\"1649\">Dimens\u00f5es das baquetas:<\/strong> 0,6\u201d x 11,6\u201d (polegadas)<\/p>\n<\/li>\n<li data-start=\"1677\" data-end=\"1737\">\n<p data-start=\"1679\" data-end=\"1737\"><strong data-start=\"1679\" data-end=\"1722\">Dimens\u00f5es do pad de bateria eletr\u00f4nica:<\/strong> 8\u201d (polegadas)<\/p>\n<\/li>\n<\/ul>\n","protected":false},"excerpt":{"rendered":"<p>Apresentando o Kit Profissional de Bateria Eletr\u00f4nica Pyle com 8 Pe\u00e7as Bateria eletr\u00f4nica profissional com suporte MIDI, sons pr\u00e9-carregados, modo de grava\u00e7\u00e3o, pratos, pedais digitais, m\u00f3dulo de som e baquetas. Compat\u00edvel com Mac e PC. Kit de Bateria de Mesa Sem Complica\u00e7\u00f5es Compacto, port\u00e1til e ultrafino Design exclusivo enrol\u00e1vel (roll-up) para tocar instantaneamente Kits de [&#8230;]\n","protected":false},"featured_media":9079,"comment_status":"open","ping_status":"closed","template":"","meta":[],"product_brand":[],"product_cat":[3788,3790,3786],"product_tag":[],"class_list":{"0":"post-9078","1":"product","2":"type-product","3":"status-publish","4":"has-post-thumbnail","6":"product_cat-accesorios","7":"product_cat-electronica","8":"product_cat-tecnologia","10":"first","11":"instock","12":"taxable","13":"shipping-taxable","14":"purchasable","15":"product-type-simple"},"jetpack_sharing_enabled":true,"_links":{"self":[{"href":"https:\/\/muneka.us\/es\/wp-json\/wp\/v2\/product\/9078","targetHints":{"allow":["GET"]}}],"collection":[{"href":"https:\/\/muneka.us\/es\/wp-json\/wp\/v2\/product"}],"about":[{"href":"https:\/\/muneka.us\/es\/wp-json\/wp\/v2\/types\/product"}],"replies":[{"embeddable":true,"href":"https:\/\/muneka.us\/es\/wp-json\/wp\/v2\/comments?post=9078"}],"wp:featuredmedia":[{"embeddable":true,"href":"https:\/\/muneka.us\/es\/wp-json\/wp\/v2\/media\/9079"}],"wp:attachment":[{"href":"https:\/\/muneka.us\/es\/wp-json\/wp\/v2\/media?parent=9078"}],"wp:term":[{"taxonomy":"product_brand","embeddable":true,"href":"https:\/\/muneka.us\/es\/wp-json\/wp\/v2\/product_brand?post=9078"},{"taxonomy":"product_cat","embeddable":true,"href":"https:\/\/muneka.us\/es\/wp-json\/wp\/v2\/product_cat?post=9078"},{"taxonomy":"product_tag","embeddable":true,"href":"https:\/\/muneka.us\/es\/wp-json\/wp\/v2\/product_tag?post=9078"}],"curies":[{"name":"wp","href":"https:\/\/api.w.org\/{rel}","templated":true}]}}