{"id":9070,"date":"2026-02-05T13:59:17","date_gmt":"2026-02-05T16:59:17","guid":{"rendered":"https:\/\/muneka.us\/product\/boiron-yeastcalm-homeopathic-suppositories-for-yeast-infections-burning-discharge-and-minor-vaginal-itching-7-count\/"},"modified":"2026-02-05T13:59:17","modified_gmt":"2026-02-05T16:59:17","slug":"boiron-yeastcalm-homeopathic-suppositories-for-yeast-infections-burning-discharge-and-minor-vaginal-itching-7-count","status":"publish","type":"product","link":"https:\/\/muneka.us\/es\/producto\/boiron-yeastcalm-homeopathic-suppositories-for-yeast-infections-burning-discharge-and-minor-vaginal-itching-7-count\/","title":{"rendered":"Boiron YeastCalm Homeopathic Suppositories for Yeast Infections, Burning, Discharge, and Minor Vaginal Itching &#8211; 7 Count"},"content":{"rendered":"<h2 data-start=\"82\" data-end=\"147\">\ud83e\ude78 <strong data-start=\"88\" data-end=\"129\">Boiron YeastCalm Homeopathic Suppositories<\/strong> \u2013 7 supposit\u00f3rios<\/h2>\n<h3 data-start=\"149\" data-end=\"167\">\ud83d\udca1 <strong data-start=\"156\" data-end=\"167\">O que \u00e9<\/strong><\/h3>\n<p data-start=\"168\" data-end=\"406\">Suplemento <strong data-start=\"179\" data-end=\"228\">homeop\u00e1tico em forma de suposit\u00f3rios vaginais<\/strong> formulado para aliviar <strong data-start=\"252\" data-end=\"316\">sintomas leves associados a infec\u00e7\u00f5es por levedura (c\u00e2ndida)<\/strong>, como coceira, queima\u00e7\u00e3o, desconforto e corrimento. <span class=\"\" data-state=\"closed\"><\/span><\/p>\n<hr data-start=\"408\" data-end=\"411\">\n<h3 data-start=\"413\" data-end=\"450\">\ud83d\udce6 <strong data-start=\"420\" data-end=\"450\">Principais Caracter\u00edsticas<\/strong><\/h3>\n<p data-start=\"451\" data-end=\"472\"><strong data-start=\"451\" data-end=\"472\">Forma e embalagem<\/strong><\/p>\n<ul data-start=\"473\" data-end=\"667\">\n<li data-start=\"473\" data-end=\"559\">\n<p data-start=\"475\" data-end=\"559\">Cont\u00e9m <strong data-start=\"482\" data-end=\"509\">7 suposit\u00f3rios vaginais<\/strong> \u2014 suficientes para um tratamento de uma semana.<\/p>\n<\/li>\n<li data-start=\"560\" data-end=\"667\">\n<p data-start=\"562\" data-end=\"667\">Acompanha <strong data-start=\"572\" data-end=\"605\">aplicador e folheto educativo<\/strong> para instru\u00e7\u00f5es de uso. <span class=\"\" data-state=\"closed\"><\/span><\/p>\n<\/li>\n<\/ul>\n<p data-start=\"669\" data-end=\"689\"><strong data-start=\"669\" data-end=\"689\">Indica\u00e7\u00e3o de uso<\/strong><\/p>\n<ul data-start=\"690\" data-end=\"966\">\n<li data-start=\"690\" data-end=\"865\">\n<p data-start=\"692\" data-end=\"865\">Indicado para <strong data-start=\"706\" data-end=\"727\">al\u00edvio tempor\u00e1rio<\/strong> de sintomas leves de infec\u00e7\u00e3o vaginal por levedura, como:<br data-start=\"785\" data-end=\"788\"><br \/>\n\u2714 coceira vaginal<br data-start=\"807\" data-end=\"810\"><br \/>\n\u2714 queima\u00e7\u00e3o<br data-start=\"823\" data-end=\"826\"><br \/>\n\u2714 desconforto<br data-start=\"841\" data-end=\"844\"><br \/>\n\u2714 corrimento leve<\/p>\n<\/li>\n<li data-start=\"866\" data-end=\"966\">\n<p data-start=\"868\" data-end=\"966\">Uso noturno para conforto e melhora cont\u00ednua enquanto dorme. <span class=\"\" data-state=\"closed\"><\/span><\/p>\n<\/li>\n<\/ul>\n<p data-start=\"968\" data-end=\"993\"><strong data-start=\"968\" data-end=\"993\">Usu\u00e1rios recomendados<\/strong><\/p>\n<ul data-start=\"994\" data-end=\"1160\">\n<li data-start=\"994\" data-end=\"1041\">\n<p data-start=\"996\" data-end=\"1041\">Adultos e crian\u00e7as <strong data-start=\"1015\" data-end=\"1038\">com 12 anos ou mais<\/strong>.<\/p>\n<\/li>\n<li data-start=\"1042\" data-end=\"1160\">\n<p data-start=\"1044\" data-end=\"1160\">Caso seja a <strong data-start=\"1056\" data-end=\"1091\">primeira vez com esses sintomas<\/strong>, consultar um m\u00e9dico primeiro.<\/p>\n<\/li>\n<\/ul>\n","protected":false},"excerpt":{"rendered":"<p>\ud83e\ude78 Boiron YeastCalm Homeopathic Suppositories \u2013 7 supposit\u00f3rios \ud83d\udca1 O que \u00e9 Suplemento homeop\u00e1tico em forma de suposit\u00f3rios vaginais formulado para aliviar sintomas leves associados a infec\u00e7\u00f5es por levedura (c\u00e2ndida), como coceira, queima\u00e7\u00e3o, desconforto e corrimento. \ud83d\udce6 Principais Caracter\u00edsticas Forma e embalagem Cont\u00e9m 7 suposit\u00f3rios vaginais \u2014 suficientes para um tratamento de uma semana. Acompanha [&#8230;]\n","protected":false},"featured_media":9071,"comment_status":"open","ping_status":"closed","template":"","meta":[],"product_brand":[],"product_cat":[3730,3720],"product_tag":[],"class_list":{"0":"post-9070","1":"product","2":"type-product","3":"status-publish","4":"has-post-thumbnail","6":"product_cat-belleza-y-bienestar","7":"product_cat-salud-bienestar","9":"first","10":"instock","11":"taxable","12":"shipping-taxable","13":"purchasable","14":"product-type-simple"},"jetpack_sharing_enabled":true,"_links":{"self":[{"href":"https:\/\/muneka.us\/es\/wp-json\/wp\/v2\/product\/9070","targetHints":{"allow":["GET"]}}],"collection":[{"href":"https:\/\/muneka.us\/es\/wp-json\/wp\/v2\/product"}],"about":[{"href":"https:\/\/muneka.us\/es\/wp-json\/wp\/v2\/types\/product"}],"replies":[{"embeddable":true,"href":"https:\/\/muneka.us\/es\/wp-json\/wp\/v2\/comments?post=9070"}],"wp:featuredmedia":[{"embeddable":true,"href":"https:\/\/muneka.us\/es\/wp-json\/wp\/v2\/media\/9071"}],"wp:attachment":[{"href":"https:\/\/muneka.us\/es\/wp-json\/wp\/v2\/media?parent=9070"}],"wp:term":[{"taxonomy":"product_brand","embeddable":true,"href":"https:\/\/muneka.us\/es\/wp-json\/wp\/v2\/product_brand?post=9070"},{"taxonomy":"product_cat","embeddable":true,"href":"https:\/\/muneka.us\/es\/wp-json\/wp\/v2\/product_cat?post=9070"},{"taxonomy":"product_tag","embeddable":true,"href":"https:\/\/muneka.us\/es\/wp-json\/wp\/v2\/product_tag?post=9070"}],"curies":[{"name":"wp","href":"https:\/\/api.w.org\/{rel}","templated":true}]}}