{"id":9058,"date":"2026-02-09T16:31:24","date_gmt":"2026-02-09T19:31:24","guid":{"rendered":"https:\/\/muneka.us\/product\/tree-hut-watermelon-moisturizing-body-lotion-ceramide-and-squalene-formula-helps-protect-skin-long-lasting-hydration-leaves-skin-feeling-soft-moisturized-8-5-fl-oz\/"},"modified":"2026-02-09T16:31:24","modified_gmt":"2026-02-09T19:31:24","slug":"tree-hut-watermelon-moisturizing-body-lotion-ceramide-and-squalene-formula-helps-protect-skin-long-lasting-hydration-leaves-skin-feeling-soft-moisturized-8-5-fl-oz","status":"publish","type":"product","link":"https:\/\/muneka.us\/es\/producto\/tree-hut-watermelon-moisturizing-body-lotion-ceramide-and-squalene-formula-helps-protect-skin-long-lasting-hydration-leaves-skin-feeling-soft-moisturized-8-5-fl-oz\/","title":{"rendered":"Tree Hut Watermelon Moisturizing Body Lotion, Ceramide and Squalene Formula Helps Protect Skin, Long-lasting Hydration Leaves Skin Feeling Soft &amp; Moisturized, 8.5 Fl Oz."},"content":{"rendered":"<li data-start=\"215\" data-end=\"238\">\n<p data-start=\"217\" data-end=\"238\"><strong data-start=\"217\" data-end=\"227\">Marca:<\/strong> Tree Hut<\/p>\n<\/li>\n<li data-start=\"239\" data-end=\"292\">\n<p data-start=\"241\" data-end=\"292\"><strong data-start=\"241\" data-end=\"253\">Produto:<\/strong> Lo\u00e7\u00e3o Hidratante Corporal Watermelon<\/p>\n<\/li>\n<li data-start=\"293\" data-end=\"336\">\n<p data-start=\"295\" data-end=\"336\"><strong data-start=\"295\" data-end=\"308\">Conte\u00fado:<\/strong> 8.5 fl oz (aprox. 251 ml)<\/p>\n<\/li>\n<li data-start=\"337\" data-end=\"377\">\n<p data-start=\"339\" data-end=\"377\"><strong data-start=\"339\" data-end=\"354\">Fragr\u00e2ncia:<\/strong> Melancia refrescante<\/p>\n<\/li>\n<li data-start=\"378\" data-end=\"440\">\n<p data-start=\"380\" data-end=\"440\"><strong data-start=\"380\" data-end=\"392\">F\u00f3rmula:<\/strong> Enriquecida com <strong data-start=\"409\" data-end=\"422\">Ceramidas<\/strong> e <strong data-start=\"425\" data-end=\"438\">Esqualano<\/strong><\/p>\n<\/li>\n<li data-start=\"441\" data-end=\"515\">\n<p data-start=\"443\" data-end=\"515\"><strong data-start=\"443\" data-end=\"458\">Hidrata\u00e7\u00e3o:<\/strong> Proporciona <strong data-start=\"471\" data-end=\"513\">hidrata\u00e7\u00e3o profunda e de longa dura\u00e7\u00e3o<\/strong><\/p>\n<\/li>\n<li data-start=\"516\" data-end=\"711\">\n<p data-start=\"518\" data-end=\"547\"><strong data-start=\"518\" data-end=\"545\">Benef\u00edcios para a pele:<\/strong><\/p>\n<ul data-start=\"550\" data-end=\"711\">\n<li data-start=\"550\" data-end=\"601\">\n<p data-start=\"552\" data-end=\"601\">Ajuda a <strong data-start=\"560\" data-end=\"599\">proteger a barreira natural da pele<\/strong><\/p>\n<\/li>\n<li data-start=\"604\" data-end=\"662\">\n<p data-start=\"606\" data-end=\"662\">Deixa a pele <strong data-start=\"619\" data-end=\"660\">macia, suave e visivelmente hidratada<\/strong><\/p>\n<\/li>\n<li data-start=\"665\" data-end=\"711\">\n<p data-start=\"667\" data-end=\"711\">Melhora a textura da pele com uso cont\u00ednuo<\/p>\n<\/li>\n<\/ul>\n<\/li>\n<li data-start=\"712\" data-end=\"765\">\n<p data-start=\"714\" data-end=\"765\"><strong data-start=\"714\" data-end=\"726\">Textura:<\/strong> Leve, de r\u00e1pida absor\u00e7\u00e3o, n\u00e3o oleosa<\/p>\n<\/li>\n<li data-start=\"766\" data-end=\"821\">\n<p data-start=\"768\" data-end=\"821\"><strong data-start=\"768\" data-end=\"782\">Indica\u00e7\u00e3o:<\/strong> Uso di\u00e1rio em todos os tipos de pele<\/p>\n<\/li>\n<li data-start=\"822\" data-end=\"883\">\n<p data-start=\"824\" data-end=\"883\"><strong data-start=\"824\" data-end=\"838\">Resultado:<\/strong> Pele nutrida, hidratada e com toque sedoso<\/p>\n<\/li>\n","protected":false},"excerpt":{"rendered":"<p>Marca: Tree Hut Produto: Lo\u00e7\u00e3o Hidratante Corporal Watermelon Conte\u00fado: 8.5 fl oz (aprox. 251 ml) Fragr\u00e2ncia: Melancia refrescante F\u00f3rmula: Enriquecida com Ceramidas e Esqualano Hidrata\u00e7\u00e3o: Proporciona hidrata\u00e7\u00e3o profunda e de longa dura\u00e7\u00e3o Benef\u00edcios para a pele: Ajuda a proteger a barreira natural da pele Deixa a pele macia, suave e visivelmente hidratada Melhora a textura [&#8230;]\n","protected":false},"featured_media":9059,"comment_status":"open","ping_status":"closed","template":"","meta":[],"product_brand":[],"product_cat":[3730,3720],"product_tag":[],"class_list":{"0":"post-9058","1":"product","2":"type-product","3":"status-publish","4":"has-post-thumbnail","6":"product_cat-belleza-y-bienestar","7":"product_cat-salud-bienestar","9":"first","10":"instock","11":"taxable","12":"shipping-taxable","13":"purchasable","14":"product-type-simple"},"jetpack_sharing_enabled":true,"_links":{"self":[{"href":"https:\/\/muneka.us\/es\/wp-json\/wp\/v2\/product\/9058","targetHints":{"allow":["GET"]}}],"collection":[{"href":"https:\/\/muneka.us\/es\/wp-json\/wp\/v2\/product"}],"about":[{"href":"https:\/\/muneka.us\/es\/wp-json\/wp\/v2\/types\/product"}],"replies":[{"embeddable":true,"href":"https:\/\/muneka.us\/es\/wp-json\/wp\/v2\/comments?post=9058"}],"wp:featuredmedia":[{"embeddable":true,"href":"https:\/\/muneka.us\/es\/wp-json\/wp\/v2\/media\/9059"}],"wp:attachment":[{"href":"https:\/\/muneka.us\/es\/wp-json\/wp\/v2\/media?parent=9058"}],"wp:term":[{"taxonomy":"product_brand","embeddable":true,"href":"https:\/\/muneka.us\/es\/wp-json\/wp\/v2\/product_brand?post=9058"},{"taxonomy":"product_cat","embeddable":true,"href":"https:\/\/muneka.us\/es\/wp-json\/wp\/v2\/product_cat?post=9058"},{"taxonomy":"product_tag","embeddable":true,"href":"https:\/\/muneka.us\/es\/wp-json\/wp\/v2\/product_tag?post=9058"}],"curies":[{"name":"wp","href":"https:\/\/api.w.org\/{rel}","templated":true}]}}