{"id":9054,"date":"2026-02-09T16:33:57","date_gmt":"2026-02-09T19:33:57","guid":{"rendered":"https:\/\/muneka.us\/product\/tree-hut-pink-hibiscus-moisturizing-body-lotion-ceramide-and-squalene-formula-helps-protect-skin-long-lasting-hydration-leaves-skin-feeling-soft-moisturized-8-5-fl-oz\/"},"modified":"2026-03-04T17:17:59","modified_gmt":"2026-03-04T20:17:59","slug":"tree-hut-pink-hibiscus-moisturizing-body-lotion-ceramide-and-squalene-formula-helps-protect-skin-long-lasting-hydration-leaves-skin-feeling-soft-moisturized-8-5-fl-oz","status":"publish","type":"product","link":"https:\/\/muneka.us\/es\/producto\/tree-hut-pink-hibiscus-moisturizing-body-lotion-ceramide-and-squalene-formula-helps-protect-skin-long-lasting-hydration-leaves-skin-feeling-soft-moisturized-8-5-fl-oz\/","title":{"rendered":"Tree Hut Pink Hibiscus Moisturizing Body Lotion, Ceramide and Squalene Formula Helps Protect Skin, Long-lasting Hydration Leaves Skin Feeling Soft &amp; Moisturized, 8.5 fl oz"},"content":{"rendered":"<li data-start=\"160\" data-end=\"183\">\n<p data-start=\"162\" data-end=\"183\"><strong data-start=\"162\" data-end=\"172\">Marca:<\/strong> Tree Hut<\/p>\n<\/li>\n<li data-start=\"184\" data-end=\"240\">\n<p data-start=\"186\" data-end=\"240\"><strong data-start=\"186\" data-end=\"198\">Produto:<\/strong> Lo\u00e7\u00e3o Hidratante Corporal Pink Hibiscus<\/p>\n<\/li>\n<li data-start=\"241\" data-end=\"284\">\n<p data-start=\"243\" data-end=\"284\"><strong data-start=\"243\" data-end=\"256\">Conte\u00fado:<\/strong> 8.5 fl oz (aprox. 251 ml)<\/p>\n<\/li>\n<li data-start=\"285\" data-end=\"345\">\n<p data-start=\"287\" data-end=\"345\"><strong data-start=\"287\" data-end=\"302\">Fragr\u00e2ncia:<\/strong> Hibisco rosa, floral suave e refrescante<\/p>\n<\/li>\n<li data-start=\"346\" data-end=\"408\">\n<p data-start=\"348\" data-end=\"408\"><strong data-start=\"348\" data-end=\"360\">F\u00f3rmula:<\/strong> Enriquecida com <strong data-start=\"377\" data-end=\"390\">Ceramidas<\/strong> e <strong data-start=\"393\" data-end=\"406\">Esqualano<\/strong><\/p>\n<\/li>\n<li data-start=\"409\" data-end=\"470\">\n<p data-start=\"411\" data-end=\"470\"><strong data-start=\"411\" data-end=\"426\">Hidrata\u00e7\u00e3o:<\/strong> <strong data-start=\"427\" data-end=\"468\">Hidrata\u00e7\u00e3o intensa e de longa dura\u00e7\u00e3o<\/strong><\/p>\n<\/li>\n<li data-start=\"471\" data-end=\"684\">\n<p data-start=\"473\" data-end=\"502\"><strong data-start=\"473\" data-end=\"500\">Benef\u00edcios para a pele:<\/strong><\/p>\n<ul data-start=\"505\" data-end=\"684\">\n<li data-start=\"505\" data-end=\"569\">\n<p data-start=\"507\" data-end=\"569\">Ajuda a <strong data-start=\"515\" data-end=\"567\">proteger e fortalecer a barreira natural da pele<\/strong><\/p>\n<\/li>\n<li data-start=\"572\" data-end=\"631\">\n<p data-start=\"574\" data-end=\"631\">Deixa a pele <strong data-start=\"587\" data-end=\"629\">macia, suave e profundamente hidratada<\/strong><\/p>\n<\/li>\n<li data-start=\"634\" data-end=\"684\">\n<p data-start=\"636\" data-end=\"684\">Contribui para uma pele com apar\u00eancia saud\u00e1vel<\/p>\n<\/li>\n<\/ul>\n<\/li>\n<li data-start=\"685\" data-end=\"739\">\n<p data-start=\"687\" data-end=\"739\"><strong data-start=\"687\" data-end=\"699\">Textura:<\/strong> Leve, n\u00e3o oleosa e de r\u00e1pida absor\u00e7\u00e3o<\/p>\n<\/li>\n<li data-start=\"740\" data-end=\"807\">\n<p data-start=\"742\" data-end=\"807\"><strong data-start=\"742\" data-end=\"756\">Indica\u00e7\u00e3o:<\/strong> Uso di\u00e1rio, indicado para todos os tipos de pele<\/p>\n<\/li>\n<li data-start=\"808\" data-end=\"877\">\n<p data-start=\"810\" data-end=\"877\"><strong data-start=\"810\" data-end=\"824\">Resultado:<\/strong> Pele nutrida, hidratada e perfumada por mais tempo<\/p>\n<\/li>\n","protected":false},"excerpt":{"rendered":"<p>Marca: Tree Hut Produto: Lo\u00e7\u00e3o Hidratante Corporal Pink Hibiscus Conte\u00fado: 8.5 fl oz (aprox. 251 ml) Fragr\u00e2ncia: Hibisco rosa, floral suave e refrescante F\u00f3rmula: Enriquecida com Ceramidas e Esqualano Hidrata\u00e7\u00e3o: Hidrata\u00e7\u00e3o intensa e de longa dura\u00e7\u00e3o Benef\u00edcios para a pele: Ajuda a proteger e fortalecer a barreira natural da pele Deixa a pele macia, suave [&#8230;]\n","protected":false},"featured_media":9901,"comment_status":"open","ping_status":"closed","template":"","meta":[],"product_brand":[],"product_cat":[3730,3720],"product_tag":[],"class_list":{"0":"post-9054","1":"product","2":"type-product","3":"status-publish","4":"has-post-thumbnail","6":"product_cat-belleza-y-bienestar","7":"product_cat-salud-bienestar","9":"first","10":"outofstock","11":"taxable","12":"shipping-taxable","13":"purchasable","14":"product-type-simple"},"jetpack_sharing_enabled":true,"_links":{"self":[{"href":"https:\/\/muneka.us\/es\/wp-json\/wp\/v2\/product\/9054","targetHints":{"allow":["GET"]}}],"collection":[{"href":"https:\/\/muneka.us\/es\/wp-json\/wp\/v2\/product"}],"about":[{"href":"https:\/\/muneka.us\/es\/wp-json\/wp\/v2\/types\/product"}],"replies":[{"embeddable":true,"href":"https:\/\/muneka.us\/es\/wp-json\/wp\/v2\/comments?post=9054"}],"wp:featuredmedia":[{"embeddable":true,"href":"https:\/\/muneka.us\/es\/wp-json\/wp\/v2\/media\/9901"}],"wp:attachment":[{"href":"https:\/\/muneka.us\/es\/wp-json\/wp\/v2\/media?parent=9054"}],"wp:term":[{"taxonomy":"product_brand","embeddable":true,"href":"https:\/\/muneka.us\/es\/wp-json\/wp\/v2\/product_brand?post=9054"},{"taxonomy":"product_cat","embeddable":true,"href":"https:\/\/muneka.us\/es\/wp-json\/wp\/v2\/product_cat?post=9054"},{"taxonomy":"product_tag","embeddable":true,"href":"https:\/\/muneka.us\/es\/wp-json\/wp\/v2\/product_tag?post=9054"}],"curies":[{"name":"wp","href":"https:\/\/api.w.org\/{rel}","templated":true}]}}