{"id":9042,"date":"2026-02-09T16:44:38","date_gmt":"2026-02-09T19:44:38","guid":{"rendered":"https:\/\/muneka.us\/product\/dove-body-wash-with-pump-glow-mango-almond-butter-for-24hr-lotion-soft-skin-moisturizing-skin-cleanser-with-no-sulfates-no-parabens-30-6-oz\/"},"modified":"2026-02-09T16:44:38","modified_gmt":"2026-02-09T19:44:38","slug":"dove-body-wash-with-pump-glow-mango-almond-butter-for-24hr-lotion-soft-skin-moisturizing-skin-cleanser-with-no-sulfates-no-parabens-30-6-oz","status":"publish","type":"product","link":"https:\/\/muneka.us\/es\/producto\/dove-body-wash-with-pump-glow-mango-almond-butter-for-24hr-lotion-soft-skin-moisturizing-skin-cleanser-with-no-sulfates-no-parabens-30-6-oz\/","title":{"rendered":"Dove Body Wash with Pump Glow Mango &amp; Almond Butter For 24hr Lotion-Soft Skin Moisturizing Skin Cleanser with No Sulfates No Parabens 30.6 oz"},"content":{"rendered":"<li data-start=\"200\" data-end=\"219\">\n<p data-start=\"202\" data-end=\"219\"><strong data-start=\"202\" data-end=\"212\">Marca:<\/strong> Dove<\/p>\n<\/li>\n<li data-start=\"220\" data-end=\"270\">\n<p data-start=\"222\" data-end=\"270\"><strong data-start=\"222\" data-end=\"234\">Produto:<\/strong> Body Wash (Sabonete L\u00edquido) Glow<\/p>\n<\/li>\n<li data-start=\"271\" data-end=\"321\">\n<p data-start=\"273\" data-end=\"321\"><strong data-start=\"273\" data-end=\"285\">Formato:<\/strong> Com pump (bomba) para uso pr\u00e1tico<\/p>\n<\/li>\n<li data-start=\"322\" data-end=\"367\">\n<p data-start=\"324\" data-end=\"367\"><strong data-start=\"324\" data-end=\"337\">Conte\u00fado:<\/strong> <strong data-start=\"338\" data-end=\"349\">30.6 oz<\/strong> (aprox. 907 ml)<\/p>\n<\/li>\n<li data-start=\"368\" data-end=\"442\">\n<p data-start=\"370\" data-end=\"442\"><strong data-start=\"370\" data-end=\"385\">Fragr\u00e2ncia:<\/strong> Manga com manteiga de am\u00eandoas (aroma doce e tropical)<\/p>\n<\/li>\n<li data-start=\"443\" data-end=\"591\">\n<p data-start=\"445\" data-end=\"462\"><strong data-start=\"445\" data-end=\"460\">Benef\u00edcios:<\/strong><\/p>\n<ul data-start=\"465\" data-end=\"591\">\n<li data-start=\"465\" data-end=\"500\">\n<p data-start=\"467\" data-end=\"500\"><strong data-start=\"467\" data-end=\"498\">Hidrata\u00e7\u00e3o por at\u00e9 24 horas<\/strong><\/p>\n<\/li>\n<li data-start=\"503\" data-end=\"558\">\n<p data-start=\"505\" data-end=\"558\">Deixa a pele <strong data-start=\"518\" data-end=\"556\">macia, suave e com efeito de lo\u00e7\u00e3o<\/strong><\/p>\n<\/li>\n<li data-start=\"561\" data-end=\"591\">\n<p data-start=\"563\" data-end=\"591\">Limpeza suave sem ressecar<\/p>\n<\/li>\n<\/ul>\n<\/li>\n<li data-start=\"592\" data-end=\"740\">\n<p data-start=\"594\" data-end=\"624\"><strong data-start=\"594\" data-end=\"622\">Principais ingredientes:<\/strong><\/p>\n<ul data-start=\"627\" data-end=\"740\">\n<li data-start=\"627\" data-end=\"680\">\n<p data-start=\"629\" data-end=\"680\"><strong data-start=\"629\" data-end=\"653\">Manteiga de Am\u00eandoas<\/strong> (nutre e suaviza a pele)<\/p>\n<\/li>\n<li data-start=\"683\" data-end=\"740\">\n<p data-start=\"685\" data-end=\"740\">Extrato de <strong data-start=\"696\" data-end=\"705\">manga<\/strong> (cheiro delicioso e refrescante)<\/p>\n<\/li>\n<\/ul>\n<\/li>\n<li data-start=\"741\" data-end=\"804\">\n<p data-start=\"743\" data-end=\"757\"><strong data-start=\"743\" data-end=\"755\">F\u00f3rmula:<\/strong><\/p>\n<ul data-start=\"760\" data-end=\"804\">\n<li data-start=\"760\" data-end=\"780\">\n<p data-start=\"762\" data-end=\"780\"><strong data-start=\"762\" data-end=\"778\">Sem sulfatos<\/strong><\/p>\n<\/li>\n<li data-start=\"783\" data-end=\"804\">\n<p data-start=\"785\" data-end=\"804\"><strong data-start=\"785\" data-end=\"802\">Sem parabenos<\/strong><\/p>\n<\/li>\n<\/ul>\n<\/li>\n<li data-start=\"805\" data-end=\"865\">\n<p data-start=\"807\" data-end=\"865\"><strong data-start=\"807\" data-end=\"821\">Indica\u00e7\u00e3o:<\/strong> Para uso di\u00e1rio em todos os tipos de pele<\/p>\n<\/li>\n<li data-start=\"866\" data-end=\"939\">\n<p data-start=\"868\" data-end=\"939\"><strong data-start=\"868\" data-end=\"882\">Resultado:<\/strong> Pele limpa, hidratada, perfumada e com toque aveludado<\/p>\n<\/li>\n","protected":false},"excerpt":{"rendered":"<p>Marca: Dove Produto: Body Wash (Sabonete L\u00edquido) Glow Formato: Com pump (bomba) para uso pr\u00e1tico Conte\u00fado: 30.6 oz (aprox. 907 ml) Fragr\u00e2ncia: Manga com manteiga de am\u00eandoas (aroma doce e tropical) Benef\u00edcios: Hidrata\u00e7\u00e3o por at\u00e9 24 horas Deixa a pele macia, suave e com efeito de lo\u00e7\u00e3o Limpeza suave sem ressecar Principais ingredientes: Manteiga de [&#8230;]\n","protected":false},"featured_media":9043,"comment_status":"open","ping_status":"closed","template":"","meta":[],"product_brand":[],"product_cat":[3730,3720,3811],"product_tag":[],"class_list":{"0":"post-9042","1":"product","2":"type-product","3":"status-publish","4":"has-post-thumbnail","6":"product_cat-belleza-y-bienestar","7":"product_cat-salud-bienestar","8":"product_cat-higiene-e-cuidados","10":"first","11":"instock","12":"taxable","13":"shipping-taxable","14":"purchasable","15":"product-type-simple"},"jetpack_sharing_enabled":true,"_links":{"self":[{"href":"https:\/\/muneka.us\/es\/wp-json\/wp\/v2\/product\/9042","targetHints":{"allow":["GET"]}}],"collection":[{"href":"https:\/\/muneka.us\/es\/wp-json\/wp\/v2\/product"}],"about":[{"href":"https:\/\/muneka.us\/es\/wp-json\/wp\/v2\/types\/product"}],"replies":[{"embeddable":true,"href":"https:\/\/muneka.us\/es\/wp-json\/wp\/v2\/comments?post=9042"}],"wp:featuredmedia":[{"embeddable":true,"href":"https:\/\/muneka.us\/es\/wp-json\/wp\/v2\/media\/9043"}],"wp:attachment":[{"href":"https:\/\/muneka.us\/es\/wp-json\/wp\/v2\/media?parent=9042"}],"wp:term":[{"taxonomy":"product_brand","embeddable":true,"href":"https:\/\/muneka.us\/es\/wp-json\/wp\/v2\/product_brand?post=9042"},{"taxonomy":"product_cat","embeddable":true,"href":"https:\/\/muneka.us\/es\/wp-json\/wp\/v2\/product_cat?post=9042"},{"taxonomy":"product_tag","embeddable":true,"href":"https:\/\/muneka.us\/es\/wp-json\/wp\/v2\/product_tag?post=9042"}],"curies":[{"name":"wp","href":"https:\/\/api.w.org\/{rel}","templated":true}]}}