{"id":9038,"date":"2026-02-09T16:52:49","date_gmt":"2026-02-09T19:52:49","guid":{"rendered":"https:\/\/muneka.us\/product\/handcraft-blends-moroccan-argan-oil-8-fl-oz-100-pure-and-natural-premium-grade-carrier-oil-for-skin-and-hair-hair-and-body-massage-cold-pressed\/"},"modified":"2026-02-09T16:52:49","modified_gmt":"2026-02-09T19:52:49","slug":"handcraft-blends-moroccan-argan-oil-8-fl-oz-100-pure-and-natural-premium-grade-carrier-oil-for-skin-and-hair-hair-and-body-massage-cold-pressed","status":"publish","type":"product","link":"https:\/\/muneka.us\/es\/producto\/handcraft-blends-moroccan-argan-oil-8-fl-oz-100-pure-and-natural-premium-grade-carrier-oil-for-skin-and-hair-hair-and-body-massage-cold-pressed\/","title":{"rendered":"Handcraft Blends Moroccan Argan Oil &#8211; 8 Fl Oz &#8211; 100% Pure and Natural &#8211; Premium Grade Carrier Oil for Skin and Hair &#8211; Hair and Body &#8211; Massage &#8211; Cold-Pressed"},"content":{"rendered":"<li data-start=\"192\" data-end=\"223\">\n<p data-start=\"194\" data-end=\"223\"><strong data-start=\"194\" data-end=\"204\">Marca:<\/strong> Handcraft Blends<\/p>\n<\/li>\n<li data-start=\"224\" data-end=\"265\">\n<p data-start=\"226\" data-end=\"265\"><strong data-start=\"226\" data-end=\"238\">Produto:<\/strong> \u00d3leo de Argan Marroquino<\/p>\n<\/li>\n<li data-start=\"266\" data-end=\"313\">\n<p data-start=\"268\" data-end=\"313\"><strong data-start=\"268\" data-end=\"283\">Quantidade:<\/strong> <strong data-start=\"284\" data-end=\"295\">8 fl oz<\/strong> (aprox. 237 ml)<\/p>\n<\/li>\n<li data-start=\"314\" data-end=\"356\">\n<p data-start=\"316\" data-end=\"356\"><strong data-start=\"316\" data-end=\"330\">Qualidade:<\/strong> <strong data-start=\"331\" data-end=\"354\">100% puro e natural<\/strong><\/p>\n<\/li>\n<li data-start=\"357\" data-end=\"436\">\n<p data-start=\"359\" data-end=\"436\"><strong data-start=\"359\" data-end=\"373\">Categoria:<\/strong> <strong data-start=\"374\" data-end=\"398\">\u00d3leo carrier premium<\/strong> (base para diluir \u00f3leos essenciais)<\/p>\n<\/li>\n<li data-start=\"437\" data-end=\"500\">\n<p data-start=\"439\" data-end=\"500\"><strong data-start=\"439\" data-end=\"462\">M\u00e9todo de Extra\u00e7\u00e3o:<\/strong> <strong data-start=\"463\" data-end=\"479\">Cold-Pressed<\/strong> (prensagem a frio)<\/p>\n<\/li>\n<li data-start=\"501\" data-end=\"624\">\n<p data-start=\"503\" data-end=\"513\"><strong data-start=\"503\" data-end=\"511\">Uso:<\/strong><\/p>\n<ul data-start=\"516\" data-end=\"624\">\n<li data-start=\"516\" data-end=\"542\">\n<p data-start=\"518\" data-end=\"542\">Para <strong data-start=\"523\" data-end=\"540\">pele e cabelo<\/strong><\/p>\n<\/li>\n<li data-start=\"545\" data-end=\"624\">\n<p data-start=\"547\" data-end=\"624\">Pode ser usado como <strong data-start=\"567\" data-end=\"622\">\u00f3leo corporal, para massagem, ou tratamento capilar<\/strong><\/p>\n<\/li>\n<\/ul>\n<\/li>\n<li data-start=\"625\" data-end=\"808\">\n<p data-start=\"627\" data-end=\"644\"><strong data-start=\"627\" data-end=\"642\">Benef\u00edcios:<\/strong><\/p>\n<ul data-start=\"647\" data-end=\"808\">\n<li data-start=\"647\" data-end=\"680\">\n<p data-start=\"649\" data-end=\"680\">Nutre e hidrata profundamente<\/p>\n<\/li>\n<li data-start=\"683\" data-end=\"730\">\n<p data-start=\"685\" data-end=\"730\">Ajuda a restaurar brilho e maciez ao cabelo<\/p>\n<\/li>\n<li data-start=\"733\" data-end=\"760\">\n<p data-start=\"735\" data-end=\"760\">Suaviza e amacia a pele<\/p>\n<\/li>\n<li data-start=\"763\" data-end=\"808\">\n<p data-start=\"765\" data-end=\"808\">Ajuda na redu\u00e7\u00e3o do frizz e pontas duplas<\/p>\n<\/li>\n<\/ul>\n<\/li>\n<li data-start=\"809\" data-end=\"873\">\n<p data-start=\"811\" data-end=\"873\"><strong data-start=\"811\" data-end=\"825\">Indica\u00e7\u00e3o:<\/strong> Adequado para todos os tipos de pele e cabelo<\/p>\n<\/li>\n<li data-start=\"874\" data-end=\"957\">\n<p data-start=\"876\" data-end=\"957\"><strong data-start=\"876\" data-end=\"890\">Resultado:<\/strong> Pele e cabelos mais <strong data-start=\"911\" data-end=\"957\">saud\u00e1veis, hidratados e com brilho natural<\/strong><\/p>\n<\/li>\n","protected":false},"excerpt":{"rendered":"<p>Marca: Handcraft Blends Produto: \u00d3leo de Argan Marroquino Quantidade: 8 fl oz (aprox. 237 ml) Qualidade: 100% puro e natural Categoria: \u00d3leo carrier premium (base para diluir \u00f3leos essenciais) M\u00e9todo de Extra\u00e7\u00e3o: Cold-Pressed (prensagem a frio) Uso: Para pele e cabelo Pode ser usado como \u00f3leo corporal, para massagem, ou tratamento capilar Benef\u00edcios: Nutre e [&#8230;]\n","protected":false},"featured_media":9039,"comment_status":"open","ping_status":"closed","template":"","meta":[],"product_brand":[],"product_cat":[3730,3720],"product_tag":[],"class_list":{"0":"post-9038","1":"product","2":"type-product","3":"status-publish","4":"has-post-thumbnail","6":"product_cat-belleza-y-bienestar","7":"product_cat-salud-bienestar","9":"first","10":"instock","11":"taxable","12":"shipping-taxable","13":"purchasable","14":"product-type-simple"},"jetpack_sharing_enabled":true,"_links":{"self":[{"href":"https:\/\/muneka.us\/es\/wp-json\/wp\/v2\/product\/9038","targetHints":{"allow":["GET"]}}],"collection":[{"href":"https:\/\/muneka.us\/es\/wp-json\/wp\/v2\/product"}],"about":[{"href":"https:\/\/muneka.us\/es\/wp-json\/wp\/v2\/types\/product"}],"replies":[{"embeddable":true,"href":"https:\/\/muneka.us\/es\/wp-json\/wp\/v2\/comments?post=9038"}],"wp:featuredmedia":[{"embeddable":true,"href":"https:\/\/muneka.us\/es\/wp-json\/wp\/v2\/media\/9039"}],"wp:attachment":[{"href":"https:\/\/muneka.us\/es\/wp-json\/wp\/v2\/media?parent=9038"}],"wp:term":[{"taxonomy":"product_brand","embeddable":true,"href":"https:\/\/muneka.us\/es\/wp-json\/wp\/v2\/product_brand?post=9038"},{"taxonomy":"product_cat","embeddable":true,"href":"https:\/\/muneka.us\/es\/wp-json\/wp\/v2\/product_cat?post=9038"},{"taxonomy":"product_tag","embeddable":true,"href":"https:\/\/muneka.us\/es\/wp-json\/wp\/v2\/product_tag?post=9038"}],"curies":[{"name":"wp","href":"https:\/\/api.w.org\/{rel}","templated":true}]}}