{"id":9018,"date":"2026-02-09T18:47:05","date_gmt":"2026-02-09T21:47:05","guid":{"rendered":"https:\/\/muneka.us\/product\/wd-40-specialist-penetrant-with-smart-straw-penetrant-for-metal-rubber-and-plastic-threads-locks-and-nuts-industrial-strength-fast-acting-formula-11-oz\/"},"modified":"2026-02-09T18:47:05","modified_gmt":"2026-02-09T21:47:05","slug":"wd-40-specialist-penetrant-with-smart-straw-penetrant-for-metal-rubber-and-plastic-threads-locks-and-nuts-industrial-strength-fast-acting-formula-11-oz","status":"publish","type":"product","link":"https:\/\/muneka.us\/es\/producto\/wd-40-specialist-penetrant-with-smart-straw-penetrant-for-metal-rubber-and-plastic-threads-locks-and-nuts-industrial-strength-fast-acting-formula-11-oz\/","title":{"rendered":"WD-40 Specialist Penetrant with Smart Straw, Penetrant for Metal, Rubber and Plastic Threads, Locks and Nuts, Industrial Strength Fast-Acting Formula, 11 Oz."},"content":{"rendered":"<ul data-start=\"254\" data-end=\"821\">\n<li data-start=\"254\" data-end=\"386\">\n<p data-start=\"256\" data-end=\"386\">\u00f3rmula de a\u00e7\u00e3o r\u00e1pida que quebra ferrugem e corros\u00e3o que travam pe\u00e7as e deixa uma camada protetora que previne corros\u00e3o futura.<\/p>\n<\/li>\n<li data-start=\"387\" data-end=\"511\">\n<p data-start=\"389\" data-end=\"511\">Se est\u00e1 preso, o WD-40 Specialist Penetrant pode ajudar \u2014 porcas, parafusos, roscas, fechaduras, correntes e muito mais.<\/p>\n<\/li>\n<li data-start=\"512\" data-end=\"690\">\n<p data-start=\"514\" data-end=\"690\">Alcan\u00e7a at\u00e9 as menores fendas entre roscas ou cobre grandes \u00e1reas com facilidade, gra\u00e7as ao Smart Straw que pulveriza de 2 maneiras: Regular ou Preciso, Amplo ou Direcionado.<\/p>\n<\/li>\n<li data-start=\"691\" data-end=\"821\">\n<p data-start=\"693\" data-end=\"821\">Especialistas ao redor do mundo confiam na f\u00f3rmula WD-40 Specialist para entregar prote\u00e7\u00e3o de n\u00edvel profissional todas as vezes.<\/p>\n<\/li>\n<\/ul>\n","protected":false},"excerpt":{"rendered":"<p>\u00f3rmula de a\u00e7\u00e3o r\u00e1pida que quebra ferrugem e corros\u00e3o que travam pe\u00e7as e deixa uma camada protetora que previne corros\u00e3o futura. Se est\u00e1 preso, o WD-40 Specialist Penetrant pode ajudar \u2014 porcas, parafusos, roscas, fechaduras, correntes e muito mais. Alcan\u00e7a at\u00e9 as menores fendas entre roscas ou cobre grandes \u00e1reas com facilidade, gra\u00e7as ao Smart [&#8230;]\n","protected":false},"featured_media":9019,"comment_status":"open","ping_status":"closed","template":"","meta":[],"product_brand":[],"product_cat":[3798,3796],"product_tag":[],"class_list":{"0":"post-9018","1":"product","2":"type-product","3":"status-publish","4":"has-post-thumbnail","6":"product_cat-herramientas","7":"product_cat-utilidades-y-herramientas","9":"first","10":"instock","11":"taxable","12":"shipping-taxable","13":"purchasable","14":"product-type-simple"},"jetpack_sharing_enabled":true,"_links":{"self":[{"href":"https:\/\/muneka.us\/es\/wp-json\/wp\/v2\/product\/9018","targetHints":{"allow":["GET"]}}],"collection":[{"href":"https:\/\/muneka.us\/es\/wp-json\/wp\/v2\/product"}],"about":[{"href":"https:\/\/muneka.us\/es\/wp-json\/wp\/v2\/types\/product"}],"replies":[{"embeddable":true,"href":"https:\/\/muneka.us\/es\/wp-json\/wp\/v2\/comments?post=9018"}],"wp:featuredmedia":[{"embeddable":true,"href":"https:\/\/muneka.us\/es\/wp-json\/wp\/v2\/media\/9019"}],"wp:attachment":[{"href":"https:\/\/muneka.us\/es\/wp-json\/wp\/v2\/media?parent=9018"}],"wp:term":[{"taxonomy":"product_brand","embeddable":true,"href":"https:\/\/muneka.us\/es\/wp-json\/wp\/v2\/product_brand?post=9018"},{"taxonomy":"product_cat","embeddable":true,"href":"https:\/\/muneka.us\/es\/wp-json\/wp\/v2\/product_cat?post=9018"},{"taxonomy":"product_tag","embeddable":true,"href":"https:\/\/muneka.us\/es\/wp-json\/wp\/v2\/product_tag?post=9018"}],"curies":[{"name":"wp","href":"https:\/\/api.w.org\/{rel}","templated":true}]}}