{"id":8988,"date":"2026-02-10T16:49:23","date_gmt":"2026-02-10T19:49:23","guid":{"rendered":"https:\/\/muneka.us\/product\/accesorio-para-batidora-de-pie-kitchenaid-ksmvsa-fresadora-de-preparacion-cortadora\/"},"modified":"2026-02-24T11:43:03","modified_gmt":"2026-02-24T14:43:03","slug":"accesorio-para-batidora-de-pie-kitchenaid-ksmvsa-fresadora-de-preparacion-cortadora","status":"publish","type":"product","link":"https:\/\/muneka.us\/es\/producto\/accesorio-para-batidora-de-pie-kitchenaid-ksmvsa-fresadora-de-preparacion-cortadora\/","title":{"rendered":"Accesorio para batidora de pie KitchenAid, KSMVSA Fresadora de Preparaci\u00f3n\/Cortadora"},"content":{"rendered":"<p>Aqu\u00ed est\u00e1 la <strong>descripci\u00f3n\/caracter\u00edsticas en portugu\u00e9s<\/strong>:<\/p>\n<ul>\n<li>\n<p><strong>Accesorio para batidora de pie KitchenAid<\/strong><\/p>\n<\/li>\n<li>\n<p>Modelo <strong>KSMVSA Fresh Prep Slicer\/Shredder<\/strong><\/p>\n<\/li>\n<li>\n<p>Ideal para <strong>cortar y rallar comida<\/strong> r\u00e1pida y c\u00f3modamente<\/p>\n<\/li>\n<li>\n<p><strong>Se conecta directamente a la batidora de pie KitchenAid<\/strong><\/p>\n<\/li>\n<li>\n<p>Facilita la preparaci\u00f3n de verduras, frutas, quesos y otros ingredientes<\/p>\n<\/li>\n<li>\n<p>Dise\u00f1o pr\u00e1ctico, f\u00e1cil de montar, usar y limpiar<\/p>\n<\/li>\n<\/ul>\n<p><\/p>\n","protected":false},"excerpt":{"rendered":"<p>Aqu\u00ed est\u00e1 la descripci\u00f3n\/caracter\u00edsticas en portugu\u00e9s: Accesorio para batidora de pie KitchenAid Modelo KSMVSA Fresh Prep Slicer\/Shredder Ideal para cortar y rallar comida r\u00e1pida y c\u00f3modamente Se conecta directamente a la batidora de pie KitchenAid Facilita la preparaci\u00f3n de verduras, frutas, quesos y otros ingredientes Dise\u00f1o pr\u00e1ctico, f\u00e1cil de montar, usar y limpiar<\/p>\n","protected":false},"featured_media":9811,"comment_status":"open","ping_status":"closed","template":"","meta":{"_crdt_document":"","advanced_seo_description":"","jetpack_seo_html_title":"","jetpack_seo_noindex":false},"product_brand":[],"product_cat":[3772,3770],"product_tag":[],"class_list":["post-8988","product","type-product","status-publish","has-post-thumbnail","product_cat-cocina","product_cat-hogar-y-decoracion","first","instock","taxable","shipping-taxable","purchasable","product-type-simple"],"jetpack_sharing_enabled":true,"_links":{"self":[{"href":"https:\/\/muneka.us\/es\/wp-json\/wp\/v2\/product\/8988","targetHints":{"allow":["GET"]}}],"collection":[{"href":"https:\/\/muneka.us\/es\/wp-json\/wp\/v2\/product"}],"about":[{"href":"https:\/\/muneka.us\/es\/wp-json\/wp\/v2\/types\/product"}],"replies":[{"embeddable":true,"href":"https:\/\/muneka.us\/es\/wp-json\/wp\/v2\/comments?post=8988"}],"wp:featuredmedia":[{"embeddable":true,"href":"https:\/\/muneka.us\/es\/wp-json\/wp\/v2\/media\/9811"}],"wp:attachment":[{"href":"https:\/\/muneka.us\/es\/wp-json\/wp\/v2\/media?parent=8988"}],"wp:term":[{"taxonomy":"product_brand","embeddable":true,"href":"https:\/\/muneka.us\/es\/wp-json\/wp\/v2\/product_brand?post=8988"},{"taxonomy":"product_cat","embeddable":true,"href":"https:\/\/muneka.us\/es\/wp-json\/wp\/v2\/product_cat?post=8988"},{"taxonomy":"product_tag","embeddable":true,"href":"https:\/\/muneka.us\/es\/wp-json\/wp\/v2\/product_tag?post=8988"}],"curies":[{"name":"wp","href":"https:\/\/api.w.org\/{rel}","templated":true}]}}