{"id":8983,"date":"2026-02-10T12:42:07","date_gmt":"2026-02-10T15:42:07","guid":{"rendered":"https:\/\/muneka.us\/product\/tree-hut-meyow-manteca-corporal-batida-de-karite-hojas-de-hidratacion-duradera-piel-suave-e-hidratada-ligera-nutritiva-cuidado-esencial-del-cuerpo-aroma-edicion-limitada-84-fl-oz\/"},"modified":"2026-02-24T11:43:00","modified_gmt":"2026-02-24T14:43:00","slug":"tree-hut-meyow-manteca-corporal-batida-de-karite-hojas-de-hidratacion-duradera-piel-suave-e-hidratada-ligera-nutritiva-cuidado-esencial-del-cuerpo-aroma-edicion-limitada-84-fl-oz","status":"publish","type":"product","link":"https:\/\/muneka.us\/es\/producto\/tree-hut-meyow-manteca-corporal-batida-de-karite-hojas-de-hidratacion-duradera-piel-suave-e-hidratada-ligera-nutritiva-cuidado-esencial-del-cuerpo-aroma-edicion-limitada-84-fl-oz\/","title":{"rendered":"Tree Hut Meyow Manteca corporal batida de karit\u00e9, hojas de hidrataci\u00f3n duradera, piel suave e hidratada, ligera, nutritiva, cuidado esencial del cuerpo, aroma edici\u00f3n limitada, 8,4 fl oz."},"content":{"rendered":"<li data-start=\"57\" data-end=\"110\">\n<p data-start=\"59\" data-end=\"110\"><strong data-start=\"59\" data-end=\"108\">Tree Hut Meyow Manteca Corporal de Karit\u00e9 Batida<\/strong><\/p>\n<\/li>\n<li data-start=\"111\" data-end=\"175\">\n<p data-start=\"113\" data-end=\"175\"><strong data-start=\"113\" data-end=\"137\">Hidrataci\u00f3n duradera<\/strong>, deja <strong data-start=\"152\" data-end=\"173\">la piel suave e hidratada<\/strong><\/p>\n<\/li>\n<li data-start=\"176\" data-end=\"215\">\n<p data-start=\"178\" data-end=\"215\"><strong data-start=\"186\" data-end=\"213\">Textura ligera y aireada (batido)<\/strong><\/p>\n<\/li>\n<li data-start=\"216\" data-end=\"277\">\n<p data-start=\"218\" data-end=\"277\"><strong data-start=\"218\" data-end=\"231\">Nutritivo<\/strong>, adecuado para el cuidado esencial del cuerpo<\/p>\n<\/li>\n<li data-start=\"278\" data-end=\"312\">\n<p data-start=\"280\" data-end=\"312\"><strong data-start=\"280\" data-end=\"310\">Fragancias de edici\u00f3n limitada<\/strong><\/p>\n<\/li>\n<li data-start=\"313\" data-end=\"354\">\n<p data-start=\"315\" data-end=\"354\">Contenido: <strong data-start=\"325\" data-end=\"338\">8,4 fl oz<\/strong> (aprox. 250 ml)<\/p>\n<\/li>\n","protected":false},"excerpt":{"rendered":"<p>Tree Hut Meyow Manteca Corporal de Karit\u00e9 Batida Hidrataci\u00f3n duradera, deja la piel suave e hidratada Textura ligera y aireada (batido) Nutritivo, adecuado para el cuidado esencial del cuerpo Fragancias de edici\u00f3n limitada Contenido: 8,4 fl oz (aprox. 250 ml)<\/p>\n","protected":false},"featured_media":9803,"comment_status":"open","ping_status":"closed","template":"","meta":[],"product_brand":[],"product_cat":[3730,3720],"product_tag":[],"class_list":{"0":"post-8983","1":"product","2":"type-product","3":"status-publish","4":"has-post-thumbnail","6":"product_cat-belleza-y-bienestar","7":"product_cat-salud-bienestar","9":"first","10":"instock","11":"taxable","12":"shipping-taxable","13":"purchasable","14":"product-type-simple"},"jetpack_sharing_enabled":true,"_links":{"self":[{"href":"https:\/\/muneka.us\/es\/wp-json\/wp\/v2\/product\/8983","targetHints":{"allow":["GET"]}}],"collection":[{"href":"https:\/\/muneka.us\/es\/wp-json\/wp\/v2\/product"}],"about":[{"href":"https:\/\/muneka.us\/es\/wp-json\/wp\/v2\/types\/product"}],"replies":[{"embeddable":true,"href":"https:\/\/muneka.us\/es\/wp-json\/wp\/v2\/comments?post=8983"}],"wp:featuredmedia":[{"embeddable":true,"href":"https:\/\/muneka.us\/es\/wp-json\/wp\/v2\/media\/9803"}],"wp:attachment":[{"href":"https:\/\/muneka.us\/es\/wp-json\/wp\/v2\/media?parent=8983"}],"wp:term":[{"taxonomy":"product_brand","embeddable":true,"href":"https:\/\/muneka.us\/es\/wp-json\/wp\/v2\/product_brand?post=8983"},{"taxonomy":"product_cat","embeddable":true,"href":"https:\/\/muneka.us\/es\/wp-json\/wp\/v2\/product_cat?post=8983"},{"taxonomy":"product_tag","embeddable":true,"href":"https:\/\/muneka.us\/es\/wp-json\/wp\/v2\/product_tag?post=8983"}],"curies":[{"name":"wp","href":"https:\/\/api.w.org\/{rel}","templated":true}]}}