{"id":8982,"date":"2026-02-10T12:47:09","date_gmt":"2026-02-10T15:47:09","guid":{"rendered":"https:\/\/muneka.us\/product\/crema-de-manos-working-hands-de-okeeffe-para-la-sequedad-extrema-tubo-de-3-oz-pack-de-2-cuidado-facial-reparador-para-manos-agrietadas-y-secas\/"},"modified":"2026-02-24T11:43:01","modified_gmt":"2026-02-24T14:43:01","slug":"crema-de-manos-working-hands-de-okeeffe-para-la-sequedad-extrema-tubo-de-3-oz-pack-de-2-cuidado-facial-reparador-para-manos-agrietadas-y-secas","status":"publish","type":"product","link":"https:\/\/muneka.us\/es\/producto\/crema-de-manos-working-hands-de-okeeffe-para-la-sequedad-extrema-tubo-de-3-oz-pack-de-2-cuidado-facial-reparador-para-manos-agrietadas-y-secas\/","title":{"rendered":"Crema de manos Working Hands de O&#8217;Keeffe para la sequedad extrema &#8211; Tubo de 3 oz (pack de 2) &#8211; Cuidado facial reparador para manos agrietadas y secas"},"content":{"rendered":"<li data-start=\"57\" data-end=\"105\">\n<p data-start=\"59\" data-end=\"105\"><strong data-start=\"59\" data-end=\"103\">La crema de manos de trabajo de O&#8217;Keeffe<\/strong><\/p>\n<\/li>\n<li data-start=\"106\" data-end=\"148\">\n<p data-start=\"108\" data-end=\"148\">Adecuado para <strong data-start=\"122\" data-end=\"146\">sequedad extrema<\/strong><\/p>\n<\/li>\n<li data-start=\"149\" data-end=\"200\">\n<p data-start=\"151\" data-end=\"200\"><strong data-start=\"151\" data-end=\"198\">Ayuda a reparar las manos agrietadas y muy secas<\/strong><\/p>\n<\/li>\n<li data-start=\"201\" data-end=\"247\">\n<p data-start=\"203\" data-end=\"247\"><strong data-start=\"214\" data-end=\"245\">F\u00f3rmula altamente eficaz y de acci\u00f3n r\u00e1pida<\/strong><\/p>\n<\/li>\n<li data-start=\"248\" data-end=\"304\">\n<p data-start=\"250\" data-end=\"304\"><strong data-start=\"250\" data-end=\"283\">Paquete de 2 tubos de 3 oz<\/strong> (aprox. 85 g cada uno)<\/p>\n<\/li>\n<li data-start=\"305\" data-end=\"396\">\n<p data-start=\"307\" data-end=\"396\">Ideal para uso diario, especialmente para manos expuestas a trabajos pesados o tiempo seco<\/p>\n<\/li>\n","protected":false},"excerpt":{"rendered":"<p>La crema de manos de trabajo de O&#8217;Keeffe Adecuado para sequedad extrema Ayuda a reparar las manos agrietadas y muy secas F\u00f3rmula altamente eficaz y de acci\u00f3n r\u00e1pida Paquete de 2 tubos de 3 oz (aprox. 85 g cada uno) Ideal para uso diario, especialmente para manos expuestas a trabajos pesados o tiempo seco<\/p>\n","protected":false},"featured_media":9805,"comment_status":"open","ping_status":"closed","template":"","meta":[],"product_brand":[],"product_cat":[3730,3720],"product_tag":[],"class_list":{"0":"post-8982","1":"product","2":"type-product","3":"status-publish","4":"has-post-thumbnail","6":"product_cat-belleza-y-bienestar","7":"product_cat-salud-bienestar","9":"first","10":"instock","11":"taxable","12":"shipping-taxable","13":"purchasable","14":"product-type-simple"},"jetpack_sharing_enabled":true,"_links":{"self":[{"href":"https:\/\/muneka.us\/es\/wp-json\/wp\/v2\/product\/8982","targetHints":{"allow":["GET"]}}],"collection":[{"href":"https:\/\/muneka.us\/es\/wp-json\/wp\/v2\/product"}],"about":[{"href":"https:\/\/muneka.us\/es\/wp-json\/wp\/v2\/types\/product"}],"replies":[{"embeddable":true,"href":"https:\/\/muneka.us\/es\/wp-json\/wp\/v2\/comments?post=8982"}],"wp:featuredmedia":[{"embeddable":true,"href":"https:\/\/muneka.us\/es\/wp-json\/wp\/v2\/media\/9805"}],"wp:attachment":[{"href":"https:\/\/muneka.us\/es\/wp-json\/wp\/v2\/media?parent=8982"}],"wp:term":[{"taxonomy":"product_brand","embeddable":true,"href":"https:\/\/muneka.us\/es\/wp-json\/wp\/v2\/product_brand?post=8982"},{"taxonomy":"product_cat","embeddable":true,"href":"https:\/\/muneka.us\/es\/wp-json\/wp\/v2\/product_cat?post=8982"},{"taxonomy":"product_tag","embeddable":true,"href":"https:\/\/muneka.us\/es\/wp-json\/wp\/v2\/product_tag?post=8982"}],"curies":[{"name":"wp","href":"https:\/\/api.w.org\/{rel}","templated":true}]}}