{"id":8975,"date":"2026-02-10T12:33:43","date_gmt":"2026-02-10T15:33:43","guid":{"rendered":"https:\/\/muneka.us\/product\/el-acido-hialuronico-ordinario-2-b5-con-ceramidas-serum-hidratante-multiprofundidad-para-una-piel-mas-tersa-y-tersa\/"},"modified":"2026-02-24T11:42:59","modified_gmt":"2026-02-24T14:42:59","slug":"el-acido-hialuronico-ordinario-2-b5-con-ceramidas-serum-hidratante-multiprofundidad-para-una-piel-mas-tersa-y-tersa","status":"publish","type":"product","link":"https:\/\/muneka.us\/es\/producto\/el-acido-hialuronico-ordinario-2-b5-con-ceramidas-serum-hidratante-multiprofundidad-para-una-piel-mas-tersa-y-tersa\/","title":{"rendered":"El \u00c1cido Hialur\u00f3nico Ordinario 2% + B5 (con ceramidas), s\u00e9rum hidratante multiprofundidad para una piel m\u00e1s tersa y tersa"},"content":{"rendered":"<li data-start=\"53\" data-end=\"130\">\n<p data-start=\"55\" data-end=\"130\"><strong data-start=\"55\" data-end=\"128\">El s\u00e9rum hidratante de \u00e1cido hialur\u00f3nico ordinario 2% + B5 (con ceramidas)<\/strong><\/p>\n<\/li>\n<li data-start=\"131\" data-end=\"190\">\n<p data-start=\"133\" data-end=\"190\">Proporciona <strong data-start=\"145\" data-end=\"188\">hidrataci\u00f3n en varias capas de piel<\/strong><\/p>\n<\/li>\n<li data-start=\"191\" data-end=\"251\">\n<p data-start=\"193\" data-end=\"251\">Ayuda a dejar la piel <strong data-start=\"215\" data-end=\"249\">m\u00e1s tersa, tersa y<\/strong> tersa<\/p>\n<\/li>\n<li data-start=\"252\" data-end=\"310\">\n<p data-start=\"254\" data-end=\"310\">F\u00f3rmula con <strong data-start=\"266\" data-end=\"290\">\u00e1cido hialur\u00f3nico al 2%<\/strong> y <strong data-start=\"293\" data-end=\"308\">vitamina B5<\/strong><\/p>\n<\/li>\n<li data-start=\"311\" data-end=\"373\">\n<p data-start=\"313\" data-end=\"373\"><strong data-start=\"313\" data-end=\"326\">Ceramidas<\/strong> que ayudan a proteger la barrera cut\u00e1nea<\/p>\n<\/li>\n<li data-start=\"374\" data-end=\"410\">\n<p data-start=\"376\" data-end=\"410\">Textura ligera y de r\u00e1pida absorci\u00f3n<\/p>\n<\/li>\n<li data-start=\"411\" data-end=\"476\">\n<p data-start=\"413\" data-end=\"476\">Adecuado para <strong data-start=\"427\" data-end=\"453\">todo tipo de piel<\/strong>, incluyendo la sensible<\/p>\n<\/li>\n","protected":false},"excerpt":{"rendered":"<p>El s\u00e9rum hidratante de \u00e1cido hialur\u00f3nico ordinario 2% + B5 (con ceramidas) Proporciona hidrataci\u00f3n en varias capas de piel Ayuda a dejar la piel m\u00e1s tersa, tersa y tersa F\u00f3rmula con \u00e1cido hialur\u00f3nico al 2% y vitamina B5 Ceramidas que ayudan a proteger la barrera cut\u00e1nea Textura ligera y de r\u00e1pida absorci\u00f3n Adecuado para todo [&#8230;]\n","protected":false},"featured_media":9799,"comment_status":"open","ping_status":"closed","template":"","meta":[],"product_brand":[],"product_cat":[3730,3720],"product_tag":[],"class_list":{"0":"post-8975","1":"product","2":"type-product","3":"status-publish","4":"has-post-thumbnail","6":"product_cat-belleza-y-bienestar","7":"product_cat-salud-bienestar","9":"first","10":"instock","11":"taxable","12":"shipping-taxable","13":"purchasable","14":"product-type-simple"},"jetpack_sharing_enabled":true,"_links":{"self":[{"href":"https:\/\/muneka.us\/es\/wp-json\/wp\/v2\/product\/8975","targetHints":{"allow":["GET"]}}],"collection":[{"href":"https:\/\/muneka.us\/es\/wp-json\/wp\/v2\/product"}],"about":[{"href":"https:\/\/muneka.us\/es\/wp-json\/wp\/v2\/types\/product"}],"replies":[{"embeddable":true,"href":"https:\/\/muneka.us\/es\/wp-json\/wp\/v2\/comments?post=8975"}],"wp:featuredmedia":[{"embeddable":true,"href":"https:\/\/muneka.us\/es\/wp-json\/wp\/v2\/media\/9799"}],"wp:attachment":[{"href":"https:\/\/muneka.us\/es\/wp-json\/wp\/v2\/media?parent=8975"}],"wp:term":[{"taxonomy":"product_brand","embeddable":true,"href":"https:\/\/muneka.us\/es\/wp-json\/wp\/v2\/product_brand?post=8975"},{"taxonomy":"product_cat","embeddable":true,"href":"https:\/\/muneka.us\/es\/wp-json\/wp\/v2\/product_cat?post=8975"},{"taxonomy":"product_tag","embeddable":true,"href":"https:\/\/muneka.us\/es\/wp-json\/wp\/v2\/product_tag?post=8975"}],"curies":[{"name":"wp","href":"https:\/\/api.w.org\/{rel}","templated":true}]}}