{"id":8971,"date":"2026-02-10T16:52:25","date_gmt":"2026-02-10T19:52:25","guid":{"rendered":"https:\/\/muneka.us\/product\/batidora-cromada-oster-original-de-3-velocidades-motor-6-veces-mas-duradero-10-veces-mas-fuerte-tarro-de-cristal-de-5-tazas\/"},"modified":"2026-02-24T11:43:04","modified_gmt":"2026-02-24T14:43:04","slug":"batidora-cromada-oster-original-de-3-velocidades-motor-6-veces-mas-duradero-10-veces-mas-fuerte-tarro-de-cristal-de-5-tazas","status":"publish","type":"product","link":"https:\/\/muneka.us\/es\/producto\/batidora-cromada-oster-original-de-3-velocidades-motor-6-veces-mas-duradero-10-veces-mas-fuerte-tarro-de-cristal-de-5-tazas\/","title":{"rendered":"Batidora cromada Oster Original de 3 velocidades, motor 6 veces m\u00e1s duradero, 10 veces m\u00e1s fuerte, tarro de cristal de 5 tazas"},"content":{"rendered":"<p>Aqu\u00ed est\u00e1 la <strong>descripci\u00f3n\/caracter\u00edsticas en portugu\u00e9s<\/strong>:<\/p>\n<ul>\n<li>\n<p><strong>Oster Original Chrome Blender<\/strong><\/p>\n<\/li>\n<li>\n<p><strong>3 velocidades<\/strong>, con control c\u00f3modo<\/p>\n<\/li>\n<li>\n<p><strong>Motor hasta 6 veces m\u00e1s duradero<\/strong><\/p>\n<\/li>\n<li>\n<p><strong>Hasta 10 veces m\u00e1s potencia<\/strong> para triturar eficientemente<\/p>\n<\/li>\n<li>\n<p><strong>Vaso de cristal con capacidad para 5 vasos<\/strong><\/p>\n<\/li>\n<li>\n<p>Dise\u00f1o cl\u00e1sico y resistente<\/p>\n<\/li>\n<li>\n<p>Ideal para preparar zumos, batidos, salsas y otras recetas<\/p>\n<\/li>\n<\/ul>\n<p><\/p>\n","protected":false},"excerpt":{"rendered":"<p>Aqu\u00ed est\u00e1 la descripci\u00f3n\/caracter\u00edsticas en portugu\u00e9s: Oster Original Chrome Blender 3 velocidades, con control c\u00f3modo Motor hasta 6 veces m\u00e1s duradero Hasta 10 veces m\u00e1s potencia para triturar eficientemente Vaso de cristal con capacidad para 5 vasos Dise\u00f1o cl\u00e1sico y resistente Ideal para preparar zumos, batidos, salsas y otras recetas<\/p>\n","protected":false},"featured_media":9813,"comment_status":"open","ping_status":"closed","template":"","meta":[],"product_brand":[],"product_cat":[3772,3770],"product_tag":[],"class_list":{"0":"post-8971","1":"product","2":"type-product","3":"status-publish","4":"has-post-thumbnail","6":"product_cat-cocina","7":"product_cat-hogar-y-decoracion","9":"first","10":"instock","11":"taxable","12":"shipping-taxable","13":"purchasable","14":"product-type-simple"},"jetpack_sharing_enabled":true,"_links":{"self":[{"href":"https:\/\/muneka.us\/es\/wp-json\/wp\/v2\/product\/8971","targetHints":{"allow":["GET"]}}],"collection":[{"href":"https:\/\/muneka.us\/es\/wp-json\/wp\/v2\/product"}],"about":[{"href":"https:\/\/muneka.us\/es\/wp-json\/wp\/v2\/types\/product"}],"replies":[{"embeddable":true,"href":"https:\/\/muneka.us\/es\/wp-json\/wp\/v2\/comments?post=8971"}],"wp:featuredmedia":[{"embeddable":true,"href":"https:\/\/muneka.us\/es\/wp-json\/wp\/v2\/media\/9813"}],"wp:attachment":[{"href":"https:\/\/muneka.us\/es\/wp-json\/wp\/v2\/media?parent=8971"}],"wp:term":[{"taxonomy":"product_brand","embeddable":true,"href":"https:\/\/muneka.us\/es\/wp-json\/wp\/v2\/product_brand?post=8971"},{"taxonomy":"product_cat","embeddable":true,"href":"https:\/\/muneka.us\/es\/wp-json\/wp\/v2\/product_cat?post=8971"},{"taxonomy":"product_tag","embeddable":true,"href":"https:\/\/muneka.us\/es\/wp-json\/wp\/v2\/product_tag?post=8971"}],"curies":[{"name":"wp","href":"https:\/\/api.w.org\/{rel}","templated":true}]}}