{"id":8968,"date":"2026-02-10T16:46:11","date_gmt":"2026-02-10T19:46:11","guid":{"rendered":"https:\/\/muneka.us\/product\/conair-vaporizador-de-ropa-de-mano-para-ropa-vaporizador-de-ropa-de-tela-turbo-extremesteam-1875w-diseno-portatil-de-mano-vapor-penetrante-fuerte-azul\/"},"modified":"2026-02-24T11:43:03","modified_gmt":"2026-02-24T14:43:03","slug":"conair-vaporizador-de-ropa-de-mano-para-ropa-vaporizador-de-ropa-de-tela-turbo-extremesteam-1875w-diseno-portatil-de-mano-vapor-penetrante-fuerte-azul","status":"publish","type":"product","link":"https:\/\/muneka.us\/es\/producto\/conair-vaporizador-de-ropa-de-mano-para-ropa-vaporizador-de-ropa-de-tela-turbo-extremesteam-1875w-diseno-portatil-de-mano-vapor-penetrante-fuerte-azul\/","title":{"rendered":"Conair Vaporizador de Ropa de Mano para Ropa, Vaporizador de Ropa de Tela Turbo ExtremeSteam 1875W, Dise\u00f1o Port\u00e1til de Mano, Vapor Penetrante Fuerte, Azul"},"content":{"rendered":"<li data-start=\"57\" data-end=\"124\">\n<p data-start=\"59\" data-end=\"124\"><strong data-start=\"59\" data-end=\"122\">Vapor port\u00e1til Conair para prendas<\/strong><\/p>\n<\/li>\n<li data-start=\"125\" data-end=\"164\">\n<p data-start=\"127\" data-end=\"164\"><strong data-start=\"134\" data-end=\"162\">Turbo ExtremeSteam modelo 1875W<\/strong><\/p>\n<\/li>\n<li data-start=\"165\" data-end=\"214\">\n<p data-start=\"167\" data-end=\"214\"><strong data-start=\"167\" data-end=\"212\">Dise\u00f1o port\u00e1til y pr\u00e1ctico para un uso r\u00e1pido<\/strong><\/p>\n<\/li>\n<li data-start=\"215\" data-end=\"299\">\n<p data-start=\"217\" data-end=\"299\"><strong data-start=\"217\" data-end=\"255\">Vapor potente y de alta penetraci\u00f3n<\/strong>, ideal para eliminar pliegues de forma eficiente<\/p>\n<\/li>\n<li data-start=\"300\" data-end=\"338\">\n<p data-start=\"302\" data-end=\"338\">Adecuado para <strong data-start=\"316\" data-end=\"336\">tejidos y ropa<\/strong><\/p>\n<\/li>\n<li data-start=\"339\" data-end=\"355\">\n<p data-start=\"341\" data-end=\"355\"><strong data-start=\"341\" data-end=\"353\">Color: Azul<\/strong><\/p>\n<\/li>\n<li data-start=\"356\" data-end=\"411\">\n<p data-start=\"358\" data-end=\"411\">F\u00e1cil de usar y ideal para viajar o para casa<\/p>\n<\/li>\n","protected":false},"excerpt":{"rendered":"<p>Vapor port\u00e1til Conair para prendas Turbo ExtremeSteam modelo 1875W Dise\u00f1o port\u00e1til y pr\u00e1ctico para un uso r\u00e1pido Vapor potente y de alta penetraci\u00f3n, ideal para eliminar pliegues de forma eficiente Adecuado para tejidos y ropa Color: Azul F\u00e1cil de usar y ideal para viajar o para casa<\/p>\n","protected":false},"featured_media":9809,"comment_status":"open","ping_status":"closed","template":"","meta":[],"product_brand":[],"product_cat":[3776,3770,3786],"product_tag":[],"class_list":{"0":"post-8968","1":"product","2":"type-product","3":"status-publish","4":"has-post-thumbnail","6":"product_cat-electrodomesticos","7":"product_cat-hogar-y-decoracion","8":"product_cat-tecnologia","10":"first","11":"instock","12":"taxable","13":"shipping-taxable","14":"purchasable","15":"product-type-simple"},"jetpack_sharing_enabled":true,"_links":{"self":[{"href":"https:\/\/muneka.us\/es\/wp-json\/wp\/v2\/product\/8968","targetHints":{"allow":["GET"]}}],"collection":[{"href":"https:\/\/muneka.us\/es\/wp-json\/wp\/v2\/product"}],"about":[{"href":"https:\/\/muneka.us\/es\/wp-json\/wp\/v2\/types\/product"}],"replies":[{"embeddable":true,"href":"https:\/\/muneka.us\/es\/wp-json\/wp\/v2\/comments?post=8968"}],"wp:featuredmedia":[{"embeddable":true,"href":"https:\/\/muneka.us\/es\/wp-json\/wp\/v2\/media\/9809"}],"wp:attachment":[{"href":"https:\/\/muneka.us\/es\/wp-json\/wp\/v2\/media?parent=8968"}],"wp:term":[{"taxonomy":"product_brand","embeddable":true,"href":"https:\/\/muneka.us\/es\/wp-json\/wp\/v2\/product_brand?post=8968"},{"taxonomy":"product_cat","embeddable":true,"href":"https:\/\/muneka.us\/es\/wp-json\/wp\/v2\/product_cat?post=8968"},{"taxonomy":"product_tag","embeddable":true,"href":"https:\/\/muneka.us\/es\/wp-json\/wp\/v2\/product_tag?post=8968"}],"curies":[{"name":"wp","href":"https:\/\/api.w.org\/{rel}","templated":true}]}}