{"id":8966,"date":"2026-02-10T18:28:38","date_gmt":"2026-02-10T21:28:38","guid":{"rendered":"https:\/\/muneka.us\/product\/espuma-de-rogaine-5-para-hombres-de-rogaine-crecimiento-clinicamente-probado-para-el-rafinamiento-del-cabello-tratamiento-topico-para-la-caida-del-cabello-aerosol-topico-sin-perfume-resultados-en\/"},"modified":"2026-02-24T11:43:06","modified_gmt":"2026-02-24T14:43:06","slug":"espuma-de-rogaine-5-para-hombres-de-rogaine-crecimiento-clinicamente-probado-para-el-rafinamiento-del-cabello-tratamiento-topico-para-la-caida-del-cabello-aerosol-topico-sin-perfume-resultados-en","status":"publish","type":"product","link":"https:\/\/muneka.us\/es\/producto\/espuma-de-rogaine-5-para-hombres-de-rogaine-crecimiento-clinicamente-probado-para-el-rafinamiento-del-cabello-tratamiento-topico-para-la-caida-del-cabello-aerosol-topico-sin-perfume-resultados-en\/","title":{"rendered":"Espuma de Rogaine 5% para hombres de Rogaine, crecimiento cl\u00ednicamente probado para el rafinamiento del cabello, tratamiento t\u00f3pico para la ca\u00edda del cabello, aerosol t\u00f3pico sin perfume, resultados en 8\u201316 semanas, suministro a 3 meses, 3 x 2,11 oz"},"content":{"rendered":"<p>Aqu\u00ed est\u00e1 la traducci\u00f3n al portugu\u00e9s:<\/p>\n<hr>\n<p><strong>Solo para uso externo.<\/strong><br \/><strong>Para uso exclusivo de los hombres.<\/strong><\/p>\n<p><strong>Extremadamente inflamable:<\/strong> Evita el fuego, las llamas o el humo durante e inmediatamente despu\u00e9s de la aplicaci\u00f3n.<\/p>\n<p><strong>No usar si:<\/strong><\/p>\n<ul>\n<li>\n<p>Eres una mujer<\/p>\n<\/li>\n<li>\n<p>La cantidad de ca\u00edda de cabello es diferente a la que aparece en el lateral de este recuadro o tu ca\u00edda est\u00e1 en la parte frontal del cuero cabelludo. La espuma t\u00f3pica de minoxidil al 5% no est\u00e1 indicada para la calvicie frontal ni la retrocesi\u00f3n de la l\u00ednea del cabello. <\/p>\n<\/li>\n<li>\n<p>No tienes antecedentes familiares de ca\u00edda de cabello<\/p>\n<\/li>\n<li>\n<p>Tu ca\u00edda de cabello es repentina y\/o en parches<\/p>\n<\/li>\n<li>\n<p>No sabes la causa de tu ca\u00edda de cabello<\/p>\n<\/li>\n<li>\n<p>Tienes menos de 18 a\u00f1os. No se utilicen en beb\u00e9s y ni\u00f1os. <\/p>\n<\/li>\n<li>\n<p>Tu cuero cabelludo est\u00e1 rojo, inflamado, infectado, irritado o dolorido<\/p>\n<\/li>\n<li>\n<p>Usas otros medicamentos en el cuero cabelludo<\/p>\n<\/li>\n<\/ul>\n<p><strong>Consulta a un m\u00e9dico antes de usarlo si tienes una enfermedad card\u00edaca.<\/strong><\/p>\n<p><strong>Al usar este producto:<\/strong><\/p>\n<ul>\n<li>\n<p>No aplicar a otras partes del cuerpo<\/p>\n<\/li>\n<li>\n<p>Evita el contacto visual. En caso de contacto accidental, enjuaga los ojos con mucha agua fr\u00eda y corriente. <\/p>\n<\/li>\n<li>\n<p>Algunas personas pueden experimentar cambios en el color y\/o la textura del pelo<\/p>\n<\/li>\n<li>\n<p>Se necesita tiempo para que el cabello crezca. Los resultados pueden producirse en un plazo de 2 meses con un uso dos veces al d\u00eda. Para algunos hombres, puede ser necesario usar este producto durante al menos 4 meses antes de ver resultados. La cantidad de crecimiento del vello var\u00eda para cada persona. Este producto no funcionar\u00e1 para todos los hombres.    <\/p>\n<\/li>\n<\/ul>\n<p><strong>Suspender el uso y consultar a un m\u00e9dico si:<\/strong><\/p>\n<ul>\n<li>\n<p>Se presentan dolor en el pecho, latidos acelerados, desmayos o mareos<\/p>\n<\/li>\n<li>\n<p>Se produce un aumento de peso repentino e inexplicable<\/p>\n<\/li>\n<li>\n<p>Se te hinchan las manos o los pies<\/p>\n<\/li>\n<li>\n<p>Aparecen irritaciones o enrojecimiento en el cuero cabelludo<\/p>\n<\/li>\n<li>\n<p>Se produce un crecimiento no deseado de vello facial<\/p>\n<\/li>\n<li>\n<p>No notas crecimiento de pelo en 4 meses<\/p>\n<\/li>\n<\/ul>\n<p><strong>Puede ser perjudicial si se usa durante el embarazo o la lactancia.<\/strong><br \/>Mantente fuera del alcance de los ni\u00f1os.<br \/>Si se ingiere, busque ayuda m\u00e9dica o contacte inmediatamente con un Centro de Control de Intoxicaciones.<\/p>\n","protected":false},"excerpt":{"rendered":"<p>Aqu\u00ed est\u00e1 la traducci\u00f3n al portugu\u00e9s: Solo para uso externo.Para uso exclusivo de los hombres. Extremadamente inflamable: Evita el fuego, las llamas o el humo durante e inmediatamente despu\u00e9s de la aplicaci\u00f3n. No usar si: Eres una mujer La cantidad de ca\u00edda de cabello es diferente a la que aparece en el lateral de este [&#8230;]\n","protected":false},"featured_media":8967,"comment_status":"open","ping_status":"closed","template":"","meta":[],"product_brand":[],"product_cat":[3730,3720],"product_tag":[3808],"class_list":{"0":"post-8966","1":"product","2":"type-product","3":"status-publish","4":"has-post-thumbnail","6":"product_cat-belleza-y-bienestar","7":"product_cat-salud-bienestar","8":"product_tag-test","10":"first","11":"instock","12":"taxable","13":"shipping-taxable","14":"purchasable","15":"product-type-simple"},"jetpack_sharing_enabled":true,"_links":{"self":[{"href":"https:\/\/muneka.us\/es\/wp-json\/wp\/v2\/product\/8966","targetHints":{"allow":["GET"]}}],"collection":[{"href":"https:\/\/muneka.us\/es\/wp-json\/wp\/v2\/product"}],"about":[{"href":"https:\/\/muneka.us\/es\/wp-json\/wp\/v2\/types\/product"}],"replies":[{"embeddable":true,"href":"https:\/\/muneka.us\/es\/wp-json\/wp\/v2\/comments?post=8966"}],"wp:featuredmedia":[{"embeddable":true,"href":"https:\/\/muneka.us\/es\/wp-json\/wp\/v2\/media\/8967"}],"wp:attachment":[{"href":"https:\/\/muneka.us\/es\/wp-json\/wp\/v2\/media?parent=8966"}],"wp:term":[{"taxonomy":"product_brand","embeddable":true,"href":"https:\/\/muneka.us\/es\/wp-json\/wp\/v2\/product_brand?post=8966"},{"taxonomy":"product_cat","embeddable":true,"href":"https:\/\/muneka.us\/es\/wp-json\/wp\/v2\/product_cat?post=8966"},{"taxonomy":"product_tag","embeddable":true,"href":"https:\/\/muneka.us\/es\/wp-json\/wp\/v2\/product_tag?post=8966"}],"curies":[{"name":"wp","href":"https:\/\/api.w.org\/{rel}","templated":true}]}}