{"id":8964,"date":"2026-02-10T17:00:32","date_gmt":"2026-02-10T20:00:32","guid":{"rendered":"https:\/\/muneka.us\/product\/robot-aspiradora-y-frega-tikom-combinado-aspiradora-robotica-de-5000pa-maximo-150-min-aplicacion-y-mando-a-distancia-ideal-para-suelos-duros-moqueta-pelo-de-mascotas-autocarga-g8000-max\/"},"modified":"2026-02-24T11:43:05","modified_gmt":"2026-02-24T14:43:05","slug":"robot-aspiradora-y-frega-tikom-combinado-aspiradora-robotica-de-5000pa-maximo-150-min-aplicacion-y-mando-a-distancia-ideal-para-suelos-duros-moqueta-pelo-de-mascotas-autocarga-g8000-max","status":"publish","type":"product","link":"https:\/\/muneka.us\/es\/producto\/robot-aspiradora-y-frega-tikom-combinado-aspiradora-robotica-de-5000pa-maximo-150-min-aplicacion-y-mando-a-distancia-ideal-para-suelos-duros-moqueta-pelo-de-mascotas-autocarga-g8000-max\/","title":{"rendered":"Robot aspiradora y frega Tikom combinado, aspiradora rob\u00f3tica de 5000Pa, m\u00e1ximo 150 min, aplicaci\u00f3n y mando a distancia, ideal para suelos duros, moqueta, pelo de mascotas, autocarga (G8000 Max)"},"content":{"rendered":"<p>Aqu\u00ed est\u00e1 la <strong>descripci\u00f3n\/caracter\u00edsticas en portugu\u00e9s<\/strong>:<\/p>\n<ul>\n<li>\n<p><strong>Robot Tikom Aspiradora y Combo de Fregona<\/strong><\/p>\n<\/li>\n<li>\n<p><strong>Potencia de succi\u00f3n de 5000 Pa<\/strong><\/p>\n<\/li>\n<li>\n<p><strong>Hasta 150 minutos de duraci\u00f3n de bater\u00eda<\/strong><\/p>\n<\/li>\n<li>\n<p>Control mediante <strong>aplicaci\u00f3n y control remoto<\/strong><\/p>\n<\/li>\n<li>\n<p>Ideal para <strong>suelos de baldosas, moqueta y depilaci\u00f3n de pelo de mascotas<\/strong><\/p>\n<\/li>\n<li>\n<p><strong>Retorno autom\u00e1tico a la base para recargar<\/strong><\/p>\n<\/li>\n<li>\n<p>Modelo <strong>G8000 Max<\/strong><\/p>\n<\/li>\n<\/ul>\n<p><\/p>\n","protected":false},"excerpt":{"rendered":"<p>Aqu\u00ed est\u00e1 la descripci\u00f3n\/caracter\u00edsticas en portugu\u00e9s: Robot Tikom Aspiradora y Combo de Fregona Potencia de succi\u00f3n de 5000 Pa Hasta 150 minutos de duraci\u00f3n de bater\u00eda Control mediante aplicaci\u00f3n y control remoto Ideal para suelos de baldosas, moqueta y depilaci\u00f3n de pelo de mascotas Retorno autom\u00e1tico a la base para recargar Modelo G8000 Max<\/p>\n","protected":false},"featured_media":9815,"comment_status":"open","ping_status":"closed","template":"","meta":[],"product_brand":[],"product_cat":[3772,3776,3770],"product_tag":[],"class_list":{"0":"post-8964","1":"product","2":"type-product","3":"status-publish","4":"has-post-thumbnail","6":"product_cat-cocina","7":"product_cat-electrodomesticos","8":"product_cat-hogar-y-decoracion","10":"first","11":"instock","12":"taxable","13":"shipping-taxable","14":"purchasable","15":"product-type-simple"},"jetpack_sharing_enabled":true,"_links":{"self":[{"href":"https:\/\/muneka.us\/es\/wp-json\/wp\/v2\/product\/8964","targetHints":{"allow":["GET"]}}],"collection":[{"href":"https:\/\/muneka.us\/es\/wp-json\/wp\/v2\/product"}],"about":[{"href":"https:\/\/muneka.us\/es\/wp-json\/wp\/v2\/types\/product"}],"replies":[{"embeddable":true,"href":"https:\/\/muneka.us\/es\/wp-json\/wp\/v2\/comments?post=8964"}],"wp:featuredmedia":[{"embeddable":true,"href":"https:\/\/muneka.us\/es\/wp-json\/wp\/v2\/media\/9815"}],"wp:attachment":[{"href":"https:\/\/muneka.us\/es\/wp-json\/wp\/v2\/media?parent=8964"}],"wp:term":[{"taxonomy":"product_brand","embeddable":true,"href":"https:\/\/muneka.us\/es\/wp-json\/wp\/v2\/product_brand?post=8964"},{"taxonomy":"product_cat","embeddable":true,"href":"https:\/\/muneka.us\/es\/wp-json\/wp\/v2\/product_cat?post=8964"},{"taxonomy":"product_tag","embeddable":true,"href":"https:\/\/muneka.us\/es\/wp-json\/wp\/v2\/product_tag?post=8964"}],"curies":[{"name":"wp","href":"https:\/\/api.w.org\/{rel}","templated":true}]}}