{"id":8959,"date":"2026-02-10T18:21:56","date_gmt":"2026-02-10T21:21:56","guid":{"rendered":"https:\/\/muneka.us\/product\/espuma-topica-de-minoxidil-en-aerosol-5-crecimiento-capilar-2-meses-de-tratamiento-para-hombres-211-oz-2-paquetes\/"},"modified":"2026-02-24T11:43:06","modified_gmt":"2026-02-24T14:43:06","slug":"espuma-topica-de-minoxidil-en-aerosol-5-crecimiento-capilar-2-meses-de-tratamiento-para-hombres-211-oz-2-paquetes","status":"publish","type":"product","link":"https:\/\/muneka.us\/es\/producto\/espuma-topica-de-minoxidil-en-aerosol-5-crecimiento-capilar-2-meses-de-tratamiento-para-hombres-211-oz-2-paquetes\/","title":{"rendered":"Espuma t\u00f3pica de minoxidil en aerosol, 5%, crecimiento capilar 2 meses de tratamiento para hombres, 2,11 oz (2 paquetes)"},"content":{"rendered":"<p>Aqu\u00ed est\u00e1 la <strong>descripci\u00f3n\/caracter\u00edsticas en portugu\u00e9s<\/strong>:<\/p>\n<ul>\n<li>\n<p><strong>Espuma t\u00f3pica de minoxidil (aerosol)<\/strong> 5%<\/p>\n<\/li>\n<li>\n<p>Tratamiento para el <strong>crecimiento del cabello<\/strong><\/p>\n<\/li>\n<li>\n<p>Adecuado para <strong>hombres<\/strong><\/p>\n<\/li>\n<li>\n<p><strong>Resultados en unos 2 meses<\/strong> (tiempo sugerido de tratamiento)<\/p>\n<\/li>\n<li>\n<p><strong>Paquete de 2 unidades<\/strong><\/p>\n<\/li>\n<li>\n<p>Contenido: <strong>2,11 oz<\/strong> cada uno (aprox. 60 g)<\/p>\n<\/li>\n<\/ul>\n<p><\/p>\n","protected":false},"excerpt":{"rendered":"<p>Aqu\u00ed est\u00e1 la descripci\u00f3n\/caracter\u00edsticas en portugu\u00e9s: Espuma t\u00f3pica de minoxidil (aerosol) 5% Tratamiento para el crecimiento del cabello Adecuado para hombres Resultados en unos 2 meses (tiempo sugerido de tratamiento) Paquete de 2 unidades Contenido: 2,11 oz cada uno (aprox. 60 g)<\/p>\n","protected":false},"featured_media":9816,"comment_status":"open","ping_status":"closed","template":"","meta":[],"product_brand":[],"product_cat":[3730,3720],"product_tag":[],"class_list":{"0":"post-8959","1":"product","2":"type-product","3":"status-publish","4":"has-post-thumbnail","6":"product_cat-belleza-y-bienestar","7":"product_cat-salud-bienestar","9":"first","10":"instock","11":"taxable","12":"shipping-taxable","13":"purchasable","14":"product-type-simple"},"jetpack_sharing_enabled":true,"_links":{"self":[{"href":"https:\/\/muneka.us\/es\/wp-json\/wp\/v2\/product\/8959","targetHints":{"allow":["GET"]}}],"collection":[{"href":"https:\/\/muneka.us\/es\/wp-json\/wp\/v2\/product"}],"about":[{"href":"https:\/\/muneka.us\/es\/wp-json\/wp\/v2\/types\/product"}],"replies":[{"embeddable":true,"href":"https:\/\/muneka.us\/es\/wp-json\/wp\/v2\/comments?post=8959"}],"wp:featuredmedia":[{"embeddable":true,"href":"https:\/\/muneka.us\/es\/wp-json\/wp\/v2\/media\/9816"}],"wp:attachment":[{"href":"https:\/\/muneka.us\/es\/wp-json\/wp\/v2\/media?parent=8959"}],"wp:term":[{"taxonomy":"product_brand","embeddable":true,"href":"https:\/\/muneka.us\/es\/wp-json\/wp\/v2\/product_brand?post=8959"},{"taxonomy":"product_cat","embeddable":true,"href":"https:\/\/muneka.us\/es\/wp-json\/wp\/v2\/product_cat?post=8959"},{"taxonomy":"product_tag","embeddable":true,"href":"https:\/\/muneka.us\/es\/wp-json\/wp\/v2\/product_tag?post=8959"}],"curies":[{"name":"wp","href":"https:\/\/api.w.org\/{rel}","templated":true}]}}