{"id":8944,"date":"2026-02-16T13:17:12","date_gmt":"2026-02-16T16:17:12","guid":{"rendered":"https:\/\/muneka.us\/product\/medicube-age-r-ultra-tune-40-68-dispositivo-de-generacion-de-colageno-elasticos-para-lifting-de-piel-profunda\/"},"modified":"2026-02-24T11:43:11","modified_gmt":"2026-02-24T14:43:11","slug":"medicube-age-r-ultra-tune-40-68-dispositivo-de-generacion-de-colageno-elasticos-para-lifting-de-piel-profunda","status":"publish","type":"product","link":"https:\/\/muneka.us\/es\/producto\/medicube-age-r-ultra-tune-40-68-dispositivo-de-generacion-de-colageno-elasticos-para-lifting-de-piel-profunda\/","title":{"rendered":"Medicube AGE-R Ultra Tune 40.68 Dispositivo de Generaci\u00f3n de Col\u00e1geno El\u00e1sticos para Lifting de Piel Profunda"},"content":{"rendered":"<div class=\"flex flex-col text-sm pb-25\">\n<article class=\"text-token-text-primary w-full focus:outline-none [--shadow-height:45px] has-data-writing-block:pointer-events-none has-data-writing-block:-mt-(--shadow-height) has-data-writing-block:pt-(--shadow-height) [&amp;:has([data-writing-block])&gt;*]:pointer-events-auto scroll-mt-[calc(var(--header-height)+min(200px,max(70px,20svh)))]\" dir=\"auto\" data-turn-id=\"request-WEB:aad02c99-9698-4513-9d15-61cabb1904c5-7\" data-testid=\"conversation-turn-16\" data-scroll-anchor=\"true\" data-turn=\"assistant\">\n<div class=\"text-base my-auto mx-auto pb-10 [--thread-content-margin:--spacing(4)] @w-sm\/main:[--thread-content-margin:--spacing(6)] @w-lg\/main:[--thread-content-margin:--spacing(16)] px-(--thread-content-margin)\">\n<div class=\"[--thread-content-max-width:40rem] @w-lg\/main:[--thread-content-max-width:48rem] mx-auto max-w-(--thread-content-max-width) flex-1 group\/turn-messages focus-visible:outline-hidden relative flex w-full min-w-0 flex-col agent-turn\">\n<div class=\"flex max-w-full flex-col grow\">\n<div data-message-author-role=\"assistant\" data-message-id=\"e144608f-74fb-4946-8f86-6f4fa6b790c3\" dir=\"auto\" class=\"min-h-8 text-message relative flex w-full flex-col items-end gap-2 text-start break-words whitespace-normal [.text-message+&amp;]:mt-1\" data-message-model-slug=\"gpt-5-mini\">\n<div class=\"flex w-full flex-col gap-1 empty:hidden first:pt-[1px]\">\n<div class=\"markdown prose dark:prose-invert w-full wrap-break-word light markdown-new-styling\">\n<p data-start=\"0\" data-end=\"383\">Eleva tu rutina de cuidado facial con el <strong data-start=\"46\" data-end=\"108\">dispositivo Medicube AGE-R Ultra Tune 40.68 Collagen Generation<\/strong>. Impulsado por una <strong data-start=\"129\" data-end=\"184\">bater\u00eda recargable de pol\u00edmero de litio de 11,1V<\/strong>, este dispositivo <strong data-start=\"220\" data-end=\"283\">avanzado utiliza tecnolog\u00eda de alta frecuencia de 40,68 MHz y microcorrientes<\/strong> para penetrar profundamente en la piel, estimular la producci\u00f3n de col\u00e1geno y restaurar la elasticidad.<\/p>\n<p data-start=\"385\" data-end=\"753\">Dise\u00f1ada para facilitar su uso, sus <strong data-start=\"424\" data-end=\"454\">seis puntas ergon\u00f3micas<\/strong> se deslizan suavemente por la cara, actuando eficazmente en zonas de ca\u00edda, pliegues profundos y papada, proporcionando un <strong data-start=\"584\" data-end=\"614\">efecto instant\u00e1neo de elevaci\u00f3n<\/strong>. Compacto y port\u00e1til, ofrece <strong data-start=\"645\" data-end=\"685\">resultados de calidad profesional<\/strong> en solo <strong data-start=\"696\" data-end=\"725\">5 a 10 minutos por sesi\u00f3n<\/strong>, sin necesidad de geles.<\/p>\n<p data-start=\"755\" data-end=\"819\" data-is-last-node=\"\" data-is-only-node=\"\">Consigue <strong data-start=\"767\" data-end=\"794\">una piel m\u00e1s firme y joven<\/strong> en la comodidad de tu hogar.<\/p>\n<\/div>\n<\/div>\n<\/div>\n<\/div>\n<div class=\"z-0 flex min-h-[46px] justify-start\"><\/div>\n<\/div>\n<\/div>\n<\/article>\n<\/div>\n<div aria-hidden=\"true\" data-edge=\"true\" class=\"pointer-events-none h-px w-px absolute bottom-0\"><\/div>\n","protected":false},"excerpt":{"rendered":"<p>Eleva tu rutina de cuidado facial con el dispositivo Medicube AGE-R Ultra Tune 40.68 Collagen Generation. Impulsado por una bater\u00eda recargable de pol\u00edmero de litio de 11,1V, este dispositivo avanzado utiliza tecnolog\u00eda de alta frecuencia de 40,68 MHz y microcorrientes para penetrar profundamente en la piel, estimular la producci\u00f3n de col\u00e1geno y restaurar la elasticidad. [&#8230;]\n","protected":false},"featured_media":8882,"comment_status":"open","ping_status":"closed","template":"","meta":[],"product_brand":[],"product_cat":[3730,3720],"product_tag":[],"class_list":{"0":"post-8944","1":"product","2":"type-product","3":"status-publish","4":"has-post-thumbnail","6":"product_cat-belleza-y-bienestar","7":"product_cat-salud-bienestar","9":"first","10":"instock","11":"taxable","12":"shipping-taxable","13":"purchasable","14":"product-type-simple"},"jetpack_sharing_enabled":true,"_links":{"self":[{"href":"https:\/\/muneka.us\/es\/wp-json\/wp\/v2\/product\/8944","targetHints":{"allow":["GET"]}}],"collection":[{"href":"https:\/\/muneka.us\/es\/wp-json\/wp\/v2\/product"}],"about":[{"href":"https:\/\/muneka.us\/es\/wp-json\/wp\/v2\/types\/product"}],"replies":[{"embeddable":true,"href":"https:\/\/muneka.us\/es\/wp-json\/wp\/v2\/comments?post=8944"}],"wp:featuredmedia":[{"embeddable":true,"href":"https:\/\/muneka.us\/es\/wp-json\/wp\/v2\/media\/8882"}],"wp:attachment":[{"href":"https:\/\/muneka.us\/es\/wp-json\/wp\/v2\/media?parent=8944"}],"wp:term":[{"taxonomy":"product_brand","embeddable":true,"href":"https:\/\/muneka.us\/es\/wp-json\/wp\/v2\/product_brand?post=8944"},{"taxonomy":"product_cat","embeddable":true,"href":"https:\/\/muneka.us\/es\/wp-json\/wp\/v2\/product_cat?post=8944"},{"taxonomy":"product_tag","embeddable":true,"href":"https:\/\/muneka.us\/es\/wp-json\/wp\/v2\/product_tag?post=8944"}],"curies":[{"name":"wp","href":"https:\/\/api.w.org\/{rel}","templated":true}]}}