{"id":8893,"date":"2026-02-16T11:33:14","date_gmt":"2026-02-16T14:33:14","guid":{"rendered":"https:\/\/muneka.us\/product\/nike-mens-metcon-10\/"},"modified":"2026-02-16T11:33:14","modified_gmt":"2026-02-16T14:33:14","slug":"nike-mens-metcon-10","status":"publish","type":"product","link":"https:\/\/muneka.us\/es\/producto\/nike-mens-metcon-10\/","title":{"rendered":"Nike Mens Metcon 10"},"content":{"rendered":"<p data-start=\"0\" data-end=\"380\">Uma placa <strong data-start=\"10\" data-end=\"40\">Hyperlift ultra-resistente<\/strong> sob o calcanhar (onde voc\u00ea mais precisa) otimiza a estabilidade para levantamentos pesados \u2014 como agachamentos, levantamento terra e cleans \u2014 sem comprometer a sensa\u00e7\u00e3o da pisada. Uma <strong data-start=\"225\" data-end=\"254\">caixa de dedos mais ampla<\/strong> em compara\u00e7\u00e3o com o Metcon 9 permite que os dedos se expandam para fora e ajuda voc\u00ea a maximizar a pot\u00eancia usando todo o p\u00e9.<\/p>\n<p data-start=\"382\" data-end=\"649\">Atualizamos a entressola com a espuma <strong data-start=\"420\" data-end=\"430\">ReactX<\/strong>, leve, para aumentar o retorno de energia. Ela se combina com sulcos flex\u00edveis no solado para oferecer amortecimento flex\u00edvel e responsivo durante exerc\u00edcios de alta intensidade, como saltos em caixa e sprints r\u00e1pidos.<\/p>\n<p data-start=\"651\" data-end=\"949\">Uma textura resistente e aderente, estrategicamente posicionada no mediop\u00e9 e na regi\u00e3o dos dedos \u2014 \u00e1reas de maior desgaste \u2014 proporciona ader\u00eancia e durabilidade revolucion\u00e1rias. Um novo padr\u00e3o de tra\u00e7\u00e3o oferece uma superf\u00edcie plana e aderente para levantamentos, mesmo nas superf\u00edcies mais suadas.<\/p>\n<p data-start=\"951\" data-end=\"1213\">A faixa no mediop\u00e9 ajuda a manter o p\u00e9 firme sobre a palmilha ao apertar os cadar\u00e7os. Combinada com um contraforte de calcanhar resistente e um sistema para prender os cadar\u00e7os, permite que voc\u00ea foque na execu\u00e7\u00e3o dos movimentos, sem deslocamentos ou escorreg\u00f5es.<\/p>\n<p data-start=\"1215\" data-end=\"1501\" data-is-last-node=\"\" data-is-only-node=\"\">O mesh t\u00e9cnico com perfura\u00e7\u00f5es abertas proporciona respirabilidade. O revestimento de borracha da entressola est\u00e1 mais ajustado, leve e menos volumoso do que no Metcon 9. Um clipe pl\u00e1stico resistente no calcanhar oferece durabilidade para flex\u00f5es em parada de m\u00e3os (handstand push-ups).<\/p>\n","protected":false},"excerpt":{"rendered":"<p>Uma placa Hyperlift ultra-resistente sob o calcanhar (onde voc\u00ea mais precisa) otimiza a estabilidade para levantamentos pesados \u2014 como agachamentos, levantamento terra e cleans \u2014 sem comprometer a sensa\u00e7\u00e3o da pisada. Uma caixa de dedos mais ampla em compara\u00e7\u00e3o com o Metcon 9 permite que os dedos se expandam para fora e ajuda voc\u00ea a [&#8230;]\n","protected":false},"featured_media":8894,"comment_status":"open","ping_status":"closed","template":"","meta":[],"product_brand":[],"product_cat":[3725,3780],"product_tag":[],"class_list":{"0":"post-8893","1":"product","2":"type-product","3":"status-publish","4":"has-post-thumbnail","6":"product_cat-moda-estilo","7":"product_cat-calzado","9":"first","10":"instock","11":"taxable","12":"shipping-taxable","13":"product-type-simple"},"jetpack_sharing_enabled":true,"_links":{"self":[{"href":"https:\/\/muneka.us\/es\/wp-json\/wp\/v2\/product\/8893","targetHints":{"allow":["GET"]}}],"collection":[{"href":"https:\/\/muneka.us\/es\/wp-json\/wp\/v2\/product"}],"about":[{"href":"https:\/\/muneka.us\/es\/wp-json\/wp\/v2\/types\/product"}],"replies":[{"embeddable":true,"href":"https:\/\/muneka.us\/es\/wp-json\/wp\/v2\/comments?post=8893"}],"wp:featuredmedia":[{"embeddable":true,"href":"https:\/\/muneka.us\/es\/wp-json\/wp\/v2\/media\/8894"}],"wp:attachment":[{"href":"https:\/\/muneka.us\/es\/wp-json\/wp\/v2\/media?parent=8893"}],"wp:term":[{"taxonomy":"product_brand","embeddable":true,"href":"https:\/\/muneka.us\/es\/wp-json\/wp\/v2\/product_brand?post=8893"},{"taxonomy":"product_cat","embeddable":true,"href":"https:\/\/muneka.us\/es\/wp-json\/wp\/v2\/product_cat?post=8893"},{"taxonomy":"product_tag","embeddable":true,"href":"https:\/\/muneka.us\/es\/wp-json\/wp\/v2\/product_tag?post=8893"}],"curies":[{"name":"wp","href":"https:\/\/api.w.org\/{rel}","templated":true}]}}