{"id":8877,"date":"2026-02-16T16:08:20","date_gmt":"2026-02-16T19:08:20","guid":{"rendered":"https:\/\/muneka.us\/product\/nike-p-6000-gs-metallic-silver-gym-red-flt-silver\/"},"modified":"2026-02-16T16:08:20","modified_gmt":"2026-02-16T19:08:20","slug":"nike-p-6000-gs-metallic-silver-gym-red-flt-silver","status":"publish","type":"product","link":"https:\/\/muneka.us\/es\/producto\/nike-p-6000-gs-metallic-silver-gym-red-flt-silver\/","title":{"rendered":"NIKE P-6000 (GS) &#8220;METALLIC SILVER\/GYM RED-FLT SILVER&#8221;"},"content":{"rendered":"<p data-start=\"297\" data-end=\"338\"><strong data-start=\"297\" data-end=\"338\">Nike P\u20116000 Premium Metallic Silver Red<\/strong><\/p>\n<ul data-start=\"340\" data-end=\"593\">\n<li data-start=\"340\" data-end=\"375\">\n<p data-start=\"342\" data-end=\"375\">\u2b50 Avalia\u00e7\u00e3o muito boa (\u2248 4.7\/5)<\/p>\n<\/li>\n<li data-start=\"376\" data-end=\"501\">\n<p data-start=\"378\" data-end=\"501\">\ud83d\udd25 Visual esportivo retr\u00f4 inspirado nos t\u00eanis de corrida dos anos 2000 (<em data-start=\"450\" data-end=\"459\">Pegasus<\/em>). <span class=\"\" data-state=\"closed\"><\/span><\/p>\n<\/li>\n<li data-start=\"502\" data-end=\"593\">\n<p data-start=\"504\" data-end=\"593\">\ud83c\udfc3\u200d\u2642\ufe0f Perfeito para uso di\u00e1rio e streetwear casual. <span class=\"\" data-state=\"closed\"><\/span><\/p>\n<\/li>\n<\/ul>\n<hr data-start=\"595\" data-end=\"598\">\n<h2 data-start=\"600\" data-end=\"678\">\ud83d\udc5f Nike P-6000 (GS) \u201cMetallic Silver\/Gym Red-Flat Silver\u201d \u2013 Caracter\u00edsticas<\/h2>\n<h3 data-start=\"680\" data-end=\"705\">\ud83c\udfd9\ufe0f Estilo e Design<\/h3>\n<ul data-start=\"706\" data-end=\"1062\">\n<li data-start=\"706\" data-end=\"844\">\n<p data-start=\"708\" data-end=\"844\">\ud83d\udccc <strong data-start=\"711\" data-end=\"719\">Cor:<\/strong> Metallic Silver \/ Gym Red \/ Flat Silver \u2014 acabamento prateado com destaque vermelho. <span class=\"\" data-state=\"closed\"><\/span><\/p>\n<\/li>\n<li data-start=\"845\" data-end=\"971\">\n<p data-start=\"847\" data-end=\"971\">\ud83d\udc5f Estilo <strong data-start=\"857\" data-end=\"877\">retr\u00f4 de corrida<\/strong> com visual moderno, combinando esporte e moda urbana. <span class=\"\" data-state=\"closed\"><\/span><\/p>\n<\/li>\n<li data-start=\"972\" data-end=\"1062\">\n<p data-start=\"974\" data-end=\"1062\">\ud83e\udde2 Swoosh cl\u00e1ssico da Nike e acabamento esportivo. <span class=\"\" data-state=\"closed\"><\/span><\/p>\n<\/li>\n<\/ul>\n<h3 data-start=\"1064\" data-end=\"1094\">\ud83d\udd27 Constru\u00e7\u00e3o e Material<\/h3>\n<ul data-start=\"1095\" data-end=\"1489\">\n<li data-start=\"1095\" data-end=\"1255\">\n<p data-start=\"1097\" data-end=\"1255\">\ud83e\uddf5 <strong data-start=\"1100\" data-end=\"1119\">Parte superior:<\/strong> malha respir\u00e1vel com sobreposi\u00e7\u00f5es em couro e materiais sint\u00e9ticos que aumentam a durabilidade. <span class=\"\" data-state=\"closed\"><\/span><\/p>\n<\/li>\n<li data-start=\"1256\" data-end=\"1374\">\n<p data-start=\"1258\" data-end=\"1374\">\ud83e\uddb6 <strong data-start=\"1261\" data-end=\"1285\">Palmilha acolchoada:<\/strong> conforto ideal para uso prolongado no dia a dia. <span class=\"\" data-state=\"closed\"><\/span><\/p>\n<\/li>\n<li data-start=\"1375\" data-end=\"1489\">\n<p data-start=\"1377\" data-end=\"1489\">\ud83d\udc5f <strong data-start=\"1380\" data-end=\"1403\">Solado de borracha:<\/strong> tra\u00e7\u00e3o duradoura para diferentes superf\u00edcies. <span class=\"\" data-state=\"closed\"><\/span><\/p>\n<\/li>\n<\/ul>\n<h3 data-start=\"1491\" data-end=\"1518\">\ud83d\udc66 P\u00fablico-Alvo e Uso<\/h3>\n<ul data-start=\"1519\" data-end=\"1763\">\n<li data-start=\"1519\" data-end=\"1638\">\n<p data-start=\"1521\" data-end=\"1638\">\ud83e\uddd2 <strong data-start=\"1524\" data-end=\"1546\">GS (Grade School):<\/strong> tamanho voltado para crian\u00e7as e pr\u00e9-adolescentes. <span class=\"\" data-state=\"closed\"><\/span><\/p>\n<\/li>\n<li data-start=\"1639\" data-end=\"1763\">\n<p data-start=\"1641\" data-end=\"1763\">\ud83d\udc5f Indicado tanto para uso casual quanto para atividades leves e estilo esportivo. <span class=\"\" data-state=\"closed\"><\/span><\/p>\n<\/li>\n<\/ul>\n<h3 data-start=\"1765\" data-end=\"1803\">\ud83d\udce6 C\u00f3digo e Informa\u00e7\u00f5es T\u00e9cnicas<\/h3>\n<ul data-start=\"1804\" data-end=\"1987\">\n<li data-start=\"1804\" data-end=\"1895\">\n<p data-start=\"1806\" data-end=\"1895\">\ud83c\udd8e <strong data-start=\"1809\" data-end=\"1830\">C\u00f3digo do modelo:<\/strong> HV5064-002 \/ 12600080. <span class=\"\" data-state=\"closed\"><\/span><\/p>\n<\/li>\n<li data-start=\"1896\" data-end=\"1987\">\n<p data-start=\"1898\" data-end=\"1987\">\ud83d\udcc5 <strong data-start=\"1901\" data-end=\"1924\">Data de lan\u00e7amento:<\/strong> por volta de jan\/2025. <span class=\"\" data-state=\"closed\"><\/span><\/p>\n<\/li>\n<\/ul>\n<hr data-start=\"1989\" data-end=\"1992\">\n<h2 data-start=\"1994\" data-end=\"2006\">\ud83e\udde0 Resumo<\/h2>\n<p data-start=\"2008\" data-end=\"2357\">O <strong data-start=\"2010\" data-end=\"2068\">NIKE P-6000 (GS) \u201cMetallic Silver\/Gym Red-Flat Silver\u201d<\/strong> \u00e9 um t\u00eanis com design retr\u00f4-moderno inspirado nos modelos cl\u00e1ssicos de corrida da Nike, feito para quem quer um visual <strong data-start=\"2188\" data-end=\"2218\">casual com conforto di\u00e1rio<\/strong>, materiais dur\u00e1veis e estilo marcante \u2014 especialmente na paleta prateada com detalhes em vermelho.&nbsp;<\/p>\n","protected":false},"excerpt":{"rendered":"<p>Nike P\u20116000 Premium Metallic Silver Red \u2b50 Avalia\u00e7\u00e3o muito boa (\u2248 4.7\/5) \ud83d\udd25 Visual esportivo retr\u00f4 inspirado nos t\u00eanis de corrida dos anos 2000 (Pegasus). \ud83c\udfc3\u200d\u2642\ufe0f Perfeito para uso di\u00e1rio e streetwear casual. \ud83d\udc5f Nike P-6000 (GS) \u201cMetallic Silver\/Gym Red-Flat Silver\u201d \u2013 Caracter\u00edsticas \ud83c\udfd9\ufe0f Estilo e Design \ud83d\udccc Cor: Metallic Silver \/ Gym Red \/ [&#8230;]\n","protected":false},"featured_media":8878,"comment_status":"open","ping_status":"closed","template":"","meta":[],"product_brand":[],"product_cat":[3725,3780],"product_tag":[],"class_list":{"0":"post-8877","1":"product","2":"type-product","3":"status-publish","4":"has-post-thumbnail","6":"product_cat-moda-estilo","7":"product_cat-calzado","9":"first","10":"instock","11":"taxable","12":"shipping-taxable","13":"product-type-simple"},"jetpack_sharing_enabled":true,"_links":{"self":[{"href":"https:\/\/muneka.us\/es\/wp-json\/wp\/v2\/product\/8877","targetHints":{"allow":["GET"]}}],"collection":[{"href":"https:\/\/muneka.us\/es\/wp-json\/wp\/v2\/product"}],"about":[{"href":"https:\/\/muneka.us\/es\/wp-json\/wp\/v2\/types\/product"}],"replies":[{"embeddable":true,"href":"https:\/\/muneka.us\/es\/wp-json\/wp\/v2\/comments?post=8877"}],"wp:featuredmedia":[{"embeddable":true,"href":"https:\/\/muneka.us\/es\/wp-json\/wp\/v2\/media\/8878"}],"wp:attachment":[{"href":"https:\/\/muneka.us\/es\/wp-json\/wp\/v2\/media?parent=8877"}],"wp:term":[{"taxonomy":"product_brand","embeddable":true,"href":"https:\/\/muneka.us\/es\/wp-json\/wp\/v2\/product_brand?post=8877"},{"taxonomy":"product_cat","embeddable":true,"href":"https:\/\/muneka.us\/es\/wp-json\/wp\/v2\/product_cat?post=8877"},{"taxonomy":"product_tag","embeddable":true,"href":"https:\/\/muneka.us\/es\/wp-json\/wp\/v2\/product_tag?post=8877"}],"curies":[{"name":"wp","href":"https:\/\/api.w.org\/{rel}","templated":true}]}}