{"id":8873,"date":"2026-02-17T11:13:30","date_gmt":"2026-02-17T14:13:30","guid":{"rendered":"https:\/\/muneka.us\/product\/oneplus-15\/"},"modified":"2026-02-17T11:13:30","modified_gmt":"2026-02-17T14:13:30","slug":"oneplus-15","status":"publish","type":"product","link":"https:\/\/muneka.us\/es\/producto\/oneplus-15\/","title":{"rendered":"OnePlus 15"},"content":{"rendered":"<p data-start=\"0\" data-end=\"219\">Sempre ativo em <strong data-start=\"16\" data-end=\"41\">120 FPS. Ponto final.<\/strong><br data-start=\"41\" data-end=\"44\"><br \/>\nExperimente 120 FPS perfeitamente est\u00e1veis e sempre ativos em jogos como MLBB. Isso significa cada batalha, cada momento de tirar o f\u00f4lego, com fluidez e precis\u00e3o inabal\u00e1veis.<\/p>\n<p data-start=\"221\" data-end=\"386\"><strong data-start=\"221\" data-end=\"258\">Bateria revolucion\u00e1ria de 7300mAh<\/strong><br data-start=\"258\" data-end=\"261\"><br \/>\nCarregue com 80W SUPERVOOC e 50W AIRVOOC<br data-start=\"301\" data-end=\"304\"><br \/>\nAt\u00e9 100W com o carregador OnePlus SUPERVOOC 100W Dual Ports GaN Power Adapter Lite<\/p>\n<p data-start=\"388\" data-end=\"476\"><strong data-start=\"388\" data-end=\"428\">OxygenOS 16.0: Inteligentemente seu.<\/strong><br data-start=\"428\" data-end=\"431\"><br \/>\nPlus Mind: Sua poderosa intelig\u00eancia pessoal.<\/p>\n<p data-start=\"478\" data-end=\"560\"><strong data-start=\"478\" data-end=\"528\">Bordas superfinas de 1,15 mm em todos os lados<\/strong><br data-start=\"528\" data-end=\"531\"><br \/>\nPropor\u00e7\u00e3o tela-corpo de 95,5%<\/p>\n<p data-start=\"562\" data-end=\"760\"><strong data-start=\"562\" data-end=\"596\">C\u00e2mera tripla flagship de 50MP<\/strong><br data-start=\"596\" data-end=\"599\"><br \/>\nPrincipal (Wide) 50MP<br data-start=\"620\" data-end=\"623\"><br \/>\nUltra-wide 50MP<br data-start=\"638\" data-end=\"641\"><br \/>\nTeleobjetiva perisc\u00f3pio 50MP<\/p>\n","protected":false},"excerpt":{"rendered":"<p>Sempre ativo em 120 FPS. Ponto final. Experimente 120 FPS perfeitamente est\u00e1veis e sempre ativos em jogos como MLBB. Isso significa cada batalha, cada momento de tirar o f\u00f4lego, com fluidez e precis\u00e3o inabal\u00e1veis. Bateria revolucion\u00e1ria de 7300mAh Carregue com 80W SUPERVOOC e 50W AIRVOOC At\u00e9 100W com o carregador OnePlus SUPERVOOC 100W Dual Ports [&#8230;]\n","protected":false},"featured_media":8874,"comment_status":"open","ping_status":"closed","template":"","meta":[],"product_brand":[],"product_cat":[3786],"product_tag":[],"class_list":{"0":"post-8873","1":"product","2":"type-product","3":"status-publish","4":"has-post-thumbnail","6":"product_cat-tecnologia","8":"first","9":"instock","10":"taxable","11":"shipping-taxable","12":"product-type-simple"},"jetpack_sharing_enabled":true,"_links":{"self":[{"href":"https:\/\/muneka.us\/es\/wp-json\/wp\/v2\/product\/8873","targetHints":{"allow":["GET"]}}],"collection":[{"href":"https:\/\/muneka.us\/es\/wp-json\/wp\/v2\/product"}],"about":[{"href":"https:\/\/muneka.us\/es\/wp-json\/wp\/v2\/types\/product"}],"replies":[{"embeddable":true,"href":"https:\/\/muneka.us\/es\/wp-json\/wp\/v2\/comments?post=8873"}],"wp:featuredmedia":[{"embeddable":true,"href":"https:\/\/muneka.us\/es\/wp-json\/wp\/v2\/media\/8874"}],"wp:attachment":[{"href":"https:\/\/muneka.us\/es\/wp-json\/wp\/v2\/media?parent=8873"}],"wp:term":[{"taxonomy":"product_brand","embeddable":true,"href":"https:\/\/muneka.us\/es\/wp-json\/wp\/v2\/product_brand?post=8873"},{"taxonomy":"product_cat","embeddable":true,"href":"https:\/\/muneka.us\/es\/wp-json\/wp\/v2\/product_cat?post=8873"},{"taxonomy":"product_tag","embeddable":true,"href":"https:\/\/muneka.us\/es\/wp-json\/wp\/v2\/product_tag?post=8873"}],"curies":[{"name":"wp","href":"https:\/\/api.w.org\/{rel}","templated":true}]}}