{"id":8869,"date":"2026-02-17T13:37:02","date_gmt":"2026-02-17T16:37:02","guid":{"rendered":"https:\/\/muneka.us\/product\/nike-womens-metcon-10\/"},"modified":"2026-02-17T13:37:02","modified_gmt":"2026-02-17T16:37:02","slug":"nike-womens-metcon-10","status":"publish","type":"product","link":"https:\/\/muneka.us\/es\/producto\/nike-womens-metcon-10\/","title":{"rendered":"Nike Womens Metcon 10"},"content":{"rendered":"<p data-start=\"19\" data-end=\"284\">O <strong data-start=\"21\" data-end=\"47\">Nike Women\u2019s Metcon 10<\/strong> \u00e9 um t\u00eanis de treino feminino projetado para <strong data-start=\"93\" data-end=\"160\">muscula\u00e7\u00e3o, cross training e treinos de alta intensidade (HIIT)<\/strong>. A linha Metcon \u00e9 conhecida por oferecer <strong data-start=\"202\" data-end=\"242\">estabilidade, durabilidade e suporte<\/strong>, especialmente para levantamento de peso.<\/p>\n<h3 data-start=\"286\" data-end=\"319\">\ud83d\udd0e Principais caracter\u00edsticas<\/h3>\n<ul data-start=\"320\" data-end=\"736\">\n<li data-start=\"320\" data-end=\"416\">\n<p data-start=\"322\" data-end=\"416\"><strong data-start=\"322\" data-end=\"346\">Base firme e est\u00e1vel<\/strong> \u2013 ideal para agachamentos, levantamento terra e movimentos com carga.<\/p>\n<\/li>\n<li data-start=\"417\" data-end=\"497\">\n<p data-start=\"419\" data-end=\"497\"><strong data-start=\"419\" data-end=\"447\">Amortecimento responsivo<\/strong> \u2013 equil\u00edbrio entre conforto e contato com o solo.<\/p>\n<\/li>\n<li data-start=\"498\" data-end=\"567\">\n<p data-start=\"500\" data-end=\"567\"><strong data-start=\"500\" data-end=\"535\">Cabedal resistente e respir\u00e1vel<\/strong> \u2013 suporte firme com ventila\u00e7\u00e3o.<\/p>\n<\/li>\n<li data-start=\"568\" data-end=\"657\">\n<p data-start=\"570\" data-end=\"657\"><strong data-start=\"570\" data-end=\"596\">Solado com alta tra\u00e7\u00e3o<\/strong> \u2013 ader\u00eancia para movimentos laterais e exerc\u00edcios din\u00e2micos.<\/p>\n<\/li>\n<li data-start=\"658\" data-end=\"736\">\n<p data-start=\"660\" data-end=\"736\"><strong data-start=\"660\" data-end=\"696\">Estrutura refor\u00e7ada no calcanhar<\/strong> \u2013 maior estabilidade em cargas pesadas.<\/p>\n<\/li>\n<\/ul>\n<h3 data-start=\"738\" data-end=\"759\">\ud83d\udc5f Indicado para:<\/h3>\n<ul data-start=\"760\" data-end=\"834\">\n<li data-start=\"760\" data-end=\"780\">\n<p data-start=\"762\" data-end=\"780\">Treino funcional<\/p>\n<\/li>\n<li data-start=\"781\" data-end=\"799\">\n<p data-start=\"783\" data-end=\"799\">Cross training<\/p>\n<\/li>\n<li data-start=\"800\" data-end=\"825\">\n<p data-start=\"802\" data-end=\"825\">Academia (muscula\u00e7\u00e3o)<\/p>\n<\/li>\n<li data-start=\"826\" data-end=\"834\">\n<p data-start=\"828\" data-end=\"834\">HIIT<\/p>\n<\/li>\n<\/ul>\n","protected":false},"excerpt":{"rendered":"<p>O Nike Women\u2019s Metcon 10 \u00e9 um t\u00eanis de treino feminino projetado para muscula\u00e7\u00e3o, cross training e treinos de alta intensidade (HIIT). A linha Metcon \u00e9 conhecida por oferecer estabilidade, durabilidade e suporte, especialmente para levantamento de peso. \ud83d\udd0e Principais caracter\u00edsticas Base firme e est\u00e1vel \u2013 ideal para agachamentos, levantamento terra e movimentos com carga. [&#8230;]\n","protected":false},"featured_media":8870,"comment_status":"open","ping_status":"closed","template":"","meta":[],"product_brand":[],"product_cat":[3725,3780],"product_tag":[],"class_list":{"0":"post-8869","1":"product","2":"type-product","3":"status-publish","4":"has-post-thumbnail","6":"product_cat-moda-estilo","7":"product_cat-calzado","9":"first","10":"instock","11":"taxable","12":"shipping-taxable","13":"product-type-simple"},"jetpack_sharing_enabled":true,"_links":{"self":[{"href":"https:\/\/muneka.us\/es\/wp-json\/wp\/v2\/product\/8869","targetHints":{"allow":["GET"]}}],"collection":[{"href":"https:\/\/muneka.us\/es\/wp-json\/wp\/v2\/product"}],"about":[{"href":"https:\/\/muneka.us\/es\/wp-json\/wp\/v2\/types\/product"}],"replies":[{"embeddable":true,"href":"https:\/\/muneka.us\/es\/wp-json\/wp\/v2\/comments?post=8869"}],"wp:featuredmedia":[{"embeddable":true,"href":"https:\/\/muneka.us\/es\/wp-json\/wp\/v2\/media\/8870"}],"wp:attachment":[{"href":"https:\/\/muneka.us\/es\/wp-json\/wp\/v2\/media?parent=8869"}],"wp:term":[{"taxonomy":"product_brand","embeddable":true,"href":"https:\/\/muneka.us\/es\/wp-json\/wp\/v2\/product_brand?post=8869"},{"taxonomy":"product_cat","embeddable":true,"href":"https:\/\/muneka.us\/es\/wp-json\/wp\/v2\/product_cat?post=8869"},{"taxonomy":"product_tag","embeddable":true,"href":"https:\/\/muneka.us\/es\/wp-json\/wp\/v2\/product_tag?post=8869"}],"curies":[{"name":"wp","href":"https:\/\/api.w.org\/{rel}","templated":true}]}}