{"id":6121,"date":"2025-09-24T21:00:11","date_gmt":"2025-09-25T00:00:11","guid":{"rendered":"https:\/\/muneka.us\/product\/laura-geller-new-york-the-best-of-the-best-baked-palette-tamano-completo-incluye-bronceador-colorete-2-iluminadores-y-3-sombras-de-ojos-ideal-para-viajes\/"},"modified":"2025-09-24T21:00:11","modified_gmt":"2025-09-25T00:00:11","slug":"laura-geller-new-york-the-best-of-the-best-baked-palette-tamano-completo-incluye-bronceador-colorete-2-iluminadores-y-3-sombras-de-ojos-ideal-para-viajes","status":"publish","type":"product","link":"https:\/\/muneka.us\/es\/producto\/laura-geller-new-york-the-best-of-the-best-baked-palette-tamano-completo-incluye-bronceador-colorete-2-iluminadores-y-3-sombras-de-ojos-ideal-para-viajes\/","title":{"rendered":"LAURA GELLER NEW YORK The Best of the Best Baked Palette &#8211; Tama\u00f1o Completo &#8211; Incluye Bronceador, Colorete, 2 Iluminadores y 3 Sombras de Ojos &#8211; Ideal para Viajes"},"content":{"rendered":"<h2 data-start=\"282\" data-end=\"448\">\ud83c\udfa8 <strong data-start=\"288\" data-end=\"448\">LAURA GELLER NEW YORK &#8211; Paleta Completa &#8220;Best of the Best&#8221; | Colorete, Iluminador, Bronceador y Sombras | Acabado Horneado | Tama\u00f1o Completo e Ideal para Viajes<\/strong><\/h2>\n<hr data-start=\"450\" data-end=\"453\">\n<h3 data-start=\"455\" data-end=\"494\">\u2728 <strong data-start=\"461\" data-end=\"494\">Descripci\u00f3n Comercial Optimizada<\/strong><\/h3>\n<p data-start=\"496\" data-end=\"703\">Descubre la <strong data-start=\"507\" data-end=\"546\">paleta m\u00e1s ic\u00f3nica de LAURA GELLER<\/strong> con los mejores productos horneados para rostro y ojos en un \u00fanico estuche. La <strong data-start=\"621\" data-end=\"651\">&#8220;Best of the Best Palette&#8221;<\/strong> re\u00fane los <strong data-start=\"661\" data-end=\"691\">productos m\u00e1s queridos de la marca<\/strong>, incluyendo: <\/p>\n<ul data-start=\"705\" data-end=\"1008\">\n<li data-start=\"705\" data-end=\"776\">\n<p data-start=\"707\" data-end=\"776\"><strong data-start=\"707\" data-end=\"744\">1 Colorete horneado (Blush-n-Brighten)<\/strong> en un tono rosa manteca suave<\/p>\n<\/li>\n<li data-start=\"777\" data-end=\"848\">\n<p data-start=\"779\" data-end=\"848\"><strong data-start=\"779\" data-end=\"819\">1 Bronceador horneado (Bronze-n-Brighten)<\/strong> en el tono Taitian Glow<\/p>\n<\/li>\n<li data-start=\"849\" data-end=\"942\">\n<p data-start=\"851\" data-end=\"942\"><strong data-start=\"851\" data-end=\"910\">2 Iluminadores horneados (Baked Natural Glow Highlighter)<\/strong> en French Vanilla y Portofino<\/p>\n<\/li>\n<li data-start=\"943\" data-end=\"1008\">\n<p data-start=\"945\" data-end=\"1008\"><strong data-start=\"945\" data-end=\"966\">3 Sombras horneadas<\/strong> en tonos neutros vers\u00e1tiles y pigmentados<\/p>\n<\/li>\n<\/ul>\n<p data-start=\"1010\" data-end=\"1204\">Con acabado luminoso y textura sedosa, cada producto est\u00e1 <strong data-start=\"1067\" data-end=\"1092\">hecho a mano en Italia<\/strong> con la exclusiva tecnolog\u00eda de maquillaje horneado, que transforma cremas en polvos aterciopelados en placas de terracota.<\/p>\n<p data-start=\"1206\" data-end=\"1420\">Compacta y multifuncional, esta paleta es perfecta para el d\u00eda a d\u00eda, viajes o retoques r\u00e1pidos, ofreciendo todo lo que necesitas para realzar ojos, mejillas y contornos del rostro con practicidad y sofisticaci\u00f3n.<\/p>\n<hr data-start=\"1422\" data-end=\"1425\">\n<h3 data-start=\"1427\" data-end=\"1459\">\u2705 <strong data-start=\"1433\" data-end=\"1459\">Beneficios Destacados<\/strong><\/h3>\n<ul data-start=\"1461\" data-end=\"1965\">\n<li data-start=\"1461\" data-end=\"1538\">\n<p data-start=\"1463\" data-end=\"1538\">\ud83d\udc8e <strong data-start=\"1466\" data-end=\"1493\">Paleta completa 6 en 1:<\/strong> colorete, bronceador, 2 iluminadores y 3 sombras<\/p>\n<\/li>\n<li data-start=\"1539\" data-end=\"1625\">\n<p data-start=\"1541\" data-end=\"1625\">\ud83e\uddd1\u200d\ud83c\udfa8 <strong data-start=\"1547\" data-end=\"1583\">Alta pigmentaci\u00f3n + textura suave<\/strong> gracias a la tecnolog\u00eda de maquillaje horneado<\/p>\n<\/li>\n<li data-start=\"1626\" data-end=\"1687\">\n<p data-start=\"1628\" data-end=\"1687\">\ud83e\uddf3 <strong data-start=\"1631\" data-end=\"1685\">Compacta e ideal para llevar en el bolso o en viajes<\/strong><\/p>\n<\/li>\n<li data-start=\"1688\" data-end=\"1754\">\n<p data-start=\"1690\" data-end=\"1754\">\u270b <strong data-start=\"1692\" data-end=\"1730\">Producida artesanalmente en Italia<\/strong> con calidad premium<\/p>\n<\/li>\n<li data-start=\"1755\" data-end=\"1827\">\n<p data-start=\"1757\" data-end=\"1827\">\ud83c\udf08 <strong data-start=\"1760\" data-end=\"1780\">Tonos universales:<\/strong> adecuados para todos los tonos y tipos de piel<\/p>\n<\/li>\n<li data-start=\"1828\" data-end=\"1890\">\n<p data-start=\"1830\" data-end=\"1890\">\u2728 <strong data-start=\"1832\" data-end=\"1865\">Acabado natural y luminoso<\/strong> que realza los rasgos<\/p>\n<\/li>\n<li data-start=\"1891\" data-end=\"1965\">\n<p data-start=\"1893\" data-end=\"1965\">\ud83e\uddf4 <strong data-start=\"1896\" data-end=\"1919\">F\u00f3rmulas vers\u00e1tiles:<\/strong> ideales para crear looks suaves o intensos<\/p>\n<\/li>\n<\/ul>\n<hr data-start=\"1967\" data-end=\"1970\">\n<h3 data-start=\"1972\" data-end=\"2015\">\ud83e\uddf4 <strong data-start=\"1979\" data-end=\"2015\">Modo de Uso (aplicaci\u00f3n sugerida)<\/strong><\/h3>\n<ul data-start=\"2017\" data-end=\"2404\">\n<li data-start=\"2017\" data-end=\"2119\">\n<p data-start=\"2019\" data-end=\"2119\"><strong data-start=\"2019\" data-end=\"2031\">Sombras:<\/strong> Aplica en el p\u00e1rpado. Usa tonos oscuros en el pliegue y tonos claros bajo la ceja. <\/p>\n<\/li>\n<li data-start=\"2120\" data-end=\"2210\">\n<p data-start=\"2122\" data-end=\"2210\"><strong data-start=\"2122\" data-end=\"2139\">Iluminadores:<\/strong> Aplica en los p\u00f3mulos, puente de la nariz y arco de cupido.<\/p>\n<\/li>\n<li data-start=\"2211\" data-end=\"2282\">\n<p data-start=\"2213\" data-end=\"2282\"><strong data-start=\"2213\" data-end=\"2223\">Colorete:<\/strong> Difumina en las mejillas para un toque saludable de color.<\/p>\n<\/li>\n<li data-start=\"2283\" data-end=\"2404\">\n<p data-start=\"2285\" data-end=\"2404\"><strong data-start=\"2285\" data-end=\"2297\">Bronceador:<\/strong> Aplica en todo el rostro para dar calidez a la piel o contornea en las sienes, mand\u00edbula y mejillas para definici\u00f3n.<\/p>\n<\/li>\n<\/ul>\n<hr data-start=\"2406\" data-end=\"2409\">\n<h3 data-start=\"2411\" data-end=\"2442\">\ud83d\udce6 <strong data-start=\"2418\" data-end=\"2442\">Informaci\u00f3n T\u00e9cnica<\/strong><\/h3>\n<ul data-start=\"2444\" data-end=\"2977\">\n<li data-start=\"2444\" data-end=\"2480\">\n<p data-start=\"2446\" data-end=\"2480\"><strong data-start=\"2446\" data-end=\"2456\">Marca:<\/strong> LAURA GELLER NEW YORK<\/p>\n<\/li>\n<li data-start=\"2481\" data-end=\"2536\">\n<p data-start=\"2483\" data-end=\"2536\"><strong data-start=\"2483\" data-end=\"2492\">Nombre:<\/strong> Best of the Best Baked Face &amp; Eye Palette<\/p>\n<\/li>\n<li data-start=\"2537\" data-end=\"2572\">\n<p data-start=\"2539\" data-end=\"2572\"><strong data-start=\"2539\" data-end=\"2551\">Formato:<\/strong> Polvo compacto horneado<\/p>\n<\/li>\n<li data-start=\"2573\" data-end=\"2610\">\n<p data-start=\"2575\" data-end=\"2610\"><strong data-start=\"2575\" data-end=\"2589\">Cobertura:<\/strong> Completa\/modulable<\/p>\n<\/li>\n<li data-start=\"2611\" data-end=\"2660\">\n<p data-start=\"2613\" data-end=\"2660\"><strong data-start=\"2613\" data-end=\"2621\">Color:<\/strong> 01 \u2013 Best of the Best (tonos neutros)<\/p>\n<\/li>\n<li data-start=\"2661\" data-end=\"2699\">\n<p data-start=\"2663\" data-end=\"2699\"><strong data-start=\"2663\" data-end=\"2678\">Acabado:<\/strong> Natural y luminoso<\/p>\n<\/li>\n<li data-start=\"2700\" data-end=\"2734\">\n<p data-start=\"2702\" data-end=\"2734\"><strong data-start=\"2702\" data-end=\"2718\">Tono de piel:<\/strong> Todos los tonos<\/p>\n<\/li>\n<li data-start=\"2735\" data-end=\"2761\">\n<p data-start=\"2737\" data-end=\"2761\"><strong data-start=\"2737\" data-end=\"2754\">Peso neto:<\/strong> 45 g<\/p>\n<\/li>\n<li data-start=\"2762\" data-end=\"2812\">\n<p data-start=\"2764\" data-end=\"2812\"><strong data-start=\"2764\" data-end=\"2791\">Dimensiones del envase:<\/strong> 19,8 x 18 x 3,6 cm<\/p>\n<\/li>\n<li data-start=\"2813\" data-end=\"2841\">\n<p data-start=\"2815\" data-end=\"2841\"><strong data-start=\"2815\" data-end=\"2826\">Modelo:<\/strong> 0105-0055012<\/p>\n<\/li>\n<li data-start=\"2842\" data-end=\"2867\">\n<p data-start=\"2844\" data-end=\"2867\"><strong data-start=\"2844\" data-end=\"2852\">UPC:<\/strong> 849154046546<\/p>\n<\/li>\n<li data-start=\"2868\" data-end=\"2892\">\n<p data-start=\"2870\" data-end=\"2892\"><strong data-start=\"2870\" data-end=\"2879\">ASIN:<\/strong> B0BBH8FRYL<\/p>\n<\/li>\n<li data-start=\"2893\" data-end=\"2934\">\n<p data-start=\"2895\" data-end=\"2934\"><strong data-start=\"2895\" data-end=\"2910\">Fabricante:<\/strong> LAURA GELLER NEW YORK<\/p>\n<\/li>\n<li data-start=\"2935\" data-end=\"2977\">\n<p data-start=\"2937\" data-end=\"2977\"><strong data-start=\"2937\" data-end=\"2971\">Descontinuado por el fabricante:<\/strong> No<\/p>\n<\/li>\n<\/ul>\n","protected":false},"excerpt":{"rendered":"<p>\ud83c\udfa8 LAURA GELLER NEW YORK &#8211; Paleta Completa &#8220;Best of the Best&#8221; | Colorete, Iluminador, Bronceador y Sombras | Acabado Horneado | Tama\u00f1o Completo e Ideal para Viajes \u2728 Descripci\u00f3n Comercial Optimizada Descubre la paleta m\u00e1s ic\u00f3nica de LAURA GELLER con los mejores productos horneados para rostro y ojos en un \u00fanico estuche. La &#8220;Best [&#8230;]\n","protected":false},"featured_media":5908,"comment_status":"open","ping_status":"closed","template":"","meta":[],"product_brand":[],"product_cat":[3730],"product_tag":[],"class_list":{"0":"post-6121","1":"product","2":"type-product","3":"status-publish","4":"has-post-thumbnail","6":"product_cat-belleza-y-bienestar","8":"first","9":"outofstock","10":"taxable","11":"shipping-taxable","12":"purchasable","13":"product-type-simple"},"jetpack_sharing_enabled":true,"_links":{"self":[{"href":"https:\/\/muneka.us\/es\/wp-json\/wp\/v2\/product\/6121","targetHints":{"allow":["GET"]}}],"collection":[{"href":"https:\/\/muneka.us\/es\/wp-json\/wp\/v2\/product"}],"about":[{"href":"https:\/\/muneka.us\/es\/wp-json\/wp\/v2\/types\/product"}],"replies":[{"embeddable":true,"href":"https:\/\/muneka.us\/es\/wp-json\/wp\/v2\/comments?post=6121"}],"wp:featuredmedia":[{"embeddable":true,"href":"https:\/\/muneka.us\/es\/wp-json\/wp\/v2\/media\/5908"}],"wp:attachment":[{"href":"https:\/\/muneka.us\/es\/wp-json\/wp\/v2\/media?parent=6121"}],"wp:term":[{"taxonomy":"product_brand","embeddable":true,"href":"https:\/\/muneka.us\/es\/wp-json\/wp\/v2\/product_brand?post=6121"},{"taxonomy":"product_cat","embeddable":true,"href":"https:\/\/muneka.us\/es\/wp-json\/wp\/v2\/product_cat?post=6121"},{"taxonomy":"product_tag","embeddable":true,"href":"https:\/\/muneka.us\/es\/wp-json\/wp\/v2\/product_tag?post=6121"}],"curies":[{"name":"wp","href":"https:\/\/api.w.org\/{rel}","templated":true}]}}