{"id":6113,"date":"2025-09-25T20:04:50","date_gmt":"2025-09-25T23:04:50","guid":{"rendered":"https:\/\/muneka.us\/product\/byoma-hydrating-milky-toner-tonico-facial-hidratante-y-luminoso-para-el-rostro-calma-la-piel-retiene-la-hidratacion-reduce-el-enrojecimiento-reparacion-de-la-barrera-cutanea-5-07-fl-oz\/"},"modified":"2026-01-15T11:29:01","modified_gmt":"2026-01-15T14:29:01","slug":"byoma-hydrating-milky-toner-tonico-facial-hidratante-y-luminoso-para-el-rostro-calma-la-piel-retiene-la-hidratacion-reduce-el-enrojecimiento-reparacion-de-la-barrera-cutanea-5-07-fl-oz","status":"publish","type":"product","link":"https:\/\/muneka.us\/es\/producto\/byoma-hydrating-milky-toner-tonico-facial-hidratante-y-luminoso-para-el-rostro-calma-la-piel-retiene-la-hidratacion-reduce-el-enrojecimiento-reparacion-de-la-barrera-cutanea-5-07-fl-oz\/","title":{"rendered":"BYOMA Hydrating Milky Toner &#8211; T\u00f3nico facial hidratante y luminoso para el rostro &#8211; Calma la piel, retiene la hidrataci\u00f3n, reduce el enrojecimiento &#8211; Reparaci\u00f3n de la barrera cut\u00e1nea &#8211; 5.07 fl oz"},"content":{"rendered":"<h2 data-start=\"387\" data-end=\"569\">\ud83d\udca7 <strong data-start=\"393\" data-end=\"569\">BYOMA T\u00f3nico Hidratante Milky Toner | T\u00f3nico Facial Hidratante con \u00c1cido Poliglut\u00e1mico, Cica y Complejo de L\u00edpidos | Reduce el Enrojecimiento y Repara la Barrera de la Piel | 150 ml<\/strong><\/h2>\n<div><strong data-start=\"393\" data-end=\"569\"><br \/><\/strong><\/div>\n<div><strong data-start=\"393\" data-end=\"569\"><\/p>\n<h3 data-start=\"1462\" data-end=\"1493\">\ud83d\udce6 <span data-start=\"1469\" data-end=\"1493\" style=\"font-weight: bolder\">Descripci\u00f3n del Producto<\/span><\/h3>\n<p data-start=\"1495\" data-end=\"1794\" style=\"font-weight: 400\">El&nbsp;<span data-start=\"1497\" data-end=\"1528\" style=\"font-weight: bolder\">BYOMA Hydrating Milky Toner<\/span> es un t\u00f3nico facial hidratante desarrollado para calmar, hidratar profundamente y fortalecer la barrera natural de la piel. Su f\u00f3rmula suave, con textura lechosa, es ideal para pieles secas, sensibles o sensibilizadas, proporcionando alivio inmediato y brillo saludable. <\/p>\n<p data-start=\"1796\" data-end=\"2048\" style=\"font-weight: 400\">Combinando el poder del <span data-start=\"1818\" data-end=\"1841\" style=\"font-weight: bolder\">\u00c1cido Poliglut\u00e1mico<\/span>, de la <span data-start=\"1846\" data-end=\"1874\" style=\"font-weight: bolder\">Centella Asi\u00e1tica (Cica)<\/span> y del exclusivo <span data-start=\"1890\" data-end=\"1915\" style=\"font-weight: bolder\">Barrier Lipid Complex<\/span> con ceramidas, este t\u00f3nico act\u00faa en m\u00faltiples capas de la piel, promoviendo la retenci\u00f3n de humedad, el equilibrio y la reducci\u00f3n del enrojecimiento.<\/p>\n<p data-start=\"2050\" data-end=\"2256\" style=\"font-weight: 400\">Con el uso continuo, la piel queda visiblemente m\u00e1s sana, suave y protegida contra agresiones externas. Adem\u00e1s, el producto es &nbsp;<span data-start=\"2177\" data-end=\"2232\" style=\"font-weight: bolder\">libre de alcohol, fragancias artificiales, parabenos<\/span> y no obstruye los poros.<\/p>\n<p><\/strong><\/div>\n<hr data-start=\"571\" data-end=\"574\">\n<h3 data-start=\"576\" data-end=\"622\">\u2705 <strong data-start=\"582\" data-end=\"622\">Caracter\u00edsticas Destacadas del Producto<\/strong><\/h3>\n<ul data-start=\"624\" data-end=\"1455\">\n<li data-start=\"624\" data-end=\"782\">\n<p data-start=\"626\" data-end=\"782\"><strong data-start=\"626\" data-end=\"661\">Hidrataci\u00f3n profunda e inmediata:<\/strong> F\u00f3rmula lechosa ultra suave que hidrata instant\u00e1neamente y deja la piel suave, luminosa y con vitalidad durante todo el d\u00eda.<\/p>\n<\/li>\n<li data-start=\"783\" data-end=\"940\">\n<p data-start=\"785\" data-end=\"940\"><strong data-start=\"785\" data-end=\"816\">Calma y reduce el enrojecimiento:<\/strong> Enriquecido con <strong data-start=\"833\" data-end=\"856\">\u00c1cido Poliglut\u00e1mico<\/strong> y <strong data-start=\"859\" data-end=\"867\">Cica<\/strong>, activos que suavizan la piel sensible y reducen los signos de sequedad.<\/p>\n<\/li>\n<li data-start=\"941\" data-end=\"1122\">\n<p data-start=\"943\" data-end=\"1122\"><strong data-start=\"943\" data-end=\"976\">Fortalece la barrera de la piel:<\/strong> Con el exclusivo <strong data-start=\"993\" data-end=\"1018\">Barrier Lipid Complex<\/strong> de BYOMA, que combina ceramidas y l\u00edpidos biomim\u00e9ticos para proteger y restaurar la barrera cut\u00e1nea.<\/p>\n<\/li>\n<li data-start=\"1123\" data-end=\"1293\">\n<p data-start=\"1125\" data-end=\"1293\"><strong data-start=\"1125\" data-end=\"1167\">Compatible con todos los tipos de piel:<\/strong> Dermatol\u00f3gicamente testado, libre de alcohol, fragancias, jab\u00f3n e ingredientes comedog\u00e9nicos. <strong data-start=\"1262\" data-end=\"1271\">Vegano<\/strong> y <strong data-start=\"1274\" data-end=\"1290\">cruelty free<\/strong>.<\/p>\n<\/li>\n<li data-start=\"1294\" data-end=\"1455\">\n<p data-start=\"1296\" data-end=\"1455\"><strong data-start=\"1296\" data-end=\"1347\">Resultados visibles y respaldados por la ciencia:<\/strong> F\u00f3rmulas cl\u00ednicamente comprobadas que respetan la piel y entregan resultados eficaces desde el primer uso.<\/p>\n<\/li>\n<\/ul>\n<hr data-start=\"2258\" data-end=\"2261\">\n<h3 data-start=\"2263\" data-end=\"2297\">\ud83d\udd27 <strong data-start=\"2270\" data-end=\"2297\">Especificaciones T\u00e9cnicas<\/strong><\/h3>\n<ul data-start=\"2299\" data-end=\"3076\">\n<li data-start=\"2299\" data-end=\"2319\">\n<p data-start=\"2301\" data-end=\"2319\"><strong data-start=\"2301\" data-end=\"2311\">Marca:<\/strong> BYOMA<\/p>\n<\/li>\n<li data-start=\"2320\" data-end=\"2358\">\n<p data-start=\"2322\" data-end=\"2358\"><strong data-start=\"2322\" data-end=\"2334\">Producto:<\/strong> Hydrating Milky Toner<\/p>\n<\/li>\n<li data-start=\"2359\" data-end=\"2423\">\n<p data-start=\"2361\" data-end=\"2423\"><strong data-start=\"2361\" data-end=\"2381\">Tipo de producto:<\/strong> T\u00f3nico facial l\u00edquido (textura lechosa)<\/p>\n<\/li>\n<li data-start=\"2424\" data-end=\"2459\">\n<p data-start=\"2426\" data-end=\"2459\"><strong data-start=\"2426\" data-end=\"2437\">Volumen:<\/strong> 150 ml \/ 5.07 fl oz<\/p>\n<\/li>\n<li data-start=\"2460\" data-end=\"2494\">\n<p data-start=\"2462\" data-end=\"2494\"><strong data-start=\"2462\" data-end=\"2474\">Textura:<\/strong> L\u00edquida y cremosa<\/p>\n<\/li>\n<li data-start=\"2495\" data-end=\"2570\">\n<p data-start=\"2497\" data-end=\"2570\"><strong data-start=\"2497\" data-end=\"2519\">Indicaci\u00f3n de piel:<\/strong> Todos los tipos (especialmente secas y sensibles)<\/p>\n<\/li>\n<li data-start=\"2571\" data-end=\"2679\">\n<p data-start=\"2573\" data-end=\"2679\"><strong data-start=\"2573\" data-end=\"2595\">Activos principales:<\/strong> \u00c1cido Poliglut\u00e1mico, Centella Asi\u00e1tica (Cica), Complejo de L\u00edpidos con Ceramidas<\/p>\n<\/li>\n<li data-start=\"2680\" data-end=\"2764\">\n<p data-start=\"2682\" data-end=\"2764\"><strong data-start=\"2682\" data-end=\"2697\">Beneficios:<\/strong> Hidrata, calma, fortalece la barrera de la piel, reduce el enrojecimiento<\/p>\n<\/li>\n<li data-start=\"2765\" data-end=\"2836\">\n<p data-start=\"2767\" data-end=\"2836\"><strong data-start=\"2767\" data-end=\"2780\">Libre de:<\/strong> Alcohol, fragancia, jab\u00f3n, ingredientes comedog\u00e9nicos<\/p>\n<\/li>\n<li data-start=\"2837\" data-end=\"2870\">\n<p data-start=\"2839\" data-end=\"2870\"><strong data-start=\"2839\" data-end=\"2864\">Vegano y Cruelty Free:<\/strong> S\u00ed<\/p>\n<\/li>\n<li data-start=\"2871\" data-end=\"2949\">\n<p data-start=\"2873\" data-end=\"2949\"><strong data-start=\"2873\" data-end=\"2900\">Dimensiones del embalaje:<\/strong> 4,24 x 4,24 x 16,84 cm (1.67 x 1.67 x 6.63 in)<\/p>\n<\/li>\n<li data-start=\"2950\" data-end=\"2979\">\n<p data-start=\"2952\" data-end=\"2979\"><strong data-start=\"2952\" data-end=\"2961\">Peso:<\/strong> 240 g (8.47 oz)<\/p>\n<\/li>\n<li data-start=\"2980\" data-end=\"3025\">\n<p data-start=\"2982\" data-end=\"3025\"><strong data-start=\"2982\" data-end=\"2993\">Modelo:<\/strong> BYOMA | HYDRATING MILKY TONER<\/p>\n<\/li>\n<li data-start=\"3026\" data-end=\"3050\">\n<p data-start=\"3028\" data-end=\"3050\"><strong data-start=\"3028\" data-end=\"3037\">ASIN:<\/strong> B0CSDWS3HJ<\/p>\n<\/li>\n<li data-start=\"3051\" data-end=\"3076\">\n<p data-start=\"3053\" data-end=\"3076\"><strong data-start=\"3053\" data-end=\"3068\">Fabricante:<\/strong> BYOMA<\/p>\n<\/li>\n<\/ul>\n","protected":false},"excerpt":{"rendered":"<p>\ud83d\udca7 BYOMA T\u00f3nico Hidratante Milky Toner | T\u00f3nico Facial Hidratante con \u00c1cido Poliglut\u00e1mico, Cica y Complejo de L\u00edpidos | Reduce el Enrojecimiento y Repara la Barrera de la Piel | 150 ml \ud83d\udce6 Descripci\u00f3n del Producto El&nbsp;BYOMA Hydrating Milky Toner es un t\u00f3nico facial hidratante desarrollado para calmar, hidratar profundamente y fortalecer la barrera natural [&#8230;]\n","protected":false},"featured_media":5922,"comment_status":"open","ping_status":"closed","template":"","meta":[],"product_brand":[],"product_cat":[3728],"product_tag":[],"class_list":{"0":"post-6113","1":"product","2":"type-product","3":"status-publish","4":"has-post-thumbnail","6":"product_cat-perfumes","8":"first","9":"outofstock","10":"taxable","11":"shipping-taxable","12":"purchasable","13":"product-type-simple"},"jetpack_sharing_enabled":true,"_links":{"self":[{"href":"https:\/\/muneka.us\/es\/wp-json\/wp\/v2\/product\/6113","targetHints":{"allow":["GET"]}}],"collection":[{"href":"https:\/\/muneka.us\/es\/wp-json\/wp\/v2\/product"}],"about":[{"href":"https:\/\/muneka.us\/es\/wp-json\/wp\/v2\/types\/product"}],"replies":[{"embeddable":true,"href":"https:\/\/muneka.us\/es\/wp-json\/wp\/v2\/comments?post=6113"}],"wp:featuredmedia":[{"embeddable":true,"href":"https:\/\/muneka.us\/es\/wp-json\/wp\/v2\/media\/5922"}],"wp:attachment":[{"href":"https:\/\/muneka.us\/es\/wp-json\/wp\/v2\/media?parent=6113"}],"wp:term":[{"taxonomy":"product_brand","embeddable":true,"href":"https:\/\/muneka.us\/es\/wp-json\/wp\/v2\/product_brand?post=6113"},{"taxonomy":"product_cat","embeddable":true,"href":"https:\/\/muneka.us\/es\/wp-json\/wp\/v2\/product_cat?post=6113"},{"taxonomy":"product_tag","embeddable":true,"href":"https:\/\/muneka.us\/es\/wp-json\/wp\/v2\/product_tag?post=6113"}],"curies":[{"name":"wp","href":"https:\/\/api.w.org\/{rel}","templated":true}]}}