{"id":6109,"date":"2025-09-25T20:44:18","date_gmt":"2025-09-25T23:44:18","guid":{"rendered":"https:\/\/muneka.us\/product\/supergoop-glowscreen-spf-40-sunrise-champagne-glow-1-7-fl-oz-prebase-luminosa-protector-solar-tintado-de-amplio-espectro-ayuda-a-filtrar-la-luz-azul-hidratacion-acido-hialuronico\/"},"modified":"2025-09-25T20:44:18","modified_gmt":"2025-09-25T23:44:18","slug":"supergoop-glowscreen-spf-40-sunrise-champagne-glow-1-7-fl-oz-prebase-luminosa-protector-solar-tintado-de-amplio-espectro-ayuda-a-filtrar-la-luz-azul-hidratacion-acido-hialuronico","status":"publish","type":"product","link":"https:\/\/muneka.us\/es\/producto\/supergoop-glowscreen-spf-40-sunrise-champagne-glow-1-7-fl-oz-prebase-luminosa-protector-solar-tintado-de-amplio-espectro-ayuda-a-filtrar-la-luz-azul-hidratacion-acido-hialuronico\/","title":{"rendered":"\u00a1Supergoop! Glowscreen SPF 40, Sunrise (Champagne Glow) &#8211; 1.7 fl oz &#8211; Prebase Luminosa + Protector Solar Tintado de Amplio Espectro &#8211; Ayuda a Filtrar la Luz Azul &#8211; Hidrataci\u00f3n &#8211; \u00c1cido Hialur\u00f3nico &amp; Vitamina B5"},"content":{"rendered":"<h2 data-start=\"383\" data-end=\"549\">\u2600\ufe0f  <strong data-start=\"389\" data-end=\"549\">Supergoop! Glowscreen FPS 40 \u2013 Sunrise (Champagne Glow) | Protector Solar con Color y Prebase Iluminadora | Hidrataci\u00f3n con \u00c1cido Hialur\u00f3nico + Vitamina B5 | 50ml <\/strong><\/h2>\n<div><strong data-start=\"389\" data-end=\"549\"><br \/><\/strong><\/div>\n<div><strong data-start=\"389\" data-end=\"549\"><\/p>\n<h3 data-start=\"1345\" data-end=\"1376\">\ud83d\udce6 <span data-start=\"1352\" data-end=\"1376\" style=\"font-weight: bolder\">Descripci\u00f3n del Producto<\/span><\/h3>\n<p data-start=\"1378\" data-end=\"1684\" style=\"font-weight: 400\">El&nbsp;<span data-start=\"1380\" data-end=\"1422\" style=\"font-weight: bolder\">Supergoop! Glowscreen FPS 40 \u2013 Sunrise <\/span>&nbsp;es un protector solar facial con color y acabado glow, que une&nbsp;<span data-start=\"1485\" data-end=\"1553\" style=\"font-weight: bolder\">protecci\u00f3n solar, hidrataci\u00f3n y prebase iluminadora en un \u00fanico paso<\/span>. Su f\u00f3rmula ligera y cremosa ofrece &nbsp;<span data-start=\"1590\" data-end=\"1618\" style=\"font-weight: bolder\">FPS 40 de amplio espectro<\/span> (UVA\/UVB) y ayuda a proteger contra la luz azul emitida por pantallas.<\/p>\n<p data-start=\"1686\" data-end=\"1951\" style=\"font-weight: 400\">Con&nbsp;<span data-start=\"1690\" data-end=\"1738\" style=\"font-weight: bolder\">\u00e1cido hialur\u00f3nico, vitamina B5 y niacinamida<\/span>, promueve una hidrataci\u00f3n profunda, mejora la elasticidad de la piel y proporciona un&nbsp;<span data-start=\"1817\" data-end=\"1868\" style=\"font-weight: bolder\">efecto iluminado sin apariencia grasa o pesada<\/span>. El tono &#8220;Sunrise&#8221; aporta un brillo champagne sutil que realza la luminosidad natural de la piel. <\/p>\n<p data-start=\"1953\" data-end=\"2169\" style=\"font-weight: 400\">Ideal para uso diario, ya sea&nbsp;<span data-start=\"1981\" data-end=\"2013\" style=\"font-weight: bolder\">solo para un look natural<\/span>, o como&nbsp;<span data-start=\"2023\" data-end=\"2061\" style=\"font-weight: bolder\">prebase luminosa antes del maquillaje<\/span>. El producto tambi\u00e9n contiene &nbsp;<span data-start=\"2087\" data-end=\"2106\" style=\"font-weight: bolder\">lavanda marina<\/span>, rica en antioxidantes que ayudan a proteger y calmar la piel.<\/p>\n<p><\/strong><\/div>\n<hr data-start=\"551\" data-end=\"554\">\n<h3 data-start=\"556\" data-end=\"602\">\u2705 <strong data-start=\"562\" data-end=\"602\">Caracter\u00edsticas Destacadas del Producto<\/strong><\/h3>\n<h3 data-start=\"556\" data-end=\"602\"><span style=\"font-size: 16px\">\u2728 <\/span><strong data-start=\"608\" data-end=\"651\" style=\"font-size: 16px\">Protector solar multifuncional (FPS 40):<\/strong><span style=\"font-size: 16px\"> Protege contra los rayos UVA\/UVB y la luz azul, al mismo tiempo que act\u00faa como prebase iluminadora para un brillo saludable y natural.<\/span><\/h3>\n<ul data-start=\"604\" data-end=\"1338\">\n<li data-start=\"777\" data-end=\"911\">\n<p data-start=\"779\" data-end=\"911\">\ud83d\udca7 <strong data-start=\"782\" data-end=\"817\">Hidrataci\u00f3n intensa y duradera:<\/strong> Con \u00e1cido hialur\u00f3nico, vitamina B5 y niacinamida, deja la piel suave, hidratada y con luminosidad.<\/p>\n<\/li>\n<li data-start=\"912\" data-end=\"1068\">\n<p data-start=\"914\" data-end=\"1068\">\ud83c\udf08 <strong data-start=\"917\" data-end=\"964\">Acabado radiante y sin brillo excesivo:<\/strong> F\u00f3rmula con un toque perlado que ilumina sin purpurina ni grasa \u2014 ideal para todo tipo de piel.<\/p>\n<\/li>\n<li data-start=\"1069\" data-end=\"1219\">\n<p data-start=\"1071\" data-end=\"1219\">\ud83d\udee1\ufe0f <strong data-start=\"1075\" data-end=\"1113\">Protecci\u00f3n + cuidado en un solo paso:<\/strong> Con lavanda marina y antioxidantes para reforzar la hidrataci\u00f3n y proteger contra agresores ambientales.<\/p>\n<\/li>\n<li data-start=\"1220\" data-end=\"1338\">\n<p data-start=\"1222\" data-end=\"1338\">\ud83d\udc84 <strong data-start=\"1225\" data-end=\"1263\">Perfecto como base para maquillaje:<\/strong> Funciona como prebase, uniformiza el tono y mejora la adherencia del maquillaje.<\/p>\n<\/li>\n<\/ul>\n<hr data-start=\"1340\" data-end=\"1343\">\n<h3 data-start=\"1345\" data-end=\"1376\"><\/h3>\n<h3 data-start=\"2176\" data-end=\"2210\">\ud83d\udd27 <strong data-start=\"2183\" data-end=\"2210\">Especificaciones T\u00e9cnicas<\/strong><\/h3>\n<ul data-start=\"2212\" data-end=\"3026\">\n<li data-start=\"2212\" data-end=\"2237\">\n<p data-start=\"2214\" data-end=\"2237\"><strong data-start=\"2214\" data-end=\"2224\">Marca:<\/strong> Supergoop!<\/p>\n<\/li>\n<li data-start=\"2238\" data-end=\"2282\">\n<p data-start=\"2240\" data-end=\"2282\"><strong data-start=\"2240\" data-end=\"2252\">Producto:<\/strong> Glowscreen FPS 40 \u2013 Sunrise<\/p>\n<\/li>\n<li data-start=\"2283\" data-end=\"2327\">\n<p data-start=\"2285\" data-end=\"2327\"><strong data-start=\"2285\" data-end=\"2300\">Color\/Brillo:<\/strong> Sunrise \u2013 Champagne Glow<\/p>\n<\/li>\n<li data-start=\"2328\" data-end=\"2380\">\n<p data-start=\"2330\" data-end=\"2380\"><strong data-start=\"2330\" data-end=\"2339\">Tipo:<\/strong> Protector solar facial con color + Prebase<\/p>\n<\/li>\n<li data-start=\"2381\" data-end=\"2439\">\n<p data-start=\"2383\" data-end=\"2439\"><strong data-start=\"2383\" data-end=\"2405\">Factor de protecci\u00f3n:<\/strong> FPS 40 (amplio espectro UVA\/UVB)<\/p>\n<\/li>\n<li data-start=\"2440\" data-end=\"2473\">\n<p data-start=\"2442\" data-end=\"2473\"><strong data-start=\"2442\" data-end=\"2457\">Fragancia:<\/strong> Lavanda suave<\/p>\n<\/li>\n<li data-start=\"2474\" data-end=\"2529\">\n<p data-start=\"2476\" data-end=\"2529\"><strong data-start=\"2476\" data-end=\"2488\">Textura:<\/strong> Ligera, cremosa, con acabado perlado<\/p>\n<\/li>\n<li data-start=\"2530\" data-end=\"2575\">\n<p data-start=\"2532\" data-end=\"2575\"><strong data-start=\"2532\" data-end=\"2550\">Indicado para:<\/strong> Todo tipo de piel<\/p>\n<\/li>\n<li data-start=\"2576\" data-end=\"2663\">\n<p data-start=\"2578\" data-end=\"2663\"><strong data-start=\"2578\" data-end=\"2600\">Activos principales:<\/strong> \u00c1cido hialur\u00f3nico, vitamina B5, niacinamida, lavanda marina<\/p>\n<\/li>\n<li data-start=\"2664\" data-end=\"2697\">\n<p data-start=\"2666\" data-end=\"2697\"><strong data-start=\"2666\" data-end=\"2677\">Volumen:<\/strong> 50 ml (1.7 fl oz)<\/p>\n<\/li>\n<li data-start=\"2698\" data-end=\"2753\">\n<p data-start=\"2700\" data-end=\"2753\"><strong data-start=\"2700\" data-end=\"2714\">Dimensiones:<\/strong> 3,3 x 5 x 13,5 cm (1.3 x 2 x 5.3 in)<\/p>\n<\/li>\n<li data-start=\"2754\" data-end=\"2789\">\n<p data-start=\"2756\" data-end=\"2789\"><strong data-start=\"2756\" data-end=\"2773\">Peso neto:<\/strong> 48 g (1.7 oz)<\/p>\n<\/li>\n<li data-start=\"2790\" data-end=\"2813\">\n<p data-start=\"2792\" data-end=\"2813\"><strong data-start=\"2792\" data-end=\"2803\">Modelo:<\/strong> 2315158<\/p>\n<\/li>\n<li data-start=\"2814\" data-end=\"2844\">\n<p data-start=\"2816\" data-end=\"2844\"><strong data-start=\"2816\" data-end=\"2833\">Departamento:<\/strong> Mujer<\/p>\n<\/li>\n<li data-start=\"2845\" data-end=\"2870\">\n<p data-start=\"2847\" data-end=\"2870\"><strong data-start=\"2847\" data-end=\"2855\">UPC:<\/strong> 816218026882<\/p>\n<\/li>\n<li data-start=\"2871\" data-end=\"2895\">\n<p data-start=\"2873\" data-end=\"2895\"><strong data-start=\"2873\" data-end=\"2882\">ASIN:<\/strong> B088ZRZ668<\/p>\n<\/li>\n<li data-start=\"2896\" data-end=\"2926\">\n<p data-start=\"2898\" data-end=\"2926\"><strong data-start=\"2898\" data-end=\"2913\">Fabricante:<\/strong> Supergoop!<\/p>\n<\/li>\n<li data-start=\"2927\" data-end=\"2952\">\n<p data-start=\"2929\" data-end=\"2952\"><strong data-start=\"2929\" data-end=\"2946\">Cruelty-Free:<\/strong> S\u00ed<\/p>\n<\/li>\n<li data-start=\"2953\" data-end=\"3026\">\n<p data-start=\"2955\" data-end=\"3026\"><strong data-start=\"2955\" data-end=\"2968\">Libre de:<\/strong> Parabenos, aceites minerales, fragancias sint\u00e9ticas pesadas<\/p>\n<\/li>\n<\/ul>\n","protected":false},"excerpt":{"rendered":"<p>\u2600\ufe0f Supergoop! Glowscreen FPS 40 \u2013 Sunrise (Champagne Glow) | Protector Solar con Color y Prebase Iluminadora | Hidrataci\u00f3n con \u00c1cido Hialur\u00f3nico + Vitamina B5 | 50ml \ud83d\udce6 Descripci\u00f3n del Producto El&nbsp;Supergoop! Glowscreen FPS 40 \u2013 Sunrise &nbsp;es un protector solar facial con color y acabado glow, que une&nbsp;protecci\u00f3n solar, hidrataci\u00f3n y prebase iluminadora en [&#8230;]\n","protected":false},"featured_media":5935,"comment_status":"open","ping_status":"closed","template":"","meta":[],"product_brand":[],"product_cat":[3720],"product_tag":[],"class_list":{"0":"post-6109","1":"product","2":"type-product","3":"status-publish","4":"has-post-thumbnail","6":"product_cat-salud-bienestar","8":"first","9":"outofstock","10":"taxable","11":"shipping-taxable","12":"purchasable","13":"product-type-simple"},"jetpack_sharing_enabled":true,"_links":{"self":[{"href":"https:\/\/muneka.us\/es\/wp-json\/wp\/v2\/product\/6109","targetHints":{"allow":["GET"]}}],"collection":[{"href":"https:\/\/muneka.us\/es\/wp-json\/wp\/v2\/product"}],"about":[{"href":"https:\/\/muneka.us\/es\/wp-json\/wp\/v2\/types\/product"}],"replies":[{"embeddable":true,"href":"https:\/\/muneka.us\/es\/wp-json\/wp\/v2\/comments?post=6109"}],"wp:featuredmedia":[{"embeddable":true,"href":"https:\/\/muneka.us\/es\/wp-json\/wp\/v2\/media\/5935"}],"wp:attachment":[{"href":"https:\/\/muneka.us\/es\/wp-json\/wp\/v2\/media?parent=6109"}],"wp:term":[{"taxonomy":"product_brand","embeddable":true,"href":"https:\/\/muneka.us\/es\/wp-json\/wp\/v2\/product_brand?post=6109"},{"taxonomy":"product_cat","embeddable":true,"href":"https:\/\/muneka.us\/es\/wp-json\/wp\/v2\/product_cat?post=6109"},{"taxonomy":"product_tag","embeddable":true,"href":"https:\/\/muneka.us\/es\/wp-json\/wp\/v2\/product_tag?post=6109"}],"curies":[{"name":"wp","href":"https:\/\/api.w.org\/{rel}","templated":true}]}}