{"id":6106,"date":"2025-09-25T20:35:10","date_gmt":"2025-09-25T23:35:10","guid":{"rendered":"https:\/\/muneka.us\/product\/saie-mini-glowy-super-gel-prebase-de-maquillaje-hidratante-e-iluminador-serum-enriquecido-con-vitamina-c-y-aceite-de-escualeno-iluminador-liquido-para-todo-el-cuerpo-para-piel-de-cristal-instantan\/"},"modified":"2025-12-25T10:09:33","modified_gmt":"2025-12-25T13:09:33","slug":"saie-mini-glowy-super-gel-prebase-de-maquillaje-hidratante-e-iluminador-serum-enriquecido-con-vitamina-c-y-aceite-de-escualeno-iluminador-liquido-para-todo-el-cuerpo-para-piel-de-cristal-instantan","status":"publish","type":"product","link":"https:\/\/muneka.us\/es\/producto\/saie-mini-glowy-super-gel-prebase-de-maquillaje-hidratante-e-iluminador-serum-enriquecido-con-vitamina-c-y-aceite-de-escualeno-iluminador-liquido-para-todo-el-cuerpo-para-piel-de-cristal-instantan\/","title":{"rendered":"Saie Mini Glowy Super Gel &#8211; Prebase de Maquillaje Hidratante e Iluminador S\u00e9rum Enriquecido con Vitamina C y Aceite de Escualeno &#8211; Iluminador L\u00edquido para Todo el Cuerpo para Piel de Cristal Instant\u00e1nea &#8211; Starglow (0.5 oz)"},"content":{"rendered":"<h2 data-start=\"332\" data-end=\"525\">\u2728 <strong data-start=\"337\" data-end=\"525\">Saie Glowy Super Gel Iluminador Facial \u2013 05 Starglow | Gel Ligero e Hidratante con Glicerina, Vitamina C y Aceite de Rosa Mosqueta | Prebase, Iluminador o Brillo Natural | Clean Beauty | 14g<\/strong><\/h2>\n<div><strong data-start=\"337\" data-end=\"525\"><br \/><\/strong><\/div>\n<div><strong data-start=\"337\" data-end=\"525\"><\/p>\n<h3 data-start=\"1240\" data-end=\"1271\">\ud83d\udce6 <span data-start=\"1247\" data-end=\"1271\" style=\"font-weight: bolder\">Descripci\u00f3n del Producto<\/span><\/h3>\n<p data-start=\"1273\" data-end=\"1662\" style=\"font-weight: 400\">El&nbsp;<span data-start=\"1275\" data-end=\"1313\" style=\"font-weight: bolder\">Saie Glowy Super Gel \u2013 05 Starglow<\/span> es un gel iluminador ligero, con acabado natural y radiante, ideal para quienes buscan ese&nbsp;<span data-start=\"1404\" data-end=\"1427\" style=\"font-weight: bolder\">efecto &#8220;glass skin&#8221;<\/span> sin esfuerzo. Perfecto para todos los tonos de piel, se puede usar de diversas formas: como &nbsp;<span data-start=\"1522\" data-end=\"1543\" style=\"font-weight: bolder\">prebase iluminadora<\/span>, mezclado con la base o protector solar con color, o como un toque final para realzar puntos estrat\u00e9gicos del rostro y cuerpo.<\/p>\n<p data-start=\"1664\" data-end=\"1727\" style=\"font-weight: 400\">Su f\u00f3rmula es rica en <span data-start=\"1686\" data-end=\"1720\" style=\"font-weight: bolder\">ingredientes de origen natural<\/span>, como:<\/p>\n<ul data-start=\"1729\" data-end=\"1952\" style=\"font-weight: 400\">\n<li data-start=\"1729\" data-end=\"1805\">\n<p data-start=\"1731\" data-end=\"1805\"><span data-start=\"1731\" data-end=\"1753\" style=\"font-weight: bolder\">Glicerina vegetal:<\/span> humectante que atrae y mantiene la hidrataci\u00f3n de la piel<\/p>\n<\/li>\n<li data-start=\"1806\" data-end=\"1868\">\n<p data-start=\"1808\" data-end=\"1868\"><span data-start=\"1808\" data-end=\"1823\" style=\"font-weight: bolder\">Vitamina C:<\/span> promueve brillo natural y mejora la textura<\/p>\n<\/li>\n<li data-start=\"1869\" data-end=\"1952\">\n<p data-start=\"1871\" data-end=\"1952\"><span data-start=\"1871\" data-end=\"1897\" style=\"font-weight: bolder\">Aceite de Rosa Mosqueta:<\/span> antioxidante que ayuda a nutrir y uniformizar la piel<\/p>\n<\/li>\n<\/ul>\n<p data-start=\"1954\" data-end=\"2208\" style=\"font-weight: 400\">Ideal para un look luminoso, saludable y moderno, el <span data-start=\"2007\" data-end=\"2026\" style=\"font-weight: bolder\">Glowy Super Gel<\/span> de Saie est\u00e1 libre de ingredientes agresivos, como parabenos, sulfatos, talco, fragancias sint\u00e9ticas, entre otros. Es <span data-start=\"2144\" data-end=\"2208\" style=\"font-weight: bolder\">vegano, cruelty-free y hecho con responsabilidad ambiental.<\/span><\/p>\n<p><\/strong><\/div>\n<hr data-start=\"527\" data-end=\"530\">\n<h3 data-start=\"532\" data-end=\"578\">\u2705 <strong data-start=\"538\" data-end=\"578\">Caracter\u00edsticas Destacadas del Producto<\/strong><\/h3>\n<ul data-start=\"580\" data-end=\"1233\">\n<li data-start=\"580\" data-end=\"717\">\n<p data-start=\"582\" data-end=\"717\">\ud83d\udca7 <strong data-start=\"585\" data-end=\"618\">Textura ligera, brillo natural:<\/strong> Gel iluminador con acabado glow, que se puede usar solo, como prebase o mezclado con la base.<\/p>\n<\/li>\n<li data-start=\"718\" data-end=\"833\">\n<p data-start=\"720\" data-end=\"833\">\ud83c\udf1f <strong data-start=\"723\" data-end=\"753\">Vers\u00e1til y multifuncional:<\/strong> \u00dasalo en el rostro, escote, hombros o piernas para un efecto radiante en todo el cuerpo.<\/p>\n<\/li>\n<li data-start=\"834\" data-end=\"973\">\n<p data-start=\"836\" data-end=\"973\">\ud83c\udf3f <strong data-start=\"839\" data-end=\"873\">Con activos naturales potentes:<\/strong> Glicerina vegetal (hidrataci\u00f3n), Vitamina C (luminosidad) y Aceite de Rosa Mosqueta (antioxidante).<\/p>\n<\/li>\n<li data-start=\"974\" data-end=\"1096\">\n<p data-start=\"976\" data-end=\"1096\">\ud83e\uddf4 <strong data-start=\"979\" data-end=\"1011\">Aplicaci\u00f3n f\u00e1cil y adaptable:<\/strong> Usa 1 a 2 pulsaciones despu\u00e9s de tu hidratante o m\u00e9zclalo con base o protector solar con color.<\/p>\n<\/li>\n<li data-start=\"1097\" data-end=\"1233\">\n<p data-start=\"1099\" data-end=\"1233\">\u274c <strong data-start=\"1101\" data-end=\"1128\">F\u00f3rmula limpia y segura:<\/strong> Sin parabenos, sulfatos, talco, aceites minerales o fragancias sint\u00e9ticas. Producto vegano y cruelty-free. <\/p>\n<\/li>\n<\/ul>\n<hr data-start=\"1235\" data-end=\"1238\">\n<h3 data-start=\"1240\" data-end=\"1271\"><\/h3>\n<h3 data-start=\"2215\" data-end=\"2249\">\ud83d\udd27 <strong data-start=\"2222\" data-end=\"2249\">Especificaciones T\u00e9cnicas<\/strong><\/h3>\n<ul data-start=\"2251\" data-end=\"2941\">\n<li data-start=\"2251\" data-end=\"2270\">\n<p data-start=\"2253\" data-end=\"2270\"><strong data-start=\"2253\" data-end=\"2263\">Marca:<\/strong> Saie<\/p>\n<\/li>\n<li data-start=\"2271\" data-end=\"2323\">\n<p data-start=\"2273\" data-end=\"2323\"><strong data-start=\"2273\" data-end=\"2285\">Producto:<\/strong> Glowy Super Gel \u2013 Iluminador Facial<\/p>\n<\/li>\n<li data-start=\"2324\" data-end=\"2387\">\n<p data-start=\"2326\" data-end=\"2387\"><strong data-start=\"2326\" data-end=\"2334\">Color:<\/strong> 05 \u2013 Starglow (brillo universal para pieles medias)<\/p>\n<\/li>\n<li data-start=\"2388\" data-end=\"2405\">\n<p data-start=\"2390\" data-end=\"2405\"><strong data-start=\"2390\" data-end=\"2399\">Tipo:<\/strong> Gel<\/p>\n<\/li>\n<li data-start=\"2406\" data-end=\"2444\">\n<p data-start=\"2408\" data-end=\"2444\"><strong data-start=\"2408\" data-end=\"2422\">Cobertura:<\/strong> Ligera \/ Transparente<\/p>\n<\/li>\n<li data-start=\"2445\" data-end=\"2484\">\n<p data-start=\"2447\" data-end=\"2484\"><strong data-start=\"2447\" data-end=\"2462\">Acabado:<\/strong> Iluminado \/ Natural<\/p>\n<\/li>\n<li data-start=\"2485\" data-end=\"2545\">\n<p data-start=\"2487\" data-end=\"2545\"><strong data-start=\"2487\" data-end=\"2504\">Tipo de piel:<\/strong> Todos los tipos (ideal para piel media)<\/p>\n<\/li>\n<li data-start=\"2546\" data-end=\"2578\">\n<p data-start=\"2548\" data-end=\"2578\"><strong data-start=\"2548\" data-end=\"2562\">Indicaci\u00f3n:<\/strong> Rostro y cuerpo<\/p>\n<\/li>\n<li data-start=\"2579\" data-end=\"2697\">\n<p data-start=\"2581\" data-end=\"2697\"><strong data-start=\"2581\" data-end=\"2593\">F\u00f3rmula:<\/strong> Vegana, libre de crueldad, sin parabenos, sulfatos, talco, aceites minerales o fragancias artificiales<\/p>\n<\/li>\n<li data-start=\"2698\" data-end=\"2727\">\n<p data-start=\"2700\" data-end=\"2727\"><strong data-start=\"2700\" data-end=\"2711\">Volumen:<\/strong> 14g \/ 0.48 oz<\/p>\n<\/li>\n<li data-start=\"2728\" data-end=\"2784\">\n<p data-start=\"2730\" data-end=\"2784\"><strong data-start=\"2730\" data-end=\"2744\">Dimensiones:<\/strong> 0.01 x 0.01 x 9,3 cm (3.65 in altura)<\/p>\n<\/li>\n<li data-start=\"2785\" data-end=\"2814\">\n<p data-start=\"2787\" data-end=\"2814\"><strong data-start=\"2787\" data-end=\"2796\">Peso:<\/strong> 13.6g (0.48 oz)<\/p>\n<\/li>\n<li data-start=\"2815\" data-end=\"2839\">\n<p data-start=\"2817\" data-end=\"2839\"><strong data-start=\"2817\" data-end=\"2832\">Fabricante:<\/strong> Saie<\/p>\n<\/li>\n<li data-start=\"2840\" data-end=\"2865\">\n<p data-start=\"2842\" data-end=\"2865\"><strong data-start=\"2842\" data-end=\"2850\">UPC:<\/strong> 810029480383<\/p>\n<\/li>\n<li data-start=\"2866\" data-end=\"2890\">\n<p data-start=\"2868\" data-end=\"2890\"><strong data-start=\"2868\" data-end=\"2877\">ASIN:<\/strong> B09MZV3H6L<\/p>\n<\/li>\n<li data-start=\"2891\" data-end=\"2941\">\n<p data-start=\"2893\" data-end=\"2941\"><strong data-start=\"2893\" data-end=\"2904\">Estado:<\/strong> Producto en l\u00ednea (no descontinuado)<\/p>\n<\/li>\n<\/ul>\n","protected":false},"excerpt":{"rendered":"<p>\u2728 Saie Glowy Super Gel Iluminador Facial \u2013 05 Starglow | Gel Ligero e Hidratante con Glicerina, Vitamina C y Aceite de Rosa Mosqueta | Prebase, Iluminador o Brillo Natural | Clean Beauty | 14g \ud83d\udce6 Descripci\u00f3n del Producto El&nbsp;Saie Glowy Super Gel \u2013 05 Starglow es un gel iluminador ligero, con acabado natural y [&#8230;]\n","protected":false},"featured_media":5932,"comment_status":"open","ping_status":"closed","template":"","meta":[],"product_brand":[],"product_cat":[3720],"product_tag":[],"class_list":{"0":"post-6106","1":"product","2":"type-product","3":"status-publish","4":"has-post-thumbnail","6":"product_cat-salud-bienestar","8":"first","9":"instock","10":"taxable","11":"shipping-taxable","12":"purchasable","13":"product-type-simple"},"jetpack_sharing_enabled":true,"_links":{"self":[{"href":"https:\/\/muneka.us\/es\/wp-json\/wp\/v2\/product\/6106","targetHints":{"allow":["GET"]}}],"collection":[{"href":"https:\/\/muneka.us\/es\/wp-json\/wp\/v2\/product"}],"about":[{"href":"https:\/\/muneka.us\/es\/wp-json\/wp\/v2\/types\/product"}],"replies":[{"embeddable":true,"href":"https:\/\/muneka.us\/es\/wp-json\/wp\/v2\/comments?post=6106"}],"wp:featuredmedia":[{"embeddable":true,"href":"https:\/\/muneka.us\/es\/wp-json\/wp\/v2\/media\/5932"}],"wp:attachment":[{"href":"https:\/\/muneka.us\/es\/wp-json\/wp\/v2\/media?parent=6106"}],"wp:term":[{"taxonomy":"product_brand","embeddable":true,"href":"https:\/\/muneka.us\/es\/wp-json\/wp\/v2\/product_brand?post=6106"},{"taxonomy":"product_cat","embeddable":true,"href":"https:\/\/muneka.us\/es\/wp-json\/wp\/v2\/product_cat?post=6106"},{"taxonomy":"product_tag","embeddable":true,"href":"https:\/\/muneka.us\/es\/wp-json\/wp\/v2\/product_tag?post=6106"}],"curies":[{"name":"wp","href":"https:\/\/api.w.org\/{rel}","templated":true}]}}