{"id":6101,"date":"2025-09-24T20:14:17","date_gmt":"2025-09-24T23:14:17","guid":{"rendered":"https:\/\/muneka.us\/product\/clinique-even-better-makeup-foundation-broad-spectrum-spf-15-cobertura-media-acabado-natural-con-vitamina-c-unifica-el-tono-de-piel-reduce-las-manchas-oscuras-amber-30-ml\/"},"modified":"2026-01-16T00:03:05","modified_gmt":"2026-01-16T03:03:05","slug":"clinique-even-better-makeup-foundation-broad-spectrum-spf-15-cobertura-media-acabado-natural-con-vitamina-c-unifica-el-tono-de-piel-reduce-las-manchas-oscuras-amber-30-ml","status":"publish","type":"product","link":"https:\/\/muneka.us\/es\/producto\/clinique-even-better-makeup-foundation-broad-spectrum-spf-15-cobertura-media-acabado-natural-con-vitamina-c-unifica-el-tono-de-piel-reduce-las-manchas-oscuras-amber-30-ml\/","title":{"rendered":"Clinique Even Better Makeup Foundation Broad Spectrum SPF 15 | Cobertura Media + Acabado Natural | Con Vitamina C | Unifica el Tono de Piel + Reduce las Manchas Oscuras, Amber, 30 ml"},"content":{"rendered":"<h2 data-start=\"258\" data-end=\"402\">\ud83e\uddf4 <strong data-start=\"264\" data-end=\"402\">Base de Maquillaje Clinique Even Better con SPF 15 \u2013 Cobertura Media | Reduce las Manchas Oscuras | Tono Uniforme \u2013 Color BT Amber WN 118 \u2013 45g<\/strong><\/h2>\n<h2 data-start=\"795\" data-end=\"946\">\n<hr data-start=\"404\" data-end=\"407\">\n<\/h2>\n<h3 data-start=\"409\" data-end=\"465\">\u2705 <strong data-start=\"415\" data-end=\"465\">Descripci\u00f3n del Producto<\/strong><\/h3>\n<h2 data-start=\"795\" data-end=\"946\">\n<\/h2>\n<p data-start=\"467\" data-end=\"848\">La <strong data-start=\"469\" data-end=\"500\">Clinique Even Better SPF 15<\/strong> es una base de maquillaje l\u00edquida de cobertura media y acabado natural, desarrollada por dermat\u00f3logos para ofrecer m\u00e1s que maquillaje: trata visiblemente la piel. Con <strong data-start=\"663\" data-end=\"708\">protecci\u00f3n solar de amplio espectro (SPF 15)<\/strong>, ayuda a prevenir nuevas manchas causadas por el sol y, con el uso continuo, <strong data-start=\"782\" data-end=\"847\">unifica el tono de piel y reduce visiblemente las manchas oscuras<\/strong>. <\/p>\n<p data-start=\"850\" data-end=\"1080\">Ideal para <strong data-start=\"861\" data-end=\"890\">pieles muy secas a secas<\/strong>, su f\u00f3rmula ligera y confortable dura hasta <strong data-start=\"932\" data-end=\"944\">24 horas<\/strong>, sin agrietarse ni marcar las l\u00edneas finas. El color <strong data-start=\"990\" data-end=\"1009\">BT Amber WN 118<\/strong> es perfecto para <strong data-start=\"1026\" data-end=\"1079\">tonos de piel profundos con subtono neutro a c\u00e1lido<\/strong>. <\/p>\n<hr data-start=\"1082\" data-end=\"1085\">\n<h3 data-start=\"1087\" data-end=\"1119\">\ud83d\udd39 <strong data-start=\"1094\" data-end=\"1119\">Beneficios Principales<\/strong><\/h3>\n<h2 data-start=\"795\" data-end=\"946\">\n<ul data-start=\"1121\" data-end=\"1701\">\n<li data-start=\"1121\" data-end=\"1195\">\n<p data-start=\"1123\" data-end=\"1195\">\ud83c\udf1e <strong data-start=\"1126\" data-end=\"1154\">SPF 15 de amplio espectro<\/strong> \u2013 protecci\u00f3n diaria contra rayos UVA\/UVB<\/p>\n<\/li>\n<li data-start=\"1196\" data-end=\"1279\">\n<p data-start=\"1198\" data-end=\"1279\">\ud83e\uddf4 <strong data-start=\"1201\" data-end=\"1234\">Cobertura media y modulable<\/strong> \u2013 disimula imperfecciones con efecto natural<\/p>\n<\/li>\n<li data-start=\"1280\" data-end=\"1377\">\n<p data-start=\"1282\" data-end=\"1377\">\ud83c\udfaf <strong data-start=\"1285\" data-end=\"1323\">Reduce visiblemente las manchas oscuras<\/strong> y mejora la uniformidad de la piel con el uso continuo<\/p>\n<\/li>\n<li data-start=\"1378\" data-end=\"1450\">\n<p data-start=\"1380\" data-end=\"1450\">\ud83d\udca7 <strong data-start=\"1383\" data-end=\"1409\">Hidrataci\u00f3n hasta 24h<\/strong> \u2013 ideal para pieles muy secas a secas<\/p>\n<\/li>\n<li data-start=\"1451\" data-end=\"1558\">\n<p data-start=\"1453\" data-end=\"1558\">\ud83e\uddea <strong data-start=\"1456\" data-end=\"1508\">F\u00f3rmula segura y dermatol\u00f3gicamente desarrollada<\/strong> \u2013 no comedog\u00e9nica y testada para piel sensible<\/p>\n<\/li>\n<li data-start=\"1559\" data-end=\"1629\">\n<p data-start=\"1561\" data-end=\"1629\">\ud83c\udfa8 <strong data-start=\"1564\" data-end=\"1587\">Color BT Amber WN 118<\/strong> \u2013 tono profundo con subtono neutro\/c\u00e1lido<\/p>\n<\/li>\n<li data-start=\"1630\" data-end=\"1701\">\n<p data-start=\"1632\" data-end=\"1701\">\u274c <strong data-start=\"1634\" data-end=\"1664\">F\u00f3rmula limpia y consciente<\/strong> \u2013 libre de ingredientes agresivos<\/p>\n<\/li>\n<\/ul>\n<hr data-start=\"1703\" data-end=\"1706\">\n<\/h2>\n<h3 data-start=\"1708\" data-end=\"1728\">\ud83e\uddfc <strong data-start=\"1715\" data-end=\"1728\">Libre de:<\/strong><\/h3>\n<h2 data-start=\"795\" data-end=\"946\">\n<ul data-start=\"1730\" data-end=\"1855\">\n<li data-start=\"1730\" data-end=\"1765\">\n<p data-start=\"1732\" data-end=\"1765\">Lauril \u00c9ter Sulfato de Sodio<\/p>\n<\/li>\n<li data-start=\"1766\" data-end=\"1793\">\n<p data-start=\"1768\" data-end=\"1793\">Lauril Sulfato de Sodio<\/p>\n<\/li>\n<li data-start=\"1794\" data-end=\"1817\">\n<p data-start=\"1796\" data-end=\"1817\">Colorantes sint\u00e9ticos<\/p>\n<\/li>\n<li data-start=\"1818\" data-end=\"1828\">\n<p data-start=\"1820\" data-end=\"1828\">Gluten<\/p>\n<\/li>\n<li data-start=\"1829\" data-end=\"1839\">\n<p data-start=\"1831\" data-end=\"1839\">Alcohol<\/p>\n<\/li>\n<li data-start=\"1840\" data-end=\"1855\">\n<p data-start=\"1842\" data-end=\"1855\">Fragancias<\/p>\n<\/li>\n<\/ul>\n<hr data-start=\"1857\" data-end=\"1860\">\n<\/h2>\n<h3 data-start=\"1862\" data-end=\"1890\">\ud83d\udce6 <strong data-start=\"1869\" data-end=\"1890\">Detalles T\u00e9cnicos<\/strong><\/h3>\n<h2 data-start=\"795\" data-end=\"946\">\n<ul data-start=\"1892\" data-end=\"2459\">\n<li data-start=\"1892\" data-end=\"1915\">\n<p data-start=\"1894\" data-end=\"1915\"><strong data-start=\"1894\" data-end=\"1904\">Marca:<\/strong> Clinique<\/p>\n<\/li>\n<li data-start=\"1916\" data-end=\"1942\">\n<p data-start=\"1918\" data-end=\"1942\"><strong data-start=\"1918\" data-end=\"1928\">L\u00ednea:<\/strong> Even Better<\/p>\n<\/li>\n<li data-start=\"1943\" data-end=\"1987\">\n<p data-start=\"1945\" data-end=\"1987\"><strong data-start=\"1945\" data-end=\"1965\">Tipo de producto:<\/strong> Base de maquillaje l\u00edquida facial<\/p>\n<\/li>\n<li data-start=\"1988\" data-end=\"2026\">\n<p data-start=\"1990\" data-end=\"2026\"><strong data-start=\"1990\" data-end=\"2004\">Cobertura:<\/strong> Media (modulable)<\/p>\n<\/li>\n<li data-start=\"2027\" data-end=\"2054\">\n<p data-start=\"2029\" data-end=\"2054\"><strong data-start=\"2029\" data-end=\"2044\">Acabado:<\/strong> Natural<\/p>\n<\/li>\n<li data-start=\"2055\" data-end=\"2102\">\n<p data-start=\"2057\" data-end=\"2102\"><strong data-start=\"2057\" data-end=\"2076\">Protecci\u00f3n solar:<\/strong> SPF 15 (amplio espectro)<\/p>\n<\/li>\n<li data-start=\"2103\" data-end=\"2142\">\n<p data-start=\"2105\" data-end=\"2142\"><strong data-start=\"2105\" data-end=\"2122\">Tipo de piel:<\/strong> Muy seca a seca<\/p>\n<\/li>\n<li data-start=\"2143\" data-end=\"2215\">\n<p data-start=\"2145\" data-end=\"2215\"><strong data-start=\"2145\" data-end=\"2153\">Color:<\/strong> BT Amber WN 118 (tonos profundos con subtono neutro a c\u00e1lido)<\/p>\n<\/li>\n<li data-start=\"2216\" data-end=\"2239\">\n<p data-start=\"2218\" data-end=\"2239\"><strong data-start=\"2218\" data-end=\"2229\">Volumen:<\/strong> 45,36 g<\/p>\n<\/li>\n<li data-start=\"2240\" data-end=\"2273\">\n<p data-start=\"2242\" data-end=\"2273\"><strong data-start=\"2242\" data-end=\"2256\">Dimensiones:<\/strong> 10 x 5 x 15 cm<\/p>\n<\/li>\n<li data-start=\"2274\" data-end=\"2309\">\n<p data-start=\"2276\" data-end=\"2309\"><strong data-start=\"2276\" data-end=\"2300\">Idioma del envase:<\/strong> Ingl\u00e9s<\/p>\n<\/li>\n<li data-start=\"2310\" data-end=\"2336\">\n<p data-start=\"2312\" data-end=\"2336\"><strong data-start=\"2312\" data-end=\"2323\">Modelo:<\/strong> 6MNY131000<\/p>\n<\/li>\n<li data-start=\"2337\" data-end=\"2362\">\n<p data-start=\"2339\" data-end=\"2362\"><strong data-start=\"2339\" data-end=\"2347\">UPC:<\/strong> 020714324728<\/p>\n<\/li>\n<li data-start=\"2363\" data-end=\"2387\">\n<p data-start=\"2365\" data-end=\"2387\"><strong data-start=\"2365\" data-end=\"2374\">ASIN:<\/strong> B002SQ2R64<\/p>\n<\/li>\n<li data-start=\"2388\" data-end=\"2416\">\n<p data-start=\"2390\" data-end=\"2416\"><strong data-start=\"2390\" data-end=\"2405\">Fabricante:<\/strong> Clinique<\/p>\n<\/li>\n<li data-start=\"2417\" data-end=\"2459\">\n<p data-start=\"2419\" data-end=\"2459\"><strong data-start=\"2419\" data-end=\"2453\">Descontinuado por el fabricante:<\/strong> No<\/p>\n<\/li>\n<\/ul>\n<\/h2>\n","protected":false},"excerpt":{"rendered":"<p>\ud83e\uddf4 Base de Maquillaje Clinique Even Better con SPF 15 \u2013 Cobertura Media | Reduce las Manchas Oscuras | Tono Uniforme \u2013 Color BT Amber WN 118 \u2013 45g \u2705 Descripci\u00f3n del Producto La Clinique Even Better SPF 15 es una base de maquillaje l\u00edquida de cobertura media y acabado natural, desarrollada por dermat\u00f3logos para [&#8230;]\n","protected":false},"featured_media":5902,"comment_status":"open","ping_status":"closed","template":"","meta":[],"product_brand":[],"product_cat":[3729],"product_tag":[],"class_list":{"0":"post-6101","1":"product","2":"type-product","3":"status-publish","4":"has-post-thumbnail","6":"product_cat-suplementos","8":"first","9":"outofstock","10":"taxable","11":"shipping-taxable","12":"purchasable","13":"product-type-simple"},"jetpack_sharing_enabled":true,"_links":{"self":[{"href":"https:\/\/muneka.us\/es\/wp-json\/wp\/v2\/product\/6101","targetHints":{"allow":["GET"]}}],"collection":[{"href":"https:\/\/muneka.us\/es\/wp-json\/wp\/v2\/product"}],"about":[{"href":"https:\/\/muneka.us\/es\/wp-json\/wp\/v2\/types\/product"}],"replies":[{"embeddable":true,"href":"https:\/\/muneka.us\/es\/wp-json\/wp\/v2\/comments?post=6101"}],"wp:featuredmedia":[{"embeddable":true,"href":"https:\/\/muneka.us\/es\/wp-json\/wp\/v2\/media\/5902"}],"wp:attachment":[{"href":"https:\/\/muneka.us\/es\/wp-json\/wp\/v2\/media?parent=6101"}],"wp:term":[{"taxonomy":"product_brand","embeddable":true,"href":"https:\/\/muneka.us\/es\/wp-json\/wp\/v2\/product_brand?post=6101"},{"taxonomy":"product_cat","embeddable":true,"href":"https:\/\/muneka.us\/es\/wp-json\/wp\/v2\/product_cat?post=6101"},{"taxonomy":"product_tag","embeddable":true,"href":"https:\/\/muneka.us\/es\/wp-json\/wp\/v2\/product_tag?post=6101"}],"curies":[{"name":"wp","href":"https:\/\/api.w.org\/{rel}","templated":true}]}}