{"id":6082,"date":"2025-09-25T20:59:32","date_gmt":"2025-09-25T23:59:32","guid":{"rendered":"https:\/\/muneka.us\/product\/e-l-f-monochromatic-multi-stick-barra-multiusos-tamano-viaje-lujosamente-cremosa-y-difuminable-para-ojos-labios-y-mejillas-vegana-y-sin-crueldad-animal-glimmering-guava-0-17-oz\/"},"modified":"2025-09-25T20:59:32","modified_gmt":"2025-09-25T23:59:32","slug":"e-l-f-monochromatic-multi-stick-barra-multiusos-tamano-viaje-lujosamente-cremosa-y-difuminable-para-ojos-labios-y-mejillas-vegana-y-sin-crueldad-animal-glimmering-guava-0-17-oz","status":"publish","type":"product","link":"https:\/\/muneka.us\/es\/producto\/e-l-f-monochromatic-multi-stick-barra-multiusos-tamano-viaje-lujosamente-cremosa-y-difuminable-para-ojos-labios-y-mejillas-vegana-y-sin-crueldad-animal-glimmering-guava-0-17-oz\/","title":{"rendered":"e.l.f. Monochromatic Multi Stick, Barra Multiusos Tama\u00f1o Viaje Lujosamente Cremosa y Difuminable para Ojos, Labios y Mejillas, Vegana y Sin Crueldad Animal, Glimmering Guava, 0.17 Oz"},"content":{"rendered":"<h2 data-start=\"351\" data-end=\"549\">\ud83d\udc84 <strong data-start=\"357\" data-end=\"549\">e.l.f. Monochromatic Multi Stick \u2013 Glimmering Guava | Barra Multiusos para Ojos, Labios y Mejillas | Vegana, Sin Crueldad Animal | Textura Cremosa con Manteca de Karit\u00e9 y Vitamina E | 5g<\/strong><\/h2>\n<div><strong data-start=\"357\" data-end=\"549\"><br \/><\/strong><\/div>\n<div><strong data-start=\"357\" data-end=\"549\"><\/p>\n<h3 data-start=\"1252\" data-end=\"1283\">\ud83d\udce6 <span data-start=\"1259\" data-end=\"1283\" style=\"font-weight: bolder\">Descripci\u00f3n del Producto<\/span><\/h3>\n<p data-start=\"1285\" data-end=\"1567\" style=\"font-weight: 400\">El&nbsp;<span data-start=\"1287\" data-end=\"1342\" style=\"font-weight: bolder\">e.l.f. Monochromatic Multi Stick \u2013 Glimmering Guava<\/span> es la barra multiusos perfecta para crear un look completo con un solo producto. Con f\u00f3rmula &nbsp;<span data-start=\"1441\" data-end=\"1458\" style=\"font-weight: bolder\">crema a polvo<\/span>, es f\u00e1cil de aplicar y difuminar, ofreciendo un&nbsp;<span data-start=\"1509\" data-end=\"1535\" style=\"font-weight: bolder\">color luminoso y natural<\/span> para ojos, mejillas y labios.<\/p>\n<p data-start=\"1569\" data-end=\"1792\" style=\"font-weight: 400\">Su textura&nbsp;<span data-start=\"1581\" data-end=\"1602\" style=\"font-weight: bolder\">ligera y no grasa<\/span> se adapta perfectamente a la piel, garantizando un acabado uniforme y duradero. Ideal para el d\u00eda a d\u00eda, viajes o retoques r\u00e1pidos \u2014 cabe en el bolso y sustituye m\u00faltiples productos del neceser. <\/p>\n<p data-start=\"1794\" data-end=\"1818\" style=\"font-weight: 400\"><span data-start=\"1794\" data-end=\"1816\" style=\"font-weight: bolder\">Principales activos:<\/span><\/p>\n<ul data-start=\"1819\" data-end=\"1930\" style=\"font-weight: 400\">\n<li data-start=\"1819\" data-end=\"1869\">\n<p data-start=\"1821\" data-end=\"1869\"><span data-start=\"1821\" data-end=\"1844\" style=\"font-weight: bolder\">Manteca de Karit\u00e9:<\/span> nutre y suaviza la piel<\/p>\n<\/li>\n<li data-start=\"1870\" data-end=\"1930\">\n<p data-start=\"1872\" data-end=\"1930\"><span data-start=\"1872\" data-end=\"1887\" style=\"font-weight: bolder\">Vitamina E:<\/span> hidrata y proporciona efecto refrescante<\/p>\n<\/li>\n<\/ul>\n<p data-start=\"1932\" data-end=\"2047\" style=\"font-weight: 400\">Producto <span data-start=\"1940\" data-end=\"1973\" style=\"font-weight: bolder\">dermatol\u00f3gicamente consciente<\/span>, elaborado con ingredientes que cuidan la piel sin comprometer el rendimiento.<\/p>\n<p><\/strong><\/div>\n<hr data-start=\"551\" data-end=\"554\">\n<h3 data-start=\"556\" data-end=\"602\">\u2705 <strong data-start=\"562\" data-end=\"602\">Caracter\u00edsticas Destacadas<\/strong><\/h3>\n<ul data-start=\"604\" data-end=\"1245\">\n<li data-start=\"604\" data-end=\"767\">\n<p data-start=\"606\" data-end=\"767\">\ud83c\udfa8 <strong data-start=\"609\" data-end=\"645\">Color vibrante y f\u00e1cil de difuminar:<\/strong> F\u00f3rmula cremosa que se transforma en polvo al aplicar, ofreciendo un toque sutil o intenso de color con acabado natural.<\/p>\n<\/li>\n<li data-start=\"768\" data-end=\"898\">\n<p data-start=\"770\" data-end=\"898\">\ud83d\udc8b <strong data-start=\"773\" data-end=\"799\">Multifuncional 3 en 1:<\/strong> \u00dasalo como colorete, sombra o labial. Ideal para crear looks monocrom\u00e1ticos con practicidad y estilo. <\/p>\n<\/li>\n<li data-start=\"899\" data-end=\"1017\">\n<p data-start=\"901\" data-end=\"1017\">\u2728 <strong data-start=\"903\" data-end=\"933\">Textura ligera y no grasa:<\/strong> Se desliza suavemente y se funde con la piel, proporcionando un acabado suave, sin apelmazar.<\/p>\n<\/li>\n<li data-start=\"1018\" data-end=\"1135\">\n<p data-start=\"1020\" data-end=\"1135\">\ud83c\udf3f <strong data-start=\"1023\" data-end=\"1050\">Con activos hidratantes:<\/strong> Enriquecido con Manteca de Karit\u00e9 (nutrici\u00f3n) y Vitamina E (hidrataci\u00f3n y frescor).<\/p>\n<\/li>\n<li data-start=\"1136\" data-end=\"1245\">\n<p data-start=\"1138\" data-end=\"1245\">\ud83d\udc30 <strong data-start=\"1141\" data-end=\"1167\">F\u00f3rmula limpia y \u00e9tica:<\/strong> 100% vegano, sin crueldad animal y libre de toxinas \u2014 belleza accesible y consciente.<\/p>\n<\/li>\n<\/ul>\n<hr data-start=\"1247\" data-end=\"1250\">\n<h3 data-start=\"1252\" data-end=\"1283\"><\/h3>\n<h3 data-start=\"2054\" data-end=\"2088\">\ud83d\udd27 <strong data-start=\"2061\" data-end=\"2088\">Especificaciones T\u00e9cnicas<\/strong><\/h3>\n<ul data-start=\"2090\" data-end=\"2815\">\n<li data-start=\"2090\" data-end=\"2121\">\n<p data-start=\"2092\" data-end=\"2121\"><strong data-start=\"2092\" data-end=\"2102\">Marca:<\/strong> e.l.f. Cosmetics<\/p>\n<\/li>\n<li data-start=\"2122\" data-end=\"2164\">\n<p data-start=\"2124\" data-end=\"2164\"><strong data-start=\"2124\" data-end=\"2136\">Producto:<\/strong> Monochromatic Multi Stick<\/p>\n<\/li>\n<li data-start=\"2165\" data-end=\"2227\">\n<p data-start=\"2167\" data-end=\"2227\"><strong data-start=\"2167\" data-end=\"2175\">Color:<\/strong> Glimmering Guava (tono rosa coral con brillo suave)<\/p>\n<\/li>\n<li data-start=\"2228\" data-end=\"2262\">\n<p data-start=\"2230\" data-end=\"2262\"><strong data-start=\"2230\" data-end=\"2247\">Peso neto:<\/strong> 5g \/ 0.17 oz<\/p>\n<\/li>\n<li data-start=\"2263\" data-end=\"2292\">\n<p data-start=\"2265\" data-end=\"2292\"><strong data-start=\"2265\" data-end=\"2275\">Forma:<\/strong> Barra (stick)<\/p>\n<\/li>\n<li data-start=\"2293\" data-end=\"2336\">\n<p data-start=\"2295\" data-end=\"2336\"><strong data-start=\"2295\" data-end=\"2309\">Cobertura:<\/strong> Ajustable (ligera a media)<\/p>\n<\/li>\n<li data-start=\"2337\" data-end=\"2379\">\n<p data-start=\"2339\" data-end=\"2379\"><strong data-start=\"2339\" data-end=\"2354\">Acabado:<\/strong> Natural con brillo suave<\/p>\n<\/li>\n<li data-start=\"2380\" data-end=\"2424\">\n<p data-start=\"2382\" data-end=\"2424\"><strong data-start=\"2382\" data-end=\"2396\">Indicaci\u00f3n:<\/strong> Ojos, mejillas y labios<\/p>\n<\/li>\n<li data-start=\"2425\" data-end=\"2476\">\n<p data-start=\"2427\" data-end=\"2476\"><strong data-start=\"2427\" data-end=\"2444\">Tipo de piel:<\/strong> Todos los tonos y tipos de piel<\/p>\n<\/li>\n<li data-start=\"2477\" data-end=\"2523\">\n<p data-start=\"2479\" data-end=\"2523\"><strong data-start=\"2479\" data-end=\"2490\">Activos:<\/strong> Manteca de Karit\u00e9, Vitamina E<\/p>\n<\/li>\n<li data-start=\"2524\" data-end=\"2543\">\n<p data-start=\"2526\" data-end=\"2543\"><strong data-start=\"2526\" data-end=\"2537\">Vegano:<\/strong> S\u00ed<\/p>\n<\/li>\n<li data-start=\"2544\" data-end=\"2598\">\n<p data-start=\"2546\" data-end=\"2598\"><strong data-start=\"2546\" data-end=\"2563\">Sin Crueldad Animal:<\/strong> S\u00ed (certificaci\u00f3n Leaping Bunny)<\/p>\n<\/li>\n<li data-start=\"2599\" data-end=\"2670\">\n<p data-start=\"2601\" data-end=\"2670\"><strong data-start=\"2601\" data-end=\"2626\">Dimensiones del producto:<\/strong> 2,8 x 3,6 x 3,6 cm (1.1 x 1.42 x 1.42 in)<\/p>\n<\/li>\n<li data-start=\"2671\" data-end=\"2707\">\n<p data-start=\"2673\" data-end=\"2707\"><strong data-start=\"2673\" data-end=\"2690\">Peso del art\u00edculo:<\/strong> 5,1g (0.18 oz)<\/p>\n<\/li>\n<li data-start=\"2708\" data-end=\"2729\">\n<p data-start=\"2710\" data-end=\"2729\"><strong data-start=\"2710\" data-end=\"2721\">Modelo:<\/strong> 81344<\/p>\n<\/li>\n<li data-start=\"2730\" data-end=\"2766\">\n<p data-start=\"2732\" data-end=\"2766\"><strong data-start=\"2732\" data-end=\"2747\">Fabricante:<\/strong> e.l.f. Cosmetics<\/p>\n<\/li>\n<li data-start=\"2767\" data-end=\"2792\">\n<p data-start=\"2769\" data-end=\"2792\"><strong data-start=\"2769\" data-end=\"2777\">UPC:<\/strong> 609332813441<\/p>\n<\/li>\n<li data-start=\"2793\" data-end=\"2815\">\n<p data-start=\"2795\" data-end=\"2815\"><strong data-start=\"2795\" data-end=\"2804\">ASIN:<\/strong> B088WHRL2L<\/p>\n<\/li>\n<\/ul>\n","protected":false},"excerpt":{"rendered":"<p>\ud83d\udc84 e.l.f. Monochromatic Multi Stick \u2013 Glimmering Guava | Barra Multiusos para Ojos, Labios y Mejillas | Vegana, Sin Crueldad Animal | Textura Cremosa con Manteca de Karit\u00e9 y Vitamina E | 5g \ud83d\udce6 Descripci\u00f3n del Producto El&nbsp;e.l.f. Monochromatic Multi Stick \u2013 Glimmering Guava es la barra multiusos perfecta para crear un look completo con [&#8230;]\n","protected":false},"featured_media":5936,"comment_status":"open","ping_status":"closed","template":"","meta":[],"product_brand":[],"product_cat":[3720],"product_tag":[],"class_list":{"0":"post-6082","1":"product","2":"type-product","3":"status-publish","4":"has-post-thumbnail","6":"product_cat-salud-bienestar","8":"first","9":"outofstock","10":"taxable","11":"shipping-taxable","12":"purchasable","13":"product-type-simple"},"jetpack_sharing_enabled":true,"_links":{"self":[{"href":"https:\/\/muneka.us\/es\/wp-json\/wp\/v2\/product\/6082","targetHints":{"allow":["GET"]}}],"collection":[{"href":"https:\/\/muneka.us\/es\/wp-json\/wp\/v2\/product"}],"about":[{"href":"https:\/\/muneka.us\/es\/wp-json\/wp\/v2\/types\/product"}],"replies":[{"embeddable":true,"href":"https:\/\/muneka.us\/es\/wp-json\/wp\/v2\/comments?post=6082"}],"wp:featuredmedia":[{"embeddable":true,"href":"https:\/\/muneka.us\/es\/wp-json\/wp\/v2\/media\/5936"}],"wp:attachment":[{"href":"https:\/\/muneka.us\/es\/wp-json\/wp\/v2\/media?parent=6082"}],"wp:term":[{"taxonomy":"product_brand","embeddable":true,"href":"https:\/\/muneka.us\/es\/wp-json\/wp\/v2\/product_brand?post=6082"},{"taxonomy":"product_cat","embeddable":true,"href":"https:\/\/muneka.us\/es\/wp-json\/wp\/v2\/product_cat?post=6082"},{"taxonomy":"product_tag","embeddable":true,"href":"https:\/\/muneka.us\/es\/wp-json\/wp\/v2\/product_tag?post=6082"}],"curies":[{"name":"wp","href":"https:\/\/api.w.org\/{rel}","templated":true}]}}