{"id":10060,"date":"2026-03-12T13:01:38","date_gmt":"2026-03-12T16:01:38","guid":{"rendered":"https:\/\/muneka.us\/product\/lattafa-perfumes-asad-for-unisex-eau-de-parfum-spray-3-4-ounce\/"},"modified":"2026-03-12T13:01:38","modified_gmt":"2026-03-12T16:01:38","slug":"lattafa-perfumes-asad-for-unisex-eau-de-parfum-spray-3-4-ounce","status":"publish","type":"product","link":"https:\/\/muneka.us\/es\/producto\/lattafa-perfumes-asad-for-unisex-eau-de-parfum-spray-3-4-ounce\/","title":{"rendered":"Lattafa Perfumes Asad for Unisex Eau de Parfum Spray, 3.4 Ounce"},"content":{"rendered":"<h2 data-section-id=\"1hroq96\" data-start=\"42\" data-end=\"122\">Caracter\u00edsticas \u2013 <strong data-start=\"63\" data-end=\"122\"><span class=\"hover:entity-accent entity-underline inline cursor-pointer align-baseline\"><span class=\"whitespace-normal\">Lattafa Perfumes Asad Eau de Parfum<\/span><\/span> (3.4 oz \/ 100 ml)<\/strong><\/h2>\n<h3 data-section-id=\"db6gap\" data-start=\"124\" data-end=\"149\">\ud83c\udf3f Tipo de fragr\u00e2ncia<\/h3>\n<ul data-start=\"150\" data-end=\"404\">\n<li data-section-id=\"idr6nj\" data-start=\"150\" data-end=\"212\">\n<p data-start=\"152\" data-end=\"212\"><strong data-start=\"152\" data-end=\"175\">Eau de Parfum (EDP)<\/strong> com alta concentra\u00e7\u00e3o de ess\u00eancia.<\/p>\n<\/li>\n<li data-section-id=\"1pwzl7d\" data-start=\"213\" data-end=\"282\">\n<p data-start=\"215\" data-end=\"282\">Perfume <strong data-start=\"223\" data-end=\"234\">unissex<\/strong>, mas com perfil mais <strong data-start=\"256\" data-end=\"279\">masculino e intenso<\/strong>.<\/p>\n<\/li>\n<li data-section-id=\"pw8ffx\" data-start=\"283\" data-end=\"404\">\n<p data-start=\"285\" data-end=\"404\">Produzido pela marca \u00e1rabe <strong data-start=\"312\" data-end=\"353\">Lattafa Perfumes<\/strong>, conhecida por fragr\u00e2ncias marcantes e acess\u00edveis.<\/p>\n<\/li>\n<\/ul>\n<h3 data-section-id=\"ta4occ\" data-start=\"406\" data-end=\"428\">\ud83d\udc43 Perfil olfativo<\/h3>\n<p data-start=\"429\" data-end=\"528\">Fragr\u00e2ncia da fam\u00edlia <strong data-start=\"451\" data-end=\"487\">ambarada, especiada e amadeirada<\/strong>.<\/p>\n<p data-start=\"530\" data-end=\"551\"><strong data-start=\"530\" data-end=\"551\">Notas principais:<\/strong><\/p>\n<ul data-start=\"552\" data-end=\"766\">\n<li data-section-id=\"ma4zlv\" data-start=\"552\" data-end=\"605\">\n<p data-start=\"554\" data-end=\"605\"><strong data-start=\"554\" data-end=\"572\">Notas de topo:<\/strong> pimenta preta, abacaxi, tabaco<\/p>\n<\/li>\n<li data-section-id=\"m4fuyh\" data-start=\"606\" data-end=\"653\">\n<p data-start=\"608\" data-end=\"653\"><strong data-start=\"608\" data-end=\"629\">Notas de cora\u00e7\u00e3o:<\/strong> caf\u00e9, \u00edris, patchouli<\/p>\n<\/li>\n<li data-section-id=\"8n8ju0\" data-start=\"654\" data-end=\"766\">\n<p data-start=\"656\" data-end=\"766\"><strong data-start=\"656\" data-end=\"674\">Notas de base:<\/strong> baunilha, \u00e2mbar, madeiras secas, benjoim e labdanum<\/p>\n<\/li>\n<\/ul>\n","protected":false},"excerpt":{"rendered":"<p>Caracter\u00edsticas \u2013 Lattafa Perfumes Asad Eau de Parfum (3.4 oz \/ 100 ml) \ud83c\udf3f Tipo de fragr\u00e2ncia Eau de Parfum (EDP) com alta concentra\u00e7\u00e3o de ess\u00eancia. Perfume unissex, mas com perfil mais masculino e intenso. Produzido pela marca \u00e1rabe Lattafa Perfumes, conhecida por fragr\u00e2ncias marcantes e acess\u00edveis. \ud83d\udc43 Perfil olfativo Fragr\u00e2ncia da fam\u00edlia ambarada, especiada [&#8230;]\n","protected":false},"featured_media":10061,"comment_status":"open","ping_status":"closed","template":"","meta":[],"product_brand":[],"product_cat":[3730,3728],"product_tag":[],"class_list":{"0":"post-10060","1":"product","2":"type-product","3":"status-publish","4":"has-post-thumbnail","6":"product_cat-belleza-y-bienestar","7":"product_cat-perfumes","9":"first","10":"instock","11":"taxable","12":"shipping-taxable","13":"purchasable","14":"product-type-simple"},"jetpack_sharing_enabled":true,"_links":{"self":[{"href":"https:\/\/muneka.us\/es\/wp-json\/wp\/v2\/product\/10060","targetHints":{"allow":["GET"]}}],"collection":[{"href":"https:\/\/muneka.us\/es\/wp-json\/wp\/v2\/product"}],"about":[{"href":"https:\/\/muneka.us\/es\/wp-json\/wp\/v2\/types\/product"}],"replies":[{"embeddable":true,"href":"https:\/\/muneka.us\/es\/wp-json\/wp\/v2\/comments?post=10060"}],"wp:featuredmedia":[{"embeddable":true,"href":"https:\/\/muneka.us\/es\/wp-json\/wp\/v2\/media\/10061"}],"wp:attachment":[{"href":"https:\/\/muneka.us\/es\/wp-json\/wp\/v2\/media?parent=10060"}],"wp:term":[{"taxonomy":"product_brand","embeddable":true,"href":"https:\/\/muneka.us\/es\/wp-json\/wp\/v2\/product_brand?post=10060"},{"taxonomy":"product_cat","embeddable":true,"href":"https:\/\/muneka.us\/es\/wp-json\/wp\/v2\/product_cat?post=10060"},{"taxonomy":"product_tag","embeddable":true,"href":"https:\/\/muneka.us\/es\/wp-json\/wp\/v2\/product_tag?post=10060"}],"curies":[{"name":"wp","href":"https:\/\/api.w.org\/{rel}","templated":true}]}}