{"id":9854,"date":"2013-08-11T19:06:15","date_gmt":"2013-08-11T22:06:15","guid":{"rendered":"https:\/\/muneka.us\/acerca-de\/"},"modified":"2026-02-25T08:42:23","modified_gmt":"2026-02-25T11:42:23","slug":"acerca-de","status":"publish","type":"page","link":"https:\/\/muneka.us\/es\/acerca-de\/","title":{"rendered":"Acerca de"},"content":{"rendered":"\n  <div class=\"banner has-hover has-parallax\" id=\"banner-604650039\">\n          <div class=\"banner-inner fill\">\n        <div class=\"banner-bg fill\" data-parallax=\"-2\" data-parallax-container=\".banner\" data-parallax-background>\n                                    <div class=\"overlay\"><\/div>            \n            <div class=\"effect-sparkle bg-effect fill no-click\"><\/div>        <\/div>\n\t\t\n        <div class=\"banner-layers container\">\n            <div class=\"fill banner-link\"><\/div>            \n\n   <div id=\"text-box-1623397401\" class=\"text-box banner-layer x50 md-x50 lg-x50 y80 md-y80 lg-y80 res-text\">\n                                <div class=\"text-box-content text dark\">\n              \n              <div class=\"text-inner text-center\">\n                  \n\n<h1 class=\"lead\">Sobre nosotros<\/h1><p class=\"lead\">MUNEKA es una empresa internacional B2C de comercio electr\u00f3nico r\u00e1pido. La empresa se centra principalmente en vitaminas, suplementos, pero tambi\u00e9n ofrece accesorios, zapatos, bolsas y otros art\u00edculos <\/p>\n\n              <\/div>\n           <\/div>\n                            \n<style>\n#text-box-1623397401 {\n  width: 60%;\n}\n#text-box-1623397401 .text-box-content {\n  font-size: 100%;\n}\n<\/style>\n    <\/div>\n \n\n        <\/div>\n      <\/div>\n\n            \n<style>\n#banner-604650039 {\n  padding-top: 507px;\n}\n#banner-604650039 .overlay {\n  background-color: rgba(0, 0, 0, 0.49);\n}\n<\/style>\n  <\/div>\n\n\n<div class=\"row\"  id=\"row-954771968\">\n\n\n\t<div id=\"col-409635507\" class=\"col small-12 large-12\"  >\n\t\t\t\t<div class=\"col-inner\"  >\n\t\t\t\n\t\t\t\n\n<p class=\"lead text-center\"><strong>MUNEKA<\/strong> se dirige principalmente a Sudam\u00e9rica, Europa, Australia y Oriente Medio, junto con otros mercados de consumo. La marca fue fundada en 2010 y desde entonces ha mantenido la filosof\u00eda de que &#8220;todo el mundo puede disfrutar de los beneficios de comprar online.&#8221; Su actividad abarca m\u00e1s de 220 pa\u00edses y regiones de todo el mundo.  <\/p>\n<div class=\"text-center\"><div class=\"is-divider divider clearfix\" ><\/div><\/div>\n\n\n\t\t<\/div>\n\t\t\t\t\t<\/div>\n\n\t\n\n\n\n\n\n<\/div>","protected":false},"excerpt":{"rendered":"","protected":false},"author":1,"featured_media":0,"parent":0,"menu_order":0,"comment_status":"closed","ping_status":"closed","template":"page-transparent-header-light.php","meta":{"footnotes":""},"class_list":["post-9854","page","type-page","status-publish","hentry"],"jetpack_sharing_enabled":true,"_links":{"self":[{"href":"https:\/\/muneka.us\/es\/wp-json\/wp\/v2\/pages\/9854","targetHints":{"allow":["GET"]}}],"collection":[{"href":"https:\/\/muneka.us\/es\/wp-json\/wp\/v2\/pages"}],"about":[{"href":"https:\/\/muneka.us\/es\/wp-json\/wp\/v2\/types\/page"}],"author":[{"embeddable":true,"href":"https:\/\/muneka.us\/es\/wp-json\/wp\/v2\/users\/1"}],"replies":[{"embeddable":true,"href":"https:\/\/muneka.us\/es\/wp-json\/wp\/v2\/comments?post=9854"}],"version-history":[{"count":0,"href":"https:\/\/muneka.us\/es\/wp-json\/wp\/v2\/pages\/9854\/revisions"}],"wp:attachment":[{"href":"https:\/\/muneka.us\/es\/wp-json\/wp\/v2\/media?parent=9854"}],"curies":[{"name":"wp","href":"https:\/\/api.w.org\/{rel}","templated":true}]}}