{"id":6041,"date":"2021-09-15T07:55:14","date_gmt":"2021-09-15T10:55:14","guid":{"rendered":"https:\/\/muneka.us\/sobre-nosotros\/"},"modified":"2025-09-26T12:10:10","modified_gmt":"2025-09-26T15:10:10","slug":"sobre-nosotros","status":"publish","type":"page","link":"https:\/\/muneka.us\/es\/sobre-nosotros\/","title":{"rendered":"Sobre nosotros"},"content":{"rendered":"\n\n  <div class=\"banner has-hover has-parallax\" id=\"banner-168109716\">\n          <div class=\"banner-inner fill\">\n        <div class=\"banner-bg fill\" data-parallax=\"-2\" data-parallax-container=\".banner\" data-parallax-background>\n            <img loading=\"lazy\" decoding=\"async\" width=\"992\" height=\"800\" src=\"https:\/\/muneka.us\/wp-content\/uploads\/2025\/03\/WhatsApp-Image-2025-03-13-at-16.51.11-e1742992242344-992x800.jpeg\" class=\"bg attachment-large size-large\" alt=\"muneka\" \/>                        <div class=\"overlay\"><\/div>            \n                    <\/div>\n\t\t\n        <div class=\"banner-layers container\">\n            <div class=\"fill banner-link\"><\/div>            \n\n   <div id=\"text-box-512155916\" class=\"text-box banner-layer x50 md-x50 lg-x50 y80 md-y80 lg-y80 res-text\">\n                                <div class=\"text-box-content text dark\">\n              \n              <div class=\"text-inner text-center\">\n                  \n\n<h1><strong>Sobre nosotros<\/strong><\/h1>\n<p>Muneka, tu tienda brasile\u00f1a en Estados Unidos.<\/p>\n\n              <\/div>\n           <\/div>\n                            \n<style>\n#text-box-512155916 {\n  width: 60%;\n}\n#text-box-512155916 .text-box-content {\n  font-size: 100%;\n}\n<\/style>\n    <\/div>\n \n\n        <\/div>\n      <\/div>\n\n            \n<style>\n#banner-168109716 {\n  padding-top: 507px;\n}\n#banner-168109716 .overlay {\n  background-color: rgba(0, 0, 0, 0.49);\n}\n<\/style>\n  <\/div>\n\n\n<div class=\"row\"  id=\"row-1451187607\">\n\n\n\t<div id=\"col-791690594\" class=\"col small-12 large-12\"  >\n\t\t\t\t<div class=\"col-inner\"  >\n\t\t\t\n\t\t\t\n\n<p>La <b>Muneka<\/b> es una empresa internacional de comercio electr\u00f3nico en r\u00e1pido crecimiento, con sede en Estados Unidos, creada especialmente para brasile\u00f1os que desean aprovechar lo mejor de las compras en EE.UU. \u2014 sin salir de casa. Nuestra plataforma ofrece una selecci\u00f3n cuidadosa de productos originales, de alta calidad y procedencia confiable, con precios m\u00e1s accesibles que en Brasil. Todo se entrega directamente en la puerta de tu casa, en cualquier ciudad del pa\u00eds. Hacemos que la experiencia de compra internacional sea simple, segura y c\u00f3moda.\n<\/p>\n<p>Fundada en 2010, Muneka naci\u00f3 con la misi\u00f3n de hacer las compras globales m\u00e1s f\u00e1ciles, seguras y accesibles. Nuestra tienda opera desde un almac\u00e9n certificado en Estados Unidos, que pasa por inspecciones de la TSA y sigue rigurosamente las leyes federales estadounidenses \u2014 garantizando que cada pedido sea procesado con los m\u00e1s altos est\u00e1ndares de seguridad y cuidado. Adem\u00e1s, estamos <b>acreditados en el programa PRC de la Receita Federal Brasile\u00f1a,<\/b> lo que refuerza nuestro compromiso con la legalidad y la transparencia en el proceso de importaci\u00f3n. Con Muneka, aprovechas todos los beneficios de las compras internacionales \u2014 sin intermediarios, sin complicaciones, solo practicidad, econom\u00eda y tranquilidad.<\/p>\n<div class=\"text-center\"><div class=\"is-divider divider clearfix\" ><\/div><\/div>\n\n\n\t\t<\/div>\n\t\t\t\t\t<\/div>\n\n\t\n\n\n\n\n\n<\/div>\n","protected":false},"excerpt":{"rendered":"","protected":false},"author":1,"featured_media":0,"parent":0,"menu_order":0,"comment_status":"closed","ping_status":"closed","template":"page-transparent-header-light.php","meta":{"footnotes":""},"class_list":["post-6041","page","type-page","status-publish","hentry"],"jetpack_sharing_enabled":true,"_links":{"self":[{"href":"https:\/\/muneka.us\/es\/wp-json\/wp\/v2\/pages\/6041","targetHints":{"allow":["GET"]}}],"collection":[{"href":"https:\/\/muneka.us\/es\/wp-json\/wp\/v2\/pages"}],"about":[{"href":"https:\/\/muneka.us\/es\/wp-json\/wp\/v2\/types\/page"}],"author":[{"embeddable":true,"href":"https:\/\/muneka.us\/es\/wp-json\/wp\/v2\/users\/1"}],"replies":[{"embeddable":true,"href":"https:\/\/muneka.us\/es\/wp-json\/wp\/v2\/comments?post=6041"}],"version-history":[{"count":0,"href":"https:\/\/muneka.us\/es\/wp-json\/wp\/v2\/pages\/6041\/revisions"}],"wp:attachment":[{"href":"https:\/\/muneka.us\/es\/wp-json\/wp\/v2\/media?parent=6041"}],"curies":[{"name":"wp","href":"https:\/\/api.w.org\/{rel}","templated":true}]}}