{"id":9834,"date":"2026-01-22T15:19:19","date_gmt":"2026-01-22T18:19:19","guid":{"rendered":"https:\/\/muneka.us\/product\/canopy-bedside-humidifier-2-0-white-36-hr-run-time-2-5l-capacity-reading-light-white-noise-alleviate-symptoms-of-allergies-flu-cold-dry-skin-humidifier-filter-power-cord-adap\/"},"modified":"2026-01-22T15:19:19","modified_gmt":"2026-01-22T18:19:19","slug":"canopy-bedside-humidifier-2-0-white-36-hr-run-time-2-5l-capacity-reading-light-white-noise-alleviate-symptoms-of-allergies-flu-cold-dry-skin-humidifier-filter-power-cord-adap","status":"publish","type":"product","link":"https:\/\/muneka.us\/en\/product\/canopy-bedside-humidifier-2-0-white-36-hr-run-time-2-5l-capacity-reading-light-white-noise-alleviate-symptoms-of-allergies-flu-cold-dry-skin-humidifier-filter-power-cord-adap\/","title":{"rendered":"Canopy Bedside Humidifier 2.0, White, 36 HR Run Time, 2.5L Capacity &#8211; Reading Light &amp; White Noise &#8211; Alleviate Symptoms of Allergies, Flu, Cold, Dry Skin &#8211; Humidifier, Filter, Power Cord &amp; Adapter"},"content":{"rendered":"<p data-start=\"146\" data-end=\"491\">O novo Canopy Bedside Humidifier chegou. Com um filtro propriet\u00e1rio atualizado, sistema de ventilador maior e mais silencioso, ajuste de ru\u00eddo branco, luzes de leitura e para dormir, difus\u00e3o de aroma mais forte e um design renovado \u2014 o umidificador de cabeceira \u00e9 o <strong data-start=\"412\" data-end=\"491\">umidificador de 2,5L perfeito para seu quarto, sala de estar ou escrit\u00f3rio.<\/strong><\/p>\n<hr data-start=\"493\" data-end=\"496\">\n<h3 data-start=\"498\" data-end=\"542\"><strong data-start=\"502\" data-end=\"542\">TECNOLOGIA \u00daNICA DE INIBI\u00c7\u00c3O DE MOFO<\/strong><\/h3>\n<p data-start=\"543\" data-end=\"959\">Fluxo de ar persistente inteligente \u2014 sensores inteligentes inibem o crescimento de mofo e garantem que o umidificador funcione at\u00e9 ficar completamente seco. Nosso filtro propriet\u00e1rio \u00e9 projetado com um <strong data-start=\"746\" data-end=\"760\">pr\u00e9-filtro<\/strong> que captura contaminantes do ar e um <strong data-start=\"798\" data-end=\"823\">n\u00facleo antimicrobiano<\/strong> que ajuda a reter metais, minerais e poeira antes da evapora\u00e7\u00e3o. A \u00e1gua passa por tecnologia UV integrada antes de ser evaporada no ar.<\/p>\n<hr data-start=\"961\" data-end=\"964\">\n<h3 data-start=\"966\" data-end=\"1041\"><strong data-start=\"970\" data-end=\"1041\">PARTES LAV\u00c1VEIS NA LAVA-LOU\u00c7AS E TEMPO DE FUNCIONAMENTO DE 36 HORAS<\/strong><\/h3>\n<p data-start=\"1042\" data-end=\"1502\">Pr\u00e1tico e funcional \u2014 o tanque, bandeja, grade, espa\u00e7ador e tampa podem ser colocados diretamente na lava-lou\u00e7as. A abertura grande do tanque permite uma limpeza f\u00e1cil. A tecnologia exclusiva da Canopy usa sensores inteligentes para manter o umidificador funcionando at\u00e9 que n\u00e3o haja mais \u00e1gua no aparelho. Sem \u00e1gua restante, reduz-se a chance de ac\u00famulo indesejado. Al\u00e9m disso, os umidificadores Canopy podem funcionar por at\u00e9 <strong data-start=\"1470\" data-end=\"1482\">36 horas<\/strong> com o tanque cheio.<\/p>\n<hr data-start=\"1504\" data-end=\"1507\">\n<h3 data-start=\"1509\" data-end=\"1541\"><strong data-start=\"1513\" data-end=\"1541\">OS BENEF\u00cdCIOS DO HUMIDOR<\/strong><\/h3>\n<p data-start=\"1542\" data-end=\"1660\">O umidificador Canopy ajuda a otimizar seu ambiente com o n\u00edvel ideal de umidade. Garantir a umidade adequada ajuda a:<\/p>\n<ul data-start=\"1661\" data-end=\"1991\">\n<li data-start=\"1661\" data-end=\"1744\">\n<p data-start=\"1663\" data-end=\"1744\"><strong data-start=\"1663\" data-end=\"1682\">Hidratar a pele<\/strong>, combatendo ressecamento, opacidade e linhas finas e rugas.<\/p>\n<\/li>\n<li data-start=\"1745\" data-end=\"1821\">\n<p data-start=\"1747\" data-end=\"1821\"><strong data-start=\"1747\" data-end=\"1788\">Aumentar a fun\u00e7\u00e3o de barreira da pele<\/strong> para prote\u00e7\u00e3o contra polui\u00e7\u00e3o.<\/p>\n<\/li>\n<li data-start=\"1822\" data-end=\"1910\">\n<p data-start=\"1824\" data-end=\"1910\"><strong data-start=\"1824\" data-end=\"1876\">Aliviar tosse, congest\u00e3o nasal e outros sintomas<\/strong> de resfriado, gripe e alergias.<\/p>\n<\/li>\n<li data-start=\"1911\" data-end=\"1991\">\n<p data-start=\"1913\" data-end=\"1991\"><strong data-start=\"1913\" data-end=\"1958\">Oferecer difus\u00e3o de aromas limpa e segura<\/strong> para um ambiente mais relaxante.<\/p>\n<\/li>\n<\/ul>\n<hr data-start=\"1993\" data-end=\"1996\">\n<h3 data-start=\"1998\" data-end=\"2054\"><strong data-start=\"2002\" data-end=\"2054\">A PROMESSA DA MARCA CANOPY \u2013 GARANTIA DE 60 DIAS<\/strong><\/h3>\n<p data-start=\"2055\" data-end=\"2500\">Somos movidos pela qualidade de nossos produtos e pelo compromisso de criar dispositivos dom\u00e9sticos reinventados que otimizam a casa com facilidade para beleza e bem-estar. Cada umidificador vem com nossa tecnologia e design de ponta \u2014 uma experi\u00eancia encontrada apenas com a Canopy.<br data-start=\"2338\" data-end=\"2341\"><br \/>\nNosso umidificador n\u00e3o s\u00f3 ajudar\u00e1 a melhorar sua sa\u00fade, pele e qualidade do sono; tamb\u00e9m ajudar\u00e1 voc\u00ea a relaxar, desestressar e se recuperar ap\u00f3s um longo dia.<\/p>\n","protected":false},"excerpt":{"rendered":"<p>O novo Canopy Bedside Humidifier chegou. Com um filtro propriet\u00e1rio atualizado, sistema de ventilador maior e mais silencioso, ajuste de ru\u00eddo branco, luzes de leitura e para dormir, difus\u00e3o de aroma mais forte e um design renovado \u2014 o umidificador de cabeceira \u00e9 o umidificador de 2,5L perfeito para seu quarto, sala de estar ou [&#8230;]\n","protected":false},"featured_media":8437,"comment_status":"open","ping_status":"closed","template":"","meta":[],"product_brand":[],"product_cat":[3773,3769],"product_tag":[],"class_list":{"0":"post-9834","1":"product","2":"type-product","3":"status-publish","4":"has-post-thumbnail","6":"product_cat-decoration-and-design","7":"product_cat-home-decor","9":"first","10":"instock","11":"taxable","12":"shipping-taxable","13":"purchasable","14":"product-type-simple"},"jetpack_sharing_enabled":true,"_links":{"self":[{"href":"https:\/\/muneka.us\/en\/wp-json\/wp\/v2\/product\/9834","targetHints":{"allow":["GET"]}}],"collection":[{"href":"https:\/\/muneka.us\/en\/wp-json\/wp\/v2\/product"}],"about":[{"href":"https:\/\/muneka.us\/en\/wp-json\/wp\/v2\/types\/product"}],"replies":[{"embeddable":true,"href":"https:\/\/muneka.us\/en\/wp-json\/wp\/v2\/comments?post=9834"}],"wp:featuredmedia":[{"embeddable":true,"href":"https:\/\/muneka.us\/en\/wp-json\/wp\/v2\/media\/8437"}],"wp:attachment":[{"href":"https:\/\/muneka.us\/en\/wp-json\/wp\/v2\/media?parent=9834"}],"wp:term":[{"taxonomy":"product_brand","embeddable":true,"href":"https:\/\/muneka.us\/en\/wp-json\/wp\/v2\/product_brand?post=9834"},{"taxonomy":"product_cat","embeddable":true,"href":"https:\/\/muneka.us\/en\/wp-json\/wp\/v2\/product_cat?post=9834"},{"taxonomy":"product_tag","embeddable":true,"href":"https:\/\/muneka.us\/en\/wp-json\/wp\/v2\/product_tag?post=9834"}],"curies":[{"name":"wp","href":"https:\/\/api.w.org\/{rel}","templated":true}]}}