{"id":9798,"date":"2026-01-22T14:10:21","date_gmt":"2026-01-22T17:10:21","guid":{"rendered":"https:\/\/muneka.us\/product\/disposable-changing-pad-liners-100-pack-super-soft-disposable-changing-pads-ultra-absorbent-waterproof-covers-any-surface-for-mess-free-baby-diaper-changes-white\/"},"modified":"2026-01-22T14:10:21","modified_gmt":"2026-01-22T17:10:21","slug":"disposable-changing-pad-liners-100-pack-super-soft-disposable-changing-pads-ultra-absorbent-waterproof-covers-any-surface-for-mess-free-baby-diaper-changes-white","status":"publish","type":"product","link":"https:\/\/muneka.us\/en\/product\/disposable-changing-pad-liners-100-pack-super-soft-disposable-changing-pads-ultra-absorbent-waterproof-covers-any-surface-for-mess-free-baby-diaper-changes-white\/","title":{"rendered":"Disposable Changing Pad Liners (100 Pack) Super Soft, Disposable Changing Pads, Ultra Absorbent &amp; Waterproof &#8211; Covers Any Surface for Mess Free Baby Diaper Changes (White)"},"content":{"rendered":"<h3 data-start=\"242\" data-end=\"276\">\ud83e\uddfb <strong data-start=\"249\" data-end=\"276\">Pacote com 100 unidades<\/strong><\/h3>\n<ul data-start=\"277\" data-end=\"375\">\n<li data-start=\"277\" data-end=\"375\">\n<p data-start=\"279\" data-end=\"375\">Vem com <strong data-start=\"287\" data-end=\"314\">100 forros descart\u00e1veis<\/strong> para trocas de fralda, garantindo uso prolongado e economia.<\/p>\n<\/li>\n<\/ul>\n<h3 data-start=\"377\" data-end=\"399\">\ud83c\udf1f <strong data-start=\"384\" data-end=\"399\">Super macio<\/strong><\/h3>\n<ul data-start=\"400\" data-end=\"470\">\n<li data-start=\"400\" data-end=\"470\">\n<p data-start=\"402\" data-end=\"470\">Material <strong data-start=\"411\" data-end=\"426\">ultra macio<\/strong> e confort\u00e1vel para a pele delicada do beb\u00ea.<\/p>\n<\/li>\n<\/ul>\n<h3 data-start=\"472\" data-end=\"499\">\ud83d\udca7 <strong data-start=\"479\" data-end=\"499\">Ultra absorvente<\/strong><\/h3>\n<ul data-start=\"500\" data-end=\"587\">\n<li data-start=\"500\" data-end=\"587\">\n<p data-start=\"502\" data-end=\"587\">Alta capacidade de absor\u00e7\u00e3o para conter l\u00edquidos e evitar vazamentos durante a troca.<\/p>\n<\/li>\n<\/ul>\n<h3 data-start=\"589\" data-end=\"612\">\ud83d\udee1\ufe0f <strong data-start=\"597\" data-end=\"612\">Imperme\u00e1vel<\/strong><\/h3>\n<ul data-start=\"613\" data-end=\"739\">\n<li data-start=\"613\" data-end=\"739\">\n<p data-start=\"615\" data-end=\"739\">Revestimento <strong data-start=\"628\" data-end=\"646\">\u00e0 prova d\u2019\u00e1gua<\/strong>, protege qualquer superf\u00edcie (trocador, cama, sof\u00e1, carrinho etc.) contra sujeira e umidade.<\/p>\n<\/li>\n<\/ul>\n<h3 data-start=\"741\" data-end=\"791\">\ud83d\udc76 <strong data-start=\"748\" data-end=\"791\">Ideal para trocas de fralda sem bagun\u00e7a<\/strong><\/h3>\n<ul data-start=\"792\" data-end=\"876\">\n<li data-start=\"792\" data-end=\"876\">\n<p data-start=\"794\" data-end=\"876\">Facilita a troca do beb\u00ea em qualquer lugar, mantendo o ambiente limpo e higi\u00eanico.<\/p>\n<\/li>\n<\/ul>\n<h3 data-start=\"878\" data-end=\"910\">\ud83e\uddfc <strong data-start=\"885\" data-end=\"910\">Descart\u00e1vel e pr\u00e1tico<\/strong><\/h3>\n<ul data-start=\"911\" data-end=\"996\">\n<li data-start=\"911\" data-end=\"996\">\n<p data-start=\"913\" data-end=\"996\">Uso \u00fanico, f\u00e1cil de descartar ap\u00f3s a troca, sem necessidade de lavar ou higienizar.<\/p>\n<\/li>\n<\/ul>\n<h3 data-start=\"998\" data-end=\"1018\">\u26aa <strong data-start=\"1004\" data-end=\"1018\">Cor branca<\/strong><\/h3>\n<ul data-start=\"1019\" data-end=\"1091\">\n<li data-start=\"1019\" data-end=\"1091\">\n<p data-start=\"1021\" data-end=\"1091\">Acabamento simples e neutro, combina com qualquer ambiente e trocador.<\/p>\n<\/li>\n<\/ul>\n","protected":false},"excerpt":{"rendered":"<p>\ud83e\uddfb Pacote com 100 unidades Vem com 100 forros descart\u00e1veis para trocas de fralda, garantindo uso prolongado e economia. \ud83c\udf1f Super macio Material ultra macio e confort\u00e1vel para a pele delicada do beb\u00ea. \ud83d\udca7 Ultra absorvente Alta capacidade de absor\u00e7\u00e3o para conter l\u00edquidos e evitar vazamentos durante a troca. \ud83d\udee1\ufe0f Imperme\u00e1vel Revestimento \u00e0 prova d\u2019\u00e1gua, [&#8230;]\n","protected":false},"featured_media":8416,"comment_status":"open","ping_status":"closed","template":"","meta":[],"product_brand":[],"product_cat":[3757,3759,3810],"product_tag":[],"class_list":{"0":"post-9798","1":"product","2":"type-product","3":"status-publish","4":"has-post-thumbnail","6":"product_cat-baby-toddler","7":"product_cat-childrens-accessories","8":"product_cat-higiene-e-cuidados","10":"first","11":"instock","12":"taxable","13":"shipping-taxable","14":"purchasable","15":"product-type-simple"},"jetpack_sharing_enabled":true,"_links":{"self":[{"href":"https:\/\/muneka.us\/en\/wp-json\/wp\/v2\/product\/9798","targetHints":{"allow":["GET"]}}],"collection":[{"href":"https:\/\/muneka.us\/en\/wp-json\/wp\/v2\/product"}],"about":[{"href":"https:\/\/muneka.us\/en\/wp-json\/wp\/v2\/types\/product"}],"replies":[{"embeddable":true,"href":"https:\/\/muneka.us\/en\/wp-json\/wp\/v2\/comments?post=9798"}],"wp:featuredmedia":[{"embeddable":true,"href":"https:\/\/muneka.us\/en\/wp-json\/wp\/v2\/media\/8416"}],"wp:attachment":[{"href":"https:\/\/muneka.us\/en\/wp-json\/wp\/v2\/media?parent=9798"}],"wp:term":[{"taxonomy":"product_brand","embeddable":true,"href":"https:\/\/muneka.us\/en\/wp-json\/wp\/v2\/product_brand?post=9798"},{"taxonomy":"product_cat","embeddable":true,"href":"https:\/\/muneka.us\/en\/wp-json\/wp\/v2\/product_cat?post=9798"},{"taxonomy":"product_tag","embeddable":true,"href":"https:\/\/muneka.us\/en\/wp-json\/wp\/v2\/product_tag?post=9798"}],"curies":[{"name":"wp","href":"https:\/\/api.w.org\/{rel}","templated":true}]}}