{"id":9795,"date":"2026-01-22T13:34:37","date_gmt":"2026-01-22T16:34:37","guid":{"rendered":"https:\/\/muneka.us\/product\/momcozy-m9-wearable-pump-app-enabled-multi-modes-15-levels-personalized-pumping-for-the-modern-mom\/"},"modified":"2026-01-22T13:34:37","modified_gmt":"2026-01-22T16:34:37","slug":"momcozy-m9-wearable-pump-app-enabled-multi-modes-15-levels-personalized-pumping-for-the-modern-mom","status":"publish","type":"product","link":"https:\/\/muneka.us\/en\/product\/momcozy-m9-wearable-pump-app-enabled-multi-modes-15-levels-personalized-pumping-for-the-modern-mom\/","title":{"rendered":"Momcozy M9 Wearable Pump: App-Enabled, Multi-Modes &amp; 15 Levels Personalized Pumping for The Modern Mom"},"content":{"rendered":"<h3 data-start=\"88\" data-end=\"130\"><strong data-start=\"92\" data-end=\"130\">Seu Assistente Pessoal de Bombear:<\/strong><\/h3>\n<p data-start=\"131\" data-end=\"341\">Gerencie suas sess\u00f5es de forma simples e pr\u00e1tica pelo app Momcozy. Inicie, pause e acompanhe sua produ\u00e7\u00e3o com facilidade, criando um hist\u00f3rico detalhado da sua jornada de amamenta\u00e7\u00e3o diretamente no seu celular.<\/p>\n<h3 data-start=\"343\" data-end=\"397\"><strong data-start=\"347\" data-end=\"397\">Desempenho Poderoso, Silencioso e Confort\u00e1vel:<\/strong><\/h3>\n<p data-start=\"398\" data-end=\"593\">Experimente um novo n\u00edvel de express\u00e3o de leite com efici\u00eancia. O motor avan\u00e7ado oferece suc\u00e7\u00e3o forte e eficaz, operando em um volume extremamente silencioso, para uso discreto em qualquer lugar.<\/p>\n<h3 data-start=\"595\" data-end=\"637\"><strong data-start=\"599\" data-end=\"637\">Conforto Realmente Personaliz\u00e1vel:<\/strong><\/h3>\n<p data-start=\"638\" data-end=\"839\">V\u00e1 al\u00e9m dos modos padr\u00e3o. Descubra uma s\u00e9rie de configura\u00e7\u00f5es especializadas pelo app, incluindo <em data-start=\"735\" data-end=\"748\">Milk Relief<\/em> e <em data-start=\"751\" data-end=\"763\">Milk Boost<\/em>, permitindo ajustar a experi\u00eancia para m\u00e1ximo conforto e melhor rendimento.<\/p>\n<h3 data-start=\"841\" data-end=\"886\"><strong data-start=\"845\" data-end=\"886\">Projetado para Discri\u00e7\u00e3o e Confian\u00e7a:<\/strong><\/h3>\n<p data-start=\"887\" data-end=\"1089\">Seu design ergon\u00f4mico e discreto se encaixa perfeitamente no suti\u00e3 de amamenta\u00e7\u00e3o. Com a inovadora flange DoubleFit, oferece um encaixe seguro e confort\u00e1vel para bombear de forma praticamente invis\u00edvel.<\/p>\n<h3 data-start=\"1091\" data-end=\"1140\"><strong data-start=\"1095\" data-end=\"1140\">Pronto para o Dia Todo, com Simplicidade:<\/strong><\/h3>\n<p data-start=\"1141\" data-end=\"1356\">Pensado para a rotina da m\u00e3e moderna. Desfrute da conveni\u00eancia de bateria de longa dura\u00e7\u00e3o, poucas pe\u00e7as para facilitar a limpeza e um kit completo que inclui uma elegante bolsa de armazenamento para levar com voc\u00ea.<\/p>\n","protected":false},"excerpt":{"rendered":"<p>Seu Assistente Pessoal de Bombear: Gerencie suas sess\u00f5es de forma simples e pr\u00e1tica pelo app Momcozy. Inicie, pause e acompanhe sua produ\u00e7\u00e3o com facilidade, criando um hist\u00f3rico detalhado da sua jornada de amamenta\u00e7\u00e3o diretamente no seu celular. Desempenho Poderoso, Silencioso e Confort\u00e1vel: Experimente um novo n\u00edvel de express\u00e3o de leite com efici\u00eancia. O motor avan\u00e7ado [&#8230;]\n","protected":false},"featured_media":8411,"comment_status":"open","ping_status":"closed","template":"","meta":[],"product_brand":[],"product_cat":[3757,3759],"product_tag":[],"class_list":{"0":"post-9795","1":"product","2":"type-product","3":"status-publish","4":"has-post-thumbnail","6":"product_cat-baby-toddler","7":"product_cat-childrens-accessories","9":"first","10":"instock","11":"taxable","12":"shipping-taxable","13":"purchasable","14":"product-type-simple"},"jetpack_sharing_enabled":true,"_links":{"self":[{"href":"https:\/\/muneka.us\/en\/wp-json\/wp\/v2\/product\/9795","targetHints":{"allow":["GET"]}}],"collection":[{"href":"https:\/\/muneka.us\/en\/wp-json\/wp\/v2\/product"}],"about":[{"href":"https:\/\/muneka.us\/en\/wp-json\/wp\/v2\/types\/product"}],"replies":[{"embeddable":true,"href":"https:\/\/muneka.us\/en\/wp-json\/wp\/v2\/comments?post=9795"}],"wp:featuredmedia":[{"embeddable":true,"href":"https:\/\/muneka.us\/en\/wp-json\/wp\/v2\/media\/8411"}],"wp:attachment":[{"href":"https:\/\/muneka.us\/en\/wp-json\/wp\/v2\/media?parent=9795"}],"wp:term":[{"taxonomy":"product_brand","embeddable":true,"href":"https:\/\/muneka.us\/en\/wp-json\/wp\/v2\/product_brand?post=9795"},{"taxonomy":"product_cat","embeddable":true,"href":"https:\/\/muneka.us\/en\/wp-json\/wp\/v2\/product_cat?post=9795"},{"taxonomy":"product_tag","embeddable":true,"href":"https:\/\/muneka.us\/en\/wp-json\/wp\/v2\/product_tag?post=9795"}],"curies":[{"name":"wp","href":"https:\/\/api.w.org\/{rel}","templated":true}]}}