{"id":9778,"date":"2026-01-27T12:07:38","date_gmt":"2026-01-27T15:07:38","guid":{"rendered":"https:\/\/muneka.us\/product\/neutrogena-stubborn-acne-ultra-thin-blemish-dots-pimple-patches-for-face-acne-patches-ultra-thin-hydrocolloid-facial-stickers-overnight-use-suitable-for-all-skin-types-24-count-2\/"},"modified":"2026-01-27T12:07:38","modified_gmt":"2026-01-27T15:07:38","slug":"neutrogena-stubborn-acne-ultra-thin-blemish-dots-pimple-patches-for-face-acne-patches-ultra-thin-hydrocolloid-facial-stickers-overnight-use-suitable-for-all-skin-types-24-count-2","status":"publish","type":"product","link":"https:\/\/muneka.us\/en\/product\/neutrogena-stubborn-acne-ultra-thin-blemish-dots-pimple-patches-for-face-acne-patches-ultra-thin-hydrocolloid-facial-stickers-overnight-use-suitable-for-all-skin-types-24-count-2\/","title":{"rendered":"Neutrogena Stubborn Acne Ultra-Thin Blemish Dots, Pimple Patches for Face, Acne Patches, Ultra-Thin Hydrocolloid Facial Stickers, Overnight Use, Suitable for All Skin Types, 24 Count"},"content":{"rendered":"<li data-start=\"309\" data-end=\"359\">\n<p data-start=\"311\" data-end=\"359\">Patches para tratamento de <strong data-start=\"338\" data-end=\"357\">espinhas e acne<\/strong><\/p>\n<\/li>\n<li data-start=\"360\" data-end=\"404\">\n<p data-start=\"362\" data-end=\"404\">Tecnologia de <strong data-start=\"376\" data-end=\"402\">hidrocoloide ultrafino<\/strong><\/p>\n<\/li>\n<li data-start=\"405\" data-end=\"465\">\n<p data-start=\"407\" data-end=\"465\">Ajuda a <strong data-start=\"415\" data-end=\"437\">absorver secre\u00e7\u00f5es<\/strong> e proteger a \u00e1rea afetada<\/p>\n<\/li>\n<li data-start=\"466\" data-end=\"514\">\n<p data-start=\"468\" data-end=\"514\">Design <strong data-start=\"475\" data-end=\"487\">discreto<\/strong>, quase invis\u00edvel na pele<\/p>\n<\/li>\n<li data-start=\"515\" data-end=\"553\">\n<p data-start=\"517\" data-end=\"553\">Ideal para <strong data-start=\"528\" data-end=\"551\">uso durante a noite<\/strong><\/p>\n<\/li>\n<li data-start=\"554\" data-end=\"618\">\n<p data-start=\"556\" data-end=\"618\">Contribui para reduzir vermelhid\u00e3o e acelerar a cicatriza\u00e7\u00e3o<\/p>\n<\/li>\n<li data-start=\"619\" data-end=\"663\">\n<p data-start=\"621\" data-end=\"663\"><strong data-start=\"621\" data-end=\"661\">Adequado para todos os tipos de pele<\/strong><\/p>\n<\/li>\n<li data-start=\"664\" data-end=\"687\">\n<p data-start=\"666\" data-end=\"687\">Uso f\u00e1cil e pr\u00e1tico<\/p>\n<\/li>\n<li data-start=\"688\" data-end=\"712\">\n<p data-start=\"690\" data-end=\"712\">Cont\u00e9m <strong data-start=\"697\" data-end=\"712\">24 adesivos<\/strong><\/p>\n<\/li>\n","protected":false},"excerpt":{"rendered":"<p>Patches para tratamento de espinhas e acne Tecnologia de hidrocoloide ultrafino Ajuda a absorver secre\u00e7\u00f5es e proteger a \u00e1rea afetada Design discreto, quase invis\u00edvel na pele Ideal para uso durante a noite Contribui para reduzir vermelhid\u00e3o e acelerar a cicatriza\u00e7\u00e3o Adequado para todos os tipos de pele Uso f\u00e1cil e pr\u00e1tico Cont\u00e9m 24 adesivos<\/p>\n","protected":false},"featured_media":9779,"comment_status":"open","ping_status":"closed","template":"","meta":[],"product_brand":[],"product_cat":[3722,3721,3810],"product_tag":[],"class_list":{"0":"post-9778","1":"product","2":"type-product","3":"status-publish","4":"has-post-thumbnail","6":"product_cat-beauty-wellness","7":"product_cat-health-wellness","8":"product_cat-higiene-e-cuidados","10":"first","11":"instock","12":"taxable","13":"shipping-taxable","14":"purchasable","15":"product-type-simple"},"jetpack_sharing_enabled":true,"_links":{"self":[{"href":"https:\/\/muneka.us\/en\/wp-json\/wp\/v2\/product\/9778","targetHints":{"allow":["GET"]}}],"collection":[{"href":"https:\/\/muneka.us\/en\/wp-json\/wp\/v2\/product"}],"about":[{"href":"https:\/\/muneka.us\/en\/wp-json\/wp\/v2\/types\/product"}],"replies":[{"embeddable":true,"href":"https:\/\/muneka.us\/en\/wp-json\/wp\/v2\/comments?post=9778"}],"wp:featuredmedia":[{"embeddable":true,"href":"https:\/\/muneka.us\/en\/wp-json\/wp\/v2\/media\/9779"}],"wp:attachment":[{"href":"https:\/\/muneka.us\/en\/wp-json\/wp\/v2\/media?parent=9778"}],"wp:term":[{"taxonomy":"product_brand","embeddable":true,"href":"https:\/\/muneka.us\/en\/wp-json\/wp\/v2\/product_brand?post=9778"},{"taxonomy":"product_cat","embeddable":true,"href":"https:\/\/muneka.us\/en\/wp-json\/wp\/v2\/product_cat?post=9778"},{"taxonomy":"product_tag","embeddable":true,"href":"https:\/\/muneka.us\/en\/wp-json\/wp\/v2\/product_tag?post=9778"}],"curies":[{"name":"wp","href":"https:\/\/api.w.org\/{rel}","templated":true}]}}