{"id":9770,"date":"2026-01-22T15:43:46","date_gmt":"2026-01-22T18:43:46","guid":{"rendered":"https:\/\/muneka.us\/product\/grande-cosmetics-grandelash-md-lash-enhancing-serum-peptide-vitamin-infused-formula-for-longer-thicker-fuller-looking-lashes-ophthalmologist-tested-cruelty-free\/"},"modified":"2026-01-22T15:43:46","modified_gmt":"2026-01-22T18:43:46","slug":"grande-cosmetics-grandelash-md-lash-enhancing-serum-peptide-vitamin-infused-formula-for-longer-thicker-fuller-looking-lashes-ophthalmologist-tested-cruelty-free","status":"publish","type":"product","link":"https:\/\/muneka.us\/en\/product\/grande-cosmetics-grandelash-md-lash-enhancing-serum-peptide-vitamin-infused-formula-for-longer-thicker-fuller-looking-lashes-ophthalmologist-tested-cruelty-free\/","title":{"rendered":"Grande Cosmetics GrandeLASH-MD Lash Enhancing Serum &#8211; Peptide &amp; Vitamin Infused Formula for Longer, Thicker, Fuller Looking Lashes &#8211; Ophthalmologist Tested, Cruelty-Free"},"content":{"rendered":"<h2 data-start=\"87\" data-end=\"163\"><strong data-start=\"90\" data-end=\"163\">Caracter\u00edsticas \u2013 Grande Cosmetics GrandeLASH-MD Lash Enhancing Serum<\/strong><\/h2>\n<ul data-start=\"165\" data-end=\"571\">\n<li data-start=\"165\" data-end=\"263\">\n<p data-start=\"167\" data-end=\"263\"><strong data-start=\"167\" data-end=\"263\">S\u00e9rum para c\u00edlios que promove apar\u00eancia de c\u00edlios mais longos, mais grossos e mais volumosos<\/strong><\/p>\n<\/li>\n<li data-start=\"264\" data-end=\"315\">\n<p data-start=\"266\" data-end=\"315\"><strong data-start=\"266\" data-end=\"315\">F\u00f3rmula enriquecida com pept\u00eddeos e vitaminas<\/strong><\/p>\n<\/li>\n<li data-start=\"316\" data-end=\"349\">\n<p data-start=\"318\" data-end=\"349\"><strong data-start=\"318\" data-end=\"349\">Testado por oftalmologistas<\/strong><\/p>\n<\/li>\n<li data-start=\"350\" data-end=\"393\">\n<p data-start=\"352\" data-end=\"393\"><strong data-start=\"352\" data-end=\"393\">Cruelty-free (n\u00e3o testado em animais)<\/strong><\/p>\n<\/li>\n<li data-start=\"394\" data-end=\"456\">\n<p data-start=\"396\" data-end=\"456\"><strong data-start=\"396\" data-end=\"456\">Ajuda a melhorar a apar\u00eancia dos c\u00edlios com uso cont\u00ednuo<\/strong><\/p>\n<\/li>\n<li data-start=\"457\" data-end=\"508\">\n<p data-start=\"459\" data-end=\"508\"><strong data-start=\"459\" data-end=\"508\">F\u00e1cil aplica\u00e7\u00e3o com aplicador tipo delineador<\/strong><\/p>\n<\/li>\n<li data-start=\"509\" data-end=\"571\">\n<p data-start=\"511\" data-end=\"571\"><strong data-start=\"511\" data-end=\"571\">Ideal para quem deseja c\u00edlios mais definidos e marcantes<\/strong><\/p>\n<\/li>\n<\/ul>\n","protected":false},"excerpt":{"rendered":"<p>Caracter\u00edsticas \u2013 Grande Cosmetics GrandeLASH-MD Lash Enhancing Serum S\u00e9rum para c\u00edlios que promove apar\u00eancia de c\u00edlios mais longos, mais grossos e mais volumosos F\u00f3rmula enriquecida com pept\u00eddeos e vitaminas Testado por oftalmologistas Cruelty-free (n\u00e3o testado em animais) Ajuda a melhorar a apar\u00eancia dos c\u00edlios com uso cont\u00ednuo F\u00e1cil aplica\u00e7\u00e3o com aplicador tipo delineador Ideal para [&#8230;]\n","protected":false},"featured_media":9771,"comment_status":"open","ping_status":"closed","template":"","meta":[],"product_brand":[],"product_cat":[3722,3807],"product_tag":[],"class_list":{"0":"post-9770","1":"product","2":"type-product","3":"status-publish","4":"has-post-thumbnail","6":"product_cat-beauty-wellness","7":"product_cat-makeup","9":"first","10":"instock","11":"taxable","12":"shipping-taxable","13":"purchasable","14":"product-type-simple"},"jetpack_sharing_enabled":true,"_links":{"self":[{"href":"https:\/\/muneka.us\/en\/wp-json\/wp\/v2\/product\/9770","targetHints":{"allow":["GET"]}}],"collection":[{"href":"https:\/\/muneka.us\/en\/wp-json\/wp\/v2\/product"}],"about":[{"href":"https:\/\/muneka.us\/en\/wp-json\/wp\/v2\/types\/product"}],"replies":[{"embeddable":true,"href":"https:\/\/muneka.us\/en\/wp-json\/wp\/v2\/comments?post=9770"}],"wp:featuredmedia":[{"embeddable":true,"href":"https:\/\/muneka.us\/en\/wp-json\/wp\/v2\/media\/9771"}],"wp:attachment":[{"href":"https:\/\/muneka.us\/en\/wp-json\/wp\/v2\/media?parent=9770"}],"wp:term":[{"taxonomy":"product_brand","embeddable":true,"href":"https:\/\/muneka.us\/en\/wp-json\/wp\/v2\/product_brand?post=9770"},{"taxonomy":"product_cat","embeddable":true,"href":"https:\/\/muneka.us\/en\/wp-json\/wp\/v2\/product_cat?post=9770"},{"taxonomy":"product_tag","embeddable":true,"href":"https:\/\/muneka.us\/en\/wp-json\/wp\/v2\/product_tag?post=9770"}],"curies":[{"name":"wp","href":"https:\/\/api.w.org\/{rel}","templated":true}]}}