{"id":9766,"date":"2026-01-22T15:39:26","date_gmt":"2026-01-22T18:39:26","guid":{"rendered":"https:\/\/muneka.us\/product\/e-l-f-glow-reviver-slipstick-tinted-lip-oil-stick-non-sticky-hydrating-for-a-soft-shine-finish-vegan-cruelty-free-rose-latte\/"},"modified":"2026-01-22T15:39:26","modified_gmt":"2026-01-22T18:39:26","slug":"e-l-f-glow-reviver-slipstick-tinted-lip-oil-stick-non-sticky-hydrating-for-a-soft-shine-finish-vegan-cruelty-free-rose-latte","status":"publish","type":"product","link":"https:\/\/muneka.us\/en\/product\/e-l-f-glow-reviver-slipstick-tinted-lip-oil-stick-non-sticky-hydrating-for-a-soft-shine-finish-vegan-cruelty-free-rose-latte\/","title":{"rendered":"e.l.f. Glow Reviver Slipstick, Tinted Lip Oil Stick, Non-Sticky &amp; Hydrating For A Soft-Shine Finish, Vegan &amp; Cruelty-Free, Rose Latte"},"content":{"rendered":"<li data-start=\"180\" data-end=\"226\">\n<p data-start=\"182\" data-end=\"226\"><strong data-start=\"182\" data-end=\"224\">B\u00e1lsamo labial com cor (lip oil stick)<\/strong><\/p>\n<\/li>\n<li data-start=\"227\" data-end=\"283\">\n<p data-start=\"229\" data-end=\"283\"><strong data-start=\"229\" data-end=\"281\">Acabamento suave e brilhante (soft-shine finish)<\/strong><\/p>\n<\/li>\n<li data-start=\"284\" data-end=\"322\">\n<p data-start=\"286\" data-end=\"322\"><strong data-start=\"286\" data-end=\"320\">N\u00e3o fica pegajoso (non-sticky)<\/strong><\/p>\n<\/li>\n<li data-start=\"323\" data-end=\"368\">\n<p data-start=\"325\" data-end=\"368\"><strong data-start=\"325\" data-end=\"366\">Hidrata\u00e7\u00e3o intensa para l\u00e1bios macios<\/strong><\/p>\n<\/li>\n<li data-start=\"369\" data-end=\"403\">\n<p data-start=\"371\" data-end=\"403\"><strong data-start=\"371\" data-end=\"401\">Textura leve e confort\u00e1vel<\/strong><\/p>\n<\/li>\n<li data-start=\"404\" data-end=\"449\">\n<p data-start=\"406\" data-end=\"449\"><strong data-start=\"406\" data-end=\"447\">Aplica\u00e7\u00e3o em bast\u00e3o, pr\u00e1tica e r\u00e1pida<\/strong><\/p>\n<\/li>\n<li data-start=\"450\" data-end=\"472\">\n<p data-start=\"452\" data-end=\"472\"><strong data-start=\"452\" data-end=\"470\">F\u00f3rmula vegana<\/strong><\/p>\n<\/li>\n<li data-start=\"473\" data-end=\"518\">\n<p data-start=\"475\" data-end=\"518\"><strong data-start=\"475\" data-end=\"516\">Cruelty-free (n\u00e3o testado em animais)<\/strong><\/p>\n<\/li>\n<li data-start=\"519\" data-end=\"542\">\n<p data-start=\"521\" data-end=\"542\"><strong data-start=\"521\" data-end=\"540\">Cor: Rose Latte<\/strong><\/p>\n<\/li>\n<li data-start=\"543\" data-end=\"608\">\n<p data-start=\"545\" data-end=\"608\"><strong data-start=\"545\" data-end=\"608\">Ideal para uso di\u00e1rio e para dar um toque de brilho natural<\/strong><\/p>\n<\/li>\n","protected":false},"excerpt":{"rendered":"<p>B\u00e1lsamo labial com cor (lip oil stick) Acabamento suave e brilhante (soft-shine finish) N\u00e3o fica pegajoso (non-sticky) Hidrata\u00e7\u00e3o intensa para l\u00e1bios macios Textura leve e confort\u00e1vel Aplica\u00e7\u00e3o em bast\u00e3o, pr\u00e1tica e r\u00e1pida F\u00f3rmula vegana Cruelty-free (n\u00e3o testado em animais) Cor: Rose Latte Ideal para uso di\u00e1rio e para dar um toque de brilho natural<\/p>\n","protected":false},"featured_media":9767,"comment_status":"open","ping_status":"closed","template":"","meta":[],"product_brand":[],"product_cat":[3722,3721,3807],"product_tag":[],"class_list":{"0":"post-9766","1":"product","2":"type-product","3":"status-publish","4":"has-post-thumbnail","6":"product_cat-beauty-wellness","7":"product_cat-health-wellness","8":"product_cat-makeup","10":"first","11":"instock","12":"taxable","13":"shipping-taxable","14":"purchasable","15":"product-type-simple"},"jetpack_sharing_enabled":true,"_links":{"self":[{"href":"https:\/\/muneka.us\/en\/wp-json\/wp\/v2\/product\/9766","targetHints":{"allow":["GET"]}}],"collection":[{"href":"https:\/\/muneka.us\/en\/wp-json\/wp\/v2\/product"}],"about":[{"href":"https:\/\/muneka.us\/en\/wp-json\/wp\/v2\/types\/product"}],"replies":[{"embeddable":true,"href":"https:\/\/muneka.us\/en\/wp-json\/wp\/v2\/comments?post=9766"}],"wp:featuredmedia":[{"embeddable":true,"href":"https:\/\/muneka.us\/en\/wp-json\/wp\/v2\/media\/9767"}],"wp:attachment":[{"href":"https:\/\/muneka.us\/en\/wp-json\/wp\/v2\/media?parent=9766"}],"wp:term":[{"taxonomy":"product_brand","embeddable":true,"href":"https:\/\/muneka.us\/en\/wp-json\/wp\/v2\/product_brand?post=9766"},{"taxonomy":"product_cat","embeddable":true,"href":"https:\/\/muneka.us\/en\/wp-json\/wp\/v2\/product_cat?post=9766"},{"taxonomy":"product_tag","embeddable":true,"href":"https:\/\/muneka.us\/en\/wp-json\/wp\/v2\/product_tag?post=9766"}],"curies":[{"name":"wp","href":"https:\/\/api.w.org\/{rel}","templated":true}]}}