{"id":9762,"date":"2026-01-22T15:33:20","date_gmt":"2026-01-22T18:33:20","guid":{"rendered":"https:\/\/muneka.us\/product\/momcozy-baby-wipe-warmer-innovative-spring-design-large-capacity-wipes-dispenser-fast-and-even-heating-4-modes-of-temperature-heating-control-diaper-wipe-warmer-with-night-light\/"},"modified":"2026-01-22T15:33:20","modified_gmt":"2026-01-22T18:33:20","slug":"momcozy-baby-wipe-warmer-innovative-spring-design-large-capacity-wipes-dispenser-fast-and-even-heating-4-modes-of-temperature-heating-control-diaper-wipe-warmer-with-night-light","status":"publish","type":"product","link":"https:\/\/muneka.us\/en\/product\/momcozy-baby-wipe-warmer-innovative-spring-design-large-capacity-wipes-dispenser-fast-and-even-heating-4-modes-of-temperature-heating-control-diaper-wipe-warmer-with-night-light\/","title":{"rendered":"Momcozy Baby Wipe Warmer, Innovative Spring Design, Large Capacity Wipes Dispenser, Fast and Even Heating, 4 Modes of Temperature Heating Control, Diaper Wipe Warmer with Night Light"},"content":{"rendered":"<h3 data-start=\"52\" data-end=\"85\"><strong data-start=\"56\" data-end=\"85\">DESIGN INOVADOR COM MOLAS<\/strong><\/h3>\n<p data-start=\"86\" data-end=\"337\">O aquecedor de len\u00e7os umedecidos Momcozy adota um design inovador com mola embutida, aquecendo rapidamente e mantendo a temperatura adequada mesmo quando a capacidade de len\u00e7os \u00e9 pequena. A mola \u00e9 remov\u00edvel e pode ser usada ou n\u00e3o conforme necess\u00e1rio.<\/p>\n<h3 data-start=\"339\" data-end=\"375\"><strong data-start=\"343\" data-end=\"375\">AJUSTE DE LUZ EM TR\u00caS N\u00cdVEIS<\/strong><\/h3>\n<p data-start=\"376\" data-end=\"587\">O aquecedor possui luz noturna integrada, permitindo ajustar o brilho conforme sua necessidade e iluminar o trocador durante trocas noturnas. Evita que a luz interna incomode os olhos do beb\u00ea enquanto ele dorme.<\/p>\n<h3 data-start=\"589\" data-end=\"613\"><strong data-start=\"593\" data-end=\"613\">MANT\u00c9M A UMIDADE<\/strong><\/h3>\n<p data-start=\"614\" data-end=\"860\">Com design de aquecimento superior, o aquecedor mant\u00e9m os len\u00e7os na temperatura mais alta na parte superior da caixa. A veda\u00e7\u00e3o de silicone de alta qualidade bloqueia efetivamente a umidade e o calor, evitando que os len\u00e7os ressequem e escure\u00e7am.<\/p>\n<h3 data-start=\"862\" data-end=\"908\"><strong data-start=\"866\" data-end=\"908\">AJUSTE DE TEMPERATURA EM QUATRO N\u00cdVEIS<\/strong><\/h3>\n<p data-start=\"909\" data-end=\"1130\">O aquecedor de len\u00e7os umedecidos possui 4 op\u00e7\u00f5es de temperatura (40\u00b0C, 45\u00b0C, 50\u00b0C, 55\u00b0C) para diferentes usos e necessidades. Escolher a temperatura mais adequada permite que o beb\u00ea se sinta confort\u00e1vel durante a limpeza.<\/p>\n<h3 data-start=\"1132\" data-end=\"1153\"><strong data-start=\"1136\" data-end=\"1153\">F\u00c1CIL DE USAR<\/strong><\/h3>\n<p data-start=\"1154\" data-end=\"1387\">O dispensador pode acomodar um pacote inteiro de len\u00e7os umedecidos, sem necessidade de abrir a embalagem, \u00e1gua ou esponjas. O tamanho extra grande atende a 90% dos len\u00e7os do mercado e \u00e9 compat\u00edvel com os len\u00e7os extra grandes Momcozy.<\/p>\n<h3 data-start=\"1389\" data-end=\"1431\"><strong data-start=\"1393\" data-end=\"1431\">AVISO \u2014 LIMPEZA REGULAR NECESS\u00c1RIA<\/strong><\/h3>\n<p data-start=\"1432\" data-end=\"1656\">Limpe o interior e o exterior do aquecedor pelo menos uma vez por semana com \u00e1lcool ou len\u00e7os umedecidos, para evitar o ac\u00famulo prolongado de vapor gerado durante o aquecimento, que pode contaminar os len\u00e7os ou a superf\u00edcie.<\/p>\n<h3 data-start=\"1658\" data-end=\"1671\"><strong data-start=\"1662\" data-end=\"1671\">DICAS<\/strong><\/h3>\n<ol data-start=\"1672\" data-end=\"2119\">\n<li data-start=\"1672\" data-end=\"1918\">\n<p data-start=\"1675\" data-end=\"1918\"><strong data-start=\"1675\" data-end=\"1687\">Umidade:<\/strong> Para evitar que os len\u00e7os ressequem, adicione uma quantidade moderada de \u00e1gua purificada ao aquecedor (abaixo da borda inferior da janela de visualiza\u00e7\u00e3o). Verifique regularmente o n\u00edvel da \u00e1gua para evitar vazamentos por excesso.<\/p>\n<\/li>\n<li data-start=\"1919\" data-end=\"2119\">\n<p data-start=\"1922\" data-end=\"2119\"><strong data-start=\"1922\" data-end=\"1938\">Aquecimento:<\/strong> Como o aquecedor utiliza aquecimento superior, desligue-o ao sair de casa ou durante per\u00edodos longos sem uso para evitar que o aquecimento prolongado resseque os len\u00e7os superiores.<\/p>\n<\/li>\n<\/ol>\n","protected":false},"excerpt":{"rendered":"<p>DESIGN INOVADOR COM MOLAS O aquecedor de len\u00e7os umedecidos Momcozy adota um design inovador com mola embutida, aquecendo rapidamente e mantendo a temperatura adequada mesmo quando a capacidade de len\u00e7os \u00e9 pequena. A mola \u00e9 remov\u00edvel e pode ser usada ou n\u00e3o conforme necess\u00e1rio. AJUSTE DE LUZ EM TR\u00caS N\u00cdVEIS O aquecedor possui luz noturna [&#8230;]\n","protected":false},"featured_media":9763,"comment_status":"open","ping_status":"closed","template":"","meta":[],"product_brand":[],"product_cat":[3757,3759,3769],"product_tag":[],"class_list":{"0":"post-9762","1":"product","2":"type-product","3":"status-publish","4":"has-post-thumbnail","6":"product_cat-baby-toddler","7":"product_cat-childrens-accessories","8":"product_cat-home-decor","10":"first","11":"instock","12":"taxable","13":"shipping-taxable","14":"purchasable","15":"product-type-simple"},"jetpack_sharing_enabled":true,"_links":{"self":[{"href":"https:\/\/muneka.us\/en\/wp-json\/wp\/v2\/product\/9762","targetHints":{"allow":["GET"]}}],"collection":[{"href":"https:\/\/muneka.us\/en\/wp-json\/wp\/v2\/product"}],"about":[{"href":"https:\/\/muneka.us\/en\/wp-json\/wp\/v2\/types\/product"}],"replies":[{"embeddable":true,"href":"https:\/\/muneka.us\/en\/wp-json\/wp\/v2\/comments?post=9762"}],"wp:featuredmedia":[{"embeddable":true,"href":"https:\/\/muneka.us\/en\/wp-json\/wp\/v2\/media\/9763"}],"wp:attachment":[{"href":"https:\/\/muneka.us\/en\/wp-json\/wp\/v2\/media?parent=9762"}],"wp:term":[{"taxonomy":"product_brand","embeddable":true,"href":"https:\/\/muneka.us\/en\/wp-json\/wp\/v2\/product_brand?post=9762"},{"taxonomy":"product_cat","embeddable":true,"href":"https:\/\/muneka.us\/en\/wp-json\/wp\/v2\/product_cat?post=9762"},{"taxonomy":"product_tag","embeddable":true,"href":"https:\/\/muneka.us\/en\/wp-json\/wp\/v2\/product_tag?post=9762"}],"curies":[{"name":"wp","href":"https:\/\/api.w.org\/{rel}","templated":true}]}}