{"id":9732,"date":"2026-01-22T15:04:58","date_gmt":"2026-01-22T18:04:58","guid":{"rendered":"https:\/\/muneka.us\/product\/momcozy-baby-carrier-ergonomic-cozy-and-lightweight-carrier-for-7-45lbs-effortless-to-put-on-ideal-for-hands-free-parenting-enhanced-lumbar-support-purehug-for-infant-to-toddler-khaki\/"},"modified":"2026-01-22T15:04:58","modified_gmt":"2026-01-22T18:04:58","slug":"momcozy-baby-carrier-ergonomic-cozy-and-lightweight-carrier-for-7-45lbs-effortless-to-put-on-ideal-for-hands-free-parenting-enhanced-lumbar-support-purehug-for-infant-to-toddler-khaki","status":"publish","type":"product","link":"https:\/\/muneka.us\/en\/product\/momcozy-baby-carrier-ergonomic-cozy-and-lightweight-carrier-for-7-45lbs-effortless-to-put-on-ideal-for-hands-free-parenting-enhanced-lumbar-support-purehug-for-infant-to-toddler-khaki\/","title":{"rendered":"Momcozy Baby Carrier &#8211; Ergonomic, Cozy and Lightweight Carrier for 7-45lbs, Effortless to Put On, Ideal for Hands-Free Parenting, Enhanced Lumbar Support, Purehug for Infant to Toddler, Khaki"},"content":{"rendered":"<p>Para beb\u00eas de 3,2 kg a 20,4 kg (7\u201345 lbs) | F\u00e1cil de colocar | Ideal para pais que querem as m\u00e3os livres | Suporte lombar refor\u00e7ado | Modelo Purehug, do beb\u00ea ao toddler | Cor c\u00e1qui<\/p>\n","protected":false},"excerpt":{"rendered":"<p>Para beb\u00eas de 3,2 kg a 20,4 kg (7\u201345 lbs) | F\u00e1cil de colocar | Ideal para pais que querem as m\u00e3os livres | Suporte lombar refor\u00e7ado | Modelo Purehug, do beb\u00ea ao toddler | Cor c\u00e1qui<\/p>\n","protected":false},"featured_media":9733,"comment_status":"open","ping_status":"closed","template":"","meta":[],"product_brand":[],"product_cat":[3757,3759],"product_tag":[],"class_list":{"0":"post-9732","1":"product","2":"type-product","3":"status-publish","4":"has-post-thumbnail","6":"product_cat-baby-toddler","7":"product_cat-childrens-accessories","9":"first","10":"instock","11":"taxable","12":"shipping-taxable","13":"purchasable","14":"product-type-simple"},"jetpack_sharing_enabled":true,"_links":{"self":[{"href":"https:\/\/muneka.us\/en\/wp-json\/wp\/v2\/product\/9732","targetHints":{"allow":["GET"]}}],"collection":[{"href":"https:\/\/muneka.us\/en\/wp-json\/wp\/v2\/product"}],"about":[{"href":"https:\/\/muneka.us\/en\/wp-json\/wp\/v2\/types\/product"}],"replies":[{"embeddable":true,"href":"https:\/\/muneka.us\/en\/wp-json\/wp\/v2\/comments?post=9732"}],"wp:featuredmedia":[{"embeddable":true,"href":"https:\/\/muneka.us\/en\/wp-json\/wp\/v2\/media\/9733"}],"wp:attachment":[{"href":"https:\/\/muneka.us\/en\/wp-json\/wp\/v2\/media?parent=9732"}],"wp:term":[{"taxonomy":"product_brand","embeddable":true,"href":"https:\/\/muneka.us\/en\/wp-json\/wp\/v2\/product_brand?post=9732"},{"taxonomy":"product_cat","embeddable":true,"href":"https:\/\/muneka.us\/en\/wp-json\/wp\/v2\/product_cat?post=9732"},{"taxonomy":"product_tag","embeddable":true,"href":"https:\/\/muneka.us\/en\/wp-json\/wp\/v2\/product_tag?post=9732"}],"curies":[{"name":"wp","href":"https:\/\/api.w.org\/{rel}","templated":true}]}}