{"id":9707,"date":"2026-01-27T13:31:04","date_gmt":"2026-01-27T16:31:04","guid":{"rendered":"https:\/\/muneka.us\/product\/beauty-of-joseon-calming-serum-green-tea-panthenol-soothing-moisturizing-sensitive-acne-prone-uv-irritated-skin-daily-korean-skin-care-for-men-and-women-30ml-1-fl-oz\/"},"modified":"2026-01-27T13:31:04","modified_gmt":"2026-01-27T16:31:04","slug":"beauty-of-joseon-calming-serum-green-tea-panthenol-soothing-moisturizing-sensitive-acne-prone-uv-irritated-skin-daily-korean-skin-care-for-men-and-women-30ml-1-fl-oz","status":"publish","type":"product","link":"https:\/\/muneka.us\/en\/product\/beauty-of-joseon-calming-serum-green-tea-panthenol-soothing-moisturizing-sensitive-acne-prone-uv-irritated-skin-daily-korean-skin-care-for-men-and-women-30ml-1-fl-oz\/","title":{"rendered":"Beauty of Joseon Calming Serum Green Tea Panthenol Soothing, Moisturizing Sensitive, Acne-Prone, UV Irritated Skin, Daily Korean Skin Care for Men and Women, 30ml 1 fl.oz"},"content":{"rendered":"<p>Um <strong data-start=\"249\" data-end=\"280\">s\u00e9rum calmante e hidratante<\/strong> com f\u00f3rmula suave que combina ingredientes naturais e fortificantes para ajudar a <strong data-start=\"363\" data-end=\"440\">reduzir a vermelhid\u00e3o, acalmar irrita\u00e7\u00f5es e fortalecer a barreira cut\u00e2nea<\/strong>, ideal para uso <strong data-start=\"457\" data-end=\"487\">di\u00e1rio, de manh\u00e3 e \u00e0 noite<\/strong>.<\/p>\n","protected":false},"excerpt":{"rendered":"<p>Um s\u00e9rum calmante e hidratante com f\u00f3rmula suave que combina ingredientes naturais e fortificantes para ajudar a reduzir a vermelhid\u00e3o, acalmar irrita\u00e7\u00f5es e fortalecer a barreira cut\u00e2nea, ideal para uso di\u00e1rio, de manh\u00e3 e \u00e0 noite.<\/p>\n","protected":false},"featured_media":9708,"comment_status":"open","ping_status":"closed","template":"","meta":[],"product_brand":[],"product_cat":[3722,3807,3810],"product_tag":[],"class_list":{"0":"post-9707","1":"product","2":"type-product","3":"status-publish","4":"has-post-thumbnail","6":"product_cat-beauty-wellness","7":"product_cat-makeup","8":"product_cat-higiene-e-cuidados","10":"first","11":"instock","12":"taxable","13":"shipping-taxable","14":"purchasable","15":"product-type-simple"},"jetpack_sharing_enabled":true,"_links":{"self":[{"href":"https:\/\/muneka.us\/en\/wp-json\/wp\/v2\/product\/9707","targetHints":{"allow":["GET"]}}],"collection":[{"href":"https:\/\/muneka.us\/en\/wp-json\/wp\/v2\/product"}],"about":[{"href":"https:\/\/muneka.us\/en\/wp-json\/wp\/v2\/types\/product"}],"replies":[{"embeddable":true,"href":"https:\/\/muneka.us\/en\/wp-json\/wp\/v2\/comments?post=9707"}],"wp:featuredmedia":[{"embeddable":true,"href":"https:\/\/muneka.us\/en\/wp-json\/wp\/v2\/media\/9708"}],"wp:attachment":[{"href":"https:\/\/muneka.us\/en\/wp-json\/wp\/v2\/media?parent=9707"}],"wp:term":[{"taxonomy":"product_brand","embeddable":true,"href":"https:\/\/muneka.us\/en\/wp-json\/wp\/v2\/product_brand?post=9707"},{"taxonomy":"product_cat","embeddable":true,"href":"https:\/\/muneka.us\/en\/wp-json\/wp\/v2\/product_cat?post=9707"},{"taxonomy":"product_tag","embeddable":true,"href":"https:\/\/muneka.us\/en\/wp-json\/wp\/v2\/product_tag?post=9707"}],"curies":[{"name":"wp","href":"https:\/\/api.w.org\/{rel}","templated":true}]}}