{"id":9679,"date":"2026-01-27T14:22:15","date_gmt":"2026-01-27T17:22:15","guid":{"rendered":"https:\/\/muneka.us\/product\/la-roche-posay-anthelios-sunscreen-spf-40-ultra-light-fluid-broad-spectrum-spf-40-face-sunscreen-with-titanium-dioxide-mineral-lightweight-fast-absorbing-oil-free-matte-finish\/"},"modified":"2026-01-27T14:22:15","modified_gmt":"2026-01-27T17:22:15","slug":"la-roche-posay-anthelios-sunscreen-spf-40-ultra-light-fluid-broad-spectrum-spf-40-face-sunscreen-with-titanium-dioxide-mineral-lightweight-fast-absorbing-oil-free-matte-finish","status":"publish","type":"product","link":"https:\/\/muneka.us\/en\/product\/la-roche-posay-anthelios-sunscreen-spf-40-ultra-light-fluid-broad-spectrum-spf-40-face-sunscreen-with-titanium-dioxide-mineral-lightweight-fast-absorbing-oil-free-matte-finish\/","title":{"rendered":"La Roche-Posay Anthelios Sunscreen SPF 40, Ultra-Light Fluid Broad Spectrum SPF 40, Face Sunscreen with Titanium Dioxide Mineral, Lightweight &amp; Fast-Absorbing, Oil-Free, Matte Finish"},"content":{"rendered":"<p data-start=\"244\" data-end=\"262\"><strong data-start=\"244\" data-end=\"260\">Prote\u00e7\u00e3o:<\/strong><\/p>\n<ul data-start=\"263\" data-end=\"613\">\n<li data-start=\"263\" data-end=\"613\">\n<p data-start=\"265\" data-end=\"613\">Proporciona <strong data-start=\"277\" data-end=\"315\">SPF 40 de amplo espectro (UVA\/UVB)<\/strong> que ajuda a proteger a pele contra queimaduras solares, fotoenvelhecimento e danos causados pelo sol. A f\u00f3rmula \u00e9 baseada principalmente em filtros <strong data-start=\"464\" data-end=\"519\">minerais como di\u00f3xido de tit\u00e2nio (titanium dioxide)<\/strong>, que formam uma barreira f\u00edsica refletora dos raios UV.<\/p>\n<\/li>\n<\/ul>\n","protected":false},"excerpt":{"rendered":"<p>Prote\u00e7\u00e3o: Proporciona SPF 40 de amplo espectro (UVA\/UVB) que ajuda a proteger a pele contra queimaduras solares, fotoenvelhecimento e danos causados pelo sol. A f\u00f3rmula \u00e9 baseada principalmente em filtros minerais como di\u00f3xido de tit\u00e2nio (titanium dioxide), que formam uma barreira f\u00edsica refletora dos raios UV.<\/p>\n","protected":false},"featured_media":9680,"comment_status":"open","ping_status":"closed","template":"","meta":[],"product_brand":[],"product_cat":[3722,3721],"product_tag":[],"class_list":{"0":"post-9679","1":"product","2":"type-product","3":"status-publish","4":"has-post-thumbnail","6":"product_cat-beauty-wellness","7":"product_cat-health-wellness","9":"first","10":"instock","11":"taxable","12":"shipping-taxable","13":"purchasable","14":"product-type-simple"},"jetpack_sharing_enabled":true,"_links":{"self":[{"href":"https:\/\/muneka.us\/en\/wp-json\/wp\/v2\/product\/9679","targetHints":{"allow":["GET"]}}],"collection":[{"href":"https:\/\/muneka.us\/en\/wp-json\/wp\/v2\/product"}],"about":[{"href":"https:\/\/muneka.us\/en\/wp-json\/wp\/v2\/types\/product"}],"replies":[{"embeddable":true,"href":"https:\/\/muneka.us\/en\/wp-json\/wp\/v2\/comments?post=9679"}],"wp:featuredmedia":[{"embeddable":true,"href":"https:\/\/muneka.us\/en\/wp-json\/wp\/v2\/media\/9680"}],"wp:attachment":[{"href":"https:\/\/muneka.us\/en\/wp-json\/wp\/v2\/media?parent=9679"}],"wp:term":[{"taxonomy":"product_brand","embeddable":true,"href":"https:\/\/muneka.us\/en\/wp-json\/wp\/v2\/product_brand?post=9679"},{"taxonomy":"product_cat","embeddable":true,"href":"https:\/\/muneka.us\/en\/wp-json\/wp\/v2\/product_cat?post=9679"},{"taxonomy":"product_tag","embeddable":true,"href":"https:\/\/muneka.us\/en\/wp-json\/wp\/v2\/product_tag?post=9679"}],"curies":[{"name":"wp","href":"https:\/\/api.w.org\/{rel}","templated":true}]}}