{"id":9663,"date":"2026-01-28T14:12:33","date_gmt":"2026-01-28T17:12:33","guid":{"rendered":"https:\/\/muneka.us\/product\/okeeffes-working-hands-hand-cream-for-extreme-dryness-3-oz-travel-size-tube-1-pack-repairing-skincare-for-cracked-dry-hands\/"},"modified":"2026-01-28T14:12:33","modified_gmt":"2026-01-28T17:12:33","slug":"okeeffes-working-hands-hand-cream-for-extreme-dryness-3-oz-travel-size-tube-1-pack-repairing-skincare-for-cracked-dry-hands","status":"publish","type":"product","link":"https:\/\/muneka.us\/en\/product\/okeeffes-working-hands-hand-cream-for-extreme-dryness-3-oz-travel-size-tube-1-pack-repairing-skincare-for-cracked-dry-hands\/","title":{"rendered":"O&#8217;Keeffe&#8217;s Working Hands Hand Cream for Extreme Dryness &#8211; 3 oz Travel Size Tube (1 Pack) &#8211; Repairing Skincare for Cracked, Dry Hands"},"content":{"rendered":"<p data-start=\"244\" data-end=\"499\">Um <strong data-start=\"247\" data-end=\"340\">creme para m\u00e3os formulado especialmente para peles muito secas, \u00e1speras ou com rachaduras<\/strong>, ideal para quem lava as m\u00e3os frequentemente, trabalha com as m\u00e3os ou enfrenta condi\u00e7\u00f5es clim\u00e1ticas que ressecam a pele.&nbsp;<span class=\"\" data-state=\"closed\"><\/span><\/p>\n","protected":false},"excerpt":{"rendered":"<p>Um creme para m\u00e3os formulado especialmente para peles muito secas, \u00e1speras ou com rachaduras, ideal para quem lava as m\u00e3os frequentemente, trabalha com as m\u00e3os ou enfrenta condi\u00e7\u00f5es clim\u00e1ticas que ressecam a pele.&nbsp;<\/p>\n","protected":false},"featured_media":9664,"comment_status":"open","ping_status":"closed","template":"","meta":[],"product_brand":[],"product_cat":[3722,3721],"product_tag":[],"class_list":{"0":"post-9663","1":"product","2":"type-product","3":"status-publish","4":"has-post-thumbnail","6":"product_cat-beauty-wellness","7":"product_cat-health-wellness","9":"first","10":"instock","11":"taxable","12":"shipping-taxable","13":"purchasable","14":"product-type-simple"},"jetpack_sharing_enabled":true,"_links":{"self":[{"href":"https:\/\/muneka.us\/en\/wp-json\/wp\/v2\/product\/9663","targetHints":{"allow":["GET"]}}],"collection":[{"href":"https:\/\/muneka.us\/en\/wp-json\/wp\/v2\/product"}],"about":[{"href":"https:\/\/muneka.us\/en\/wp-json\/wp\/v2\/types\/product"}],"replies":[{"embeddable":true,"href":"https:\/\/muneka.us\/en\/wp-json\/wp\/v2\/comments?post=9663"}],"wp:featuredmedia":[{"embeddable":true,"href":"https:\/\/muneka.us\/en\/wp-json\/wp\/v2\/media\/9664"}],"wp:attachment":[{"href":"https:\/\/muneka.us\/en\/wp-json\/wp\/v2\/media?parent=9663"}],"wp:term":[{"taxonomy":"product_brand","embeddable":true,"href":"https:\/\/muneka.us\/en\/wp-json\/wp\/v2\/product_brand?post=9663"},{"taxonomy":"product_cat","embeddable":true,"href":"https:\/\/muneka.us\/en\/wp-json\/wp\/v2\/product_cat?post=9663"},{"taxonomy":"product_tag","embeddable":true,"href":"https:\/\/muneka.us\/en\/wp-json\/wp\/v2\/product_tag?post=9663"}],"curies":[{"name":"wp","href":"https:\/\/api.w.org\/{rel}","templated":true}]}}