{"id":9651,"date":"2026-01-28T16:13:05","date_gmt":"2026-01-28T19:13:05","guid":{"rendered":"https:\/\/muneka.us\/product\/gold-bond-age-renew-retinol-overnight-body-face-lotion-retinol-face-and-body-lotion-with-peptide-complex-13-oz\/"},"modified":"2026-01-28T16:13:05","modified_gmt":"2026-01-28T19:13:05","slug":"gold-bond-age-renew-retinol-overnight-body-face-lotion-retinol-face-and-body-lotion-with-peptide-complex-13-oz","status":"publish","type":"product","link":"https:\/\/muneka.us\/en\/product\/gold-bond-age-renew-retinol-overnight-body-face-lotion-retinol-face-and-body-lotion-with-peptide-complex-13-oz\/","title":{"rendered":"Gold Bond Age Renew Retinol Overnight Body &amp; Face Lotion, Retinol Face and Body Lotion with Peptide Complex, 13 oz"},"content":{"rendered":"<p>Uma <strong data-start=\"222\" data-end=\"257\">lo\u00e7\u00e3o corporal e facial noturna<\/strong> formulada para <strong data-start=\"273\" data-end=\"326\">hidratar profundamente a pele enquanto voc\u00ea dorme<\/strong> e ajudar a <strong data-start=\"338\" data-end=\"420\">melhorar a apar\u00eancia de linhas finas, textura irregular e elasticidade da pele<\/strong> com uso cont\u00ednuo. Ela combina <strong data-start=\"451\" data-end=\"475\">retinol (vitamina A)<\/strong> com um <strong data-start=\"483\" data-end=\"508\">complexo de pept\u00eddeos<\/strong> e outros hidratantes nutritivos.<\/p>\n","protected":false},"excerpt":{"rendered":"<p>Uma lo\u00e7\u00e3o corporal e facial noturna formulada para hidratar profundamente a pele enquanto voc\u00ea dorme e ajudar a melhorar a apar\u00eancia de linhas finas, textura irregular e elasticidade da pele com uso cont\u00ednuo. Ela combina retinol (vitamina A) com um complexo de pept\u00eddeos e outros hidratantes nutritivos.<\/p>\n","protected":false},"featured_media":9652,"comment_status":"open","ping_status":"closed","template":"","meta":[],"product_brand":[],"product_cat":[3722,3721],"product_tag":[],"class_list":{"0":"post-9651","1":"product","2":"type-product","3":"status-publish","4":"has-post-thumbnail","6":"product_cat-beauty-wellness","7":"product_cat-health-wellness","9":"first","10":"instock","11":"taxable","12":"shipping-taxable","13":"purchasable","14":"product-type-simple"},"jetpack_sharing_enabled":true,"_links":{"self":[{"href":"https:\/\/muneka.us\/en\/wp-json\/wp\/v2\/product\/9651","targetHints":{"allow":["GET"]}}],"collection":[{"href":"https:\/\/muneka.us\/en\/wp-json\/wp\/v2\/product"}],"about":[{"href":"https:\/\/muneka.us\/en\/wp-json\/wp\/v2\/types\/product"}],"replies":[{"embeddable":true,"href":"https:\/\/muneka.us\/en\/wp-json\/wp\/v2\/comments?post=9651"}],"wp:featuredmedia":[{"embeddable":true,"href":"https:\/\/muneka.us\/en\/wp-json\/wp\/v2\/media\/9652"}],"wp:attachment":[{"href":"https:\/\/muneka.us\/en\/wp-json\/wp\/v2\/media?parent=9651"}],"wp:term":[{"taxonomy":"product_brand","embeddable":true,"href":"https:\/\/muneka.us\/en\/wp-json\/wp\/v2\/product_brand?post=9651"},{"taxonomy":"product_cat","embeddable":true,"href":"https:\/\/muneka.us\/en\/wp-json\/wp\/v2\/product_cat?post=9651"},{"taxonomy":"product_tag","embeddable":true,"href":"https:\/\/muneka.us\/en\/wp-json\/wp\/v2\/product_tag?post=9651"}],"curies":[{"name":"wp","href":"https:\/\/api.w.org\/{rel}","templated":true}]}}