{"id":9639,"date":"2026-01-28T16:22:45","date_gmt":"2026-01-28T19:22:45","guid":{"rendered":"https:\/\/muneka.us\/product\/garnier-skinactive-clearly-brighter-spf-30-face-moisturizer-with-vitamin-c-2-5-fl-oz-75ml-1-count-packaging-may-vary\/"},"modified":"2026-01-28T16:22:45","modified_gmt":"2026-01-28T19:22:45","slug":"garnier-skinactive-clearly-brighter-spf-30-face-moisturizer-with-vitamin-c-2-5-fl-oz-75ml-1-count-packaging-may-vary","status":"publish","type":"product","link":"https:\/\/muneka.us\/en\/product\/garnier-skinactive-clearly-brighter-spf-30-face-moisturizer-with-vitamin-c-2-5-fl-oz-75ml-1-count-packaging-may-vary\/","title":{"rendered":"Garnier SkinActive Clearly Brighter SPF 30 Face Moisturizer with Vitamin C, 2.5 Fl Oz (75mL), 1 Count (Packaging May Vary)"},"content":{"rendered":"<h2 data-start=\"142\" data-end=\"159\"><strong data-start=\"148\" data-end=\"159\">O que \u00e9<\/strong><\/h2>\n<p data-start=\"160\" data-end=\"334\">Um <strong data-start=\"163\" data-end=\"195\">hidratante facial com FPS 30<\/strong> que combina <strong data-start=\"208\" data-end=\"229\">hidrata\u00e7\u00e3o di\u00e1ria<\/strong> com <strong data-start=\"234\" data-end=\"252\">prote\u00e7\u00e3o solar<\/strong>, ajudando a uniformizar o tom da pele e reduzir apar\u00eancia de manchas e opacidade.<\/p>\n<hr data-start=\"336\" data-end=\"339\">\n<h2 data-start=\"341\" data-end=\"372\">\ud83c\udf3f <strong data-start=\"347\" data-end=\"372\">Principais benef\u00edcios<\/strong><\/h2>\n<h3 data-start=\"373\" data-end=\"405\">\u2728 Clareamento e luminosidade<\/h3>\n<ul data-start=\"406\" data-end=\"605\">\n<li data-start=\"406\" data-end=\"514\">\n<p data-start=\"408\" data-end=\"514\">Cont\u00e9m <strong data-start=\"415\" data-end=\"429\">Vitamina C<\/strong>, que ajuda a <strong data-start=\"443\" data-end=\"462\">clarear manchas<\/strong> e melhorar a luminosidade da pele com uso cont\u00ednuo.<\/p>\n<\/li>\n<li data-start=\"515\" data-end=\"605\">\n<p data-start=\"517\" data-end=\"605\">Ajuda a <strong data-start=\"525\" data-end=\"554\">uniformizar o tom da pele<\/strong>, reduzindo apar\u00eancia de pele cansada e sem brilho.<\/p>\n<\/li>\n<\/ul>\n<h3 data-start=\"607\" data-end=\"635\">\u2600\ufe0f Prote\u00e7\u00e3o solar di\u00e1ria<\/h3>\n<ul data-start=\"636\" data-end=\"763\">\n<li data-start=\"636\" data-end=\"703\">\n<p data-start=\"638\" data-end=\"703\"><strong data-start=\"638\" data-end=\"666\">FPS 30 de amplo espectro<\/strong>, protege contra <strong data-start=\"683\" data-end=\"702\">raios UVA e UVB<\/strong>.<\/p>\n<\/li>\n<li data-start=\"704\" data-end=\"763\">\n<p data-start=\"706\" data-end=\"763\">Ideal para uso di\u00e1rio como base de prote\u00e7\u00e3o contra o sol.<\/p>\n<\/li>\n<\/ul>\n<h3 data-start=\"765\" data-end=\"787\">\ud83d\udca7 Hidrata\u00e7\u00e3o leve<\/h3>\n<ul data-start=\"788\" data-end=\"916\">\n<li data-start=\"788\" data-end=\"869\">\n<p data-start=\"790\" data-end=\"869\">F\u00f3rmula leve, ideal para <strong data-start=\"815\" data-end=\"829\">uso di\u00e1rio<\/strong>, deixando a pele <strong data-start=\"847\" data-end=\"868\">macia e hidratada<\/strong>.<\/p>\n<\/li>\n<li data-start=\"870\" data-end=\"916\">\n<p data-start=\"872\" data-end=\"916\">Pode ser usado como <strong data-start=\"892\" data-end=\"915\">base para maquiagem<\/strong>.<\/p>\n<\/li>\n<\/ul>\n<hr data-start=\"918\" data-end=\"921\">\n<h2 data-start=\"923\" data-end=\"953\">\ud83e\uddf4 <strong data-start=\"929\" data-end=\"953\">Para quem \u00e9 indicado<\/strong><\/h2>\n<ul data-start=\"954\" data-end=\"1124\">\n<li data-start=\"954\" data-end=\"1019\">\n<p data-start=\"956\" data-end=\"1019\">Quem busca <strong data-start=\"967\" data-end=\"998\">hidrata\u00e7\u00e3o + prote\u00e7\u00e3o solar<\/strong> em um \u00fanico produto.<\/p>\n<\/li>\n<li data-start=\"1020\" data-end=\"1076\">\n<p data-start=\"1022\" data-end=\"1076\">Pessoas com <strong data-start=\"1034\" data-end=\"1075\">pele sem brilho, opaca ou com manchas<\/strong>.<\/p>\n<\/li>\n<li data-start=\"1077\" data-end=\"1124\">\n<p data-start=\"1079\" data-end=\"1124\">Indicado para uso em <strong data-start=\"1100\" data-end=\"1123\">pele normal a mista<\/strong>.<\/p>\n<\/li>\n<\/ul>\n","protected":false},"excerpt":{"rendered":"<p>O que \u00e9 Um hidratante facial com FPS 30 que combina hidrata\u00e7\u00e3o di\u00e1ria com prote\u00e7\u00e3o solar, ajudando a uniformizar o tom da pele e reduzir apar\u00eancia de manchas e opacidade. \ud83c\udf3f Principais benef\u00edcios \u2728 Clareamento e luminosidade Cont\u00e9m Vitamina C, que ajuda a clarear manchas e melhorar a luminosidade da pele com uso cont\u00ednuo. Ajuda [&#8230;]\n","protected":false},"featured_media":9640,"comment_status":"open","ping_status":"closed","template":"","meta":[],"product_brand":[],"product_cat":[3722,3721],"product_tag":[],"class_list":{"0":"post-9639","1":"product","2":"type-product","3":"status-publish","4":"has-post-thumbnail","6":"product_cat-beauty-wellness","7":"product_cat-health-wellness","9":"first","10":"instock","11":"taxable","12":"shipping-taxable","13":"purchasable","14":"product-type-simple"},"jetpack_sharing_enabled":true,"_links":{"self":[{"href":"https:\/\/muneka.us\/en\/wp-json\/wp\/v2\/product\/9639","targetHints":{"allow":["GET"]}}],"collection":[{"href":"https:\/\/muneka.us\/en\/wp-json\/wp\/v2\/product"}],"about":[{"href":"https:\/\/muneka.us\/en\/wp-json\/wp\/v2\/types\/product"}],"replies":[{"embeddable":true,"href":"https:\/\/muneka.us\/en\/wp-json\/wp\/v2\/comments?post=9639"}],"wp:featuredmedia":[{"embeddable":true,"href":"https:\/\/muneka.us\/en\/wp-json\/wp\/v2\/media\/9640"}],"wp:attachment":[{"href":"https:\/\/muneka.us\/en\/wp-json\/wp\/v2\/media?parent=9639"}],"wp:term":[{"taxonomy":"product_brand","embeddable":true,"href":"https:\/\/muneka.us\/en\/wp-json\/wp\/v2\/product_brand?post=9639"},{"taxonomy":"product_cat","embeddable":true,"href":"https:\/\/muneka.us\/en\/wp-json\/wp\/v2\/product_cat?post=9639"},{"taxonomy":"product_tag","embeddable":true,"href":"https:\/\/muneka.us\/en\/wp-json\/wp\/v2\/product_tag?post=9639"}],"curies":[{"name":"wp","href":"https:\/\/api.w.org\/{rel}","templated":true}]}}