{"id":9635,"date":"2026-01-28T17:12:25","date_gmt":"2026-01-28T20:12:25","guid":{"rendered":"https:\/\/muneka.us\/product\/garnier-clearly-brighter-anti-puff-eye-roller-dark-circles-under-eye-treatment-with-caffeine-and-vitamin-c-0-5-fl-oz-15ml-1-count-packaging-may-vary\/"},"modified":"2026-01-28T17:12:25","modified_gmt":"2026-01-28T20:12:25","slug":"garnier-clearly-brighter-anti-puff-eye-roller-dark-circles-under-eye-treatment-with-caffeine-and-vitamin-c-0-5-fl-oz-15ml-1-count-packaging-may-vary","status":"publish","type":"product","link":"https:\/\/muneka.us\/en\/product\/garnier-clearly-brighter-anti-puff-eye-roller-dark-circles-under-eye-treatment-with-caffeine-and-vitamin-c-0-5-fl-oz-15ml-1-count-packaging-may-vary\/","title":{"rendered":"Garnier Clearly Brighter Anti-Puff Eye Roller, Dark Circles Under Eye Treatment with Caffeine and Vitamin C, 0.5 Fl Oz (15mL), 1 Count (Packaging May Vary)"},"content":{"rendered":"<p data-start=\"307\" data-end=\"557\">Um <strong data-start=\"310\" data-end=\"347\">gel roll-on para a \u00e1rea dos olhos<\/strong> com f\u00f3rmula leve que combina <strong data-start=\"377\" data-end=\"456\">vitamina C antioxidante, cafe\u00edna energizante e extrato de menta refrescante<\/strong> para <strong data-start=\"462\" data-end=\"518\">desinchar, iluminar e revigorar o contorno dos olhos<\/strong>. <span class=\"\" data-state=\"closed\"><\/span><\/p>\n<hr data-start=\"559\" data-end=\"562\">\n<h2 data-start=\"564\" data-end=\"590\">\u2728 Principais benef\u00edcios<\/h2>\n<ul data-start=\"591\" data-end=\"1328\">\n<li data-start=\"591\" data-end=\"767\">\n<p data-start=\"593\" data-end=\"767\"><strong data-start=\"593\" data-end=\"624\">Redu\u00e7\u00e3o do incha\u00e7o e bolsas<\/strong> sob os olhos \u2014 o aplicador com bola micro-estimulante ajuda a drenar e \u201cdesinchar\u201d visualmente a \u00e1rea. <span class=\"\" data-state=\"closed\"><\/span><\/p>\n<\/li>\n<li data-start=\"768\" data-end=\"886\">\n<p data-start=\"770\" data-end=\"886\"><strong data-start=\"770\" data-end=\"806\">Sensa\u00e7\u00e3o refrescante instant\u00e2nea<\/strong> ao aplicar, ajudando a acordar o olhar. <span class=\"\" data-state=\"closed\"><\/span><\/p>\n<\/li>\n<li data-start=\"887\" data-end=\"1053\">\n<p data-start=\"889\" data-end=\"1053\"><strong data-start=\"889\" data-end=\"914\">Vitamina C (derivado)<\/strong> atua como antioxidante e contribui para <strong data-start=\"955\" data-end=\"990\">clarear a \u00e1rea abaixo dos olhos<\/strong> e trazer luminosidade. <span class=\"\" data-state=\"closed\"><\/span><\/p>\n<\/li>\n<li data-start=\"1054\" data-end=\"1223\">\n<p data-start=\"1056\" data-end=\"1223\"><strong data-start=\"1056\" data-end=\"1067\">Cafe\u00edna<\/strong> pode ajudar a <strong data-start=\"1082\" data-end=\"1137\">reduzir a reten\u00e7\u00e3o de l\u00edquidos e contra\u00e7\u00e3o de vasos<\/strong>, o que melhora o aspecto de \u201colhos cansados\u201d. <span class=\"\" data-state=\"closed\"><\/span><\/p>\n<\/li>\n<li data-start=\"1224\" data-end=\"1328\">\n<p data-start=\"1226\" data-end=\"1328\">F\u00f3rmula <strong data-start=\"1234\" data-end=\"1266\">leve que absorve rapidamente<\/strong>, ideal para uso di\u00e1rio. <span class=\"\" data-state=\"closed\"><\/span><\/p>\n<\/li>\n<\/ul>\n<hr data-start=\"1330\" data-end=\"1333\">\n<h2 data-start=\"1335\" data-end=\"1359\">\ud83d\udca7 Ingredientes-chave<\/h2>\n<ul data-start=\"1360\" data-end=\"1762\">\n<li data-start=\"1360\" data-end=\"1498\">\n<p data-start=\"1362\" data-end=\"1498\"><strong data-start=\"1362\" data-end=\"1398\">Vitamina C (Ascorbyl Glucoside):<\/strong> antioxidante que contribui para brilho e tom mais uniforme. <span class=\"\" data-state=\"closed\"><\/span><\/p>\n<\/li>\n<li data-start=\"1499\" data-end=\"1581\">\n<p data-start=\"1501\" data-end=\"1581\"><strong data-start=\"1501\" data-end=\"1513\">Cafe\u00edna:<\/strong> energizante e anti-incha\u00e7o. <span class=\"\" data-state=\"closed\"><\/span><\/p>\n<\/li>\n<li data-start=\"1582\" data-end=\"1678\">\n<p data-start=\"1584\" data-end=\"1678\"><strong data-start=\"1584\" data-end=\"1605\">Extrato de menta:<\/strong> sensa\u00e7\u00e3o refrescante ao aplicar. <span class=\"\" data-state=\"closed\"><\/span><\/p>\n<\/li>\n<li data-start=\"1679\" data-end=\"1762\">\n<p data-start=\"1681\" data-end=\"1762\"><strong data-start=\"1681\" data-end=\"1695\">Glicerina:<\/strong> umectante para hidrata\u00e7\u00e3o<\/p>\n<\/li>\n<\/ul>\n","protected":false},"excerpt":{"rendered":"<p>Um gel roll-on para a \u00e1rea dos olhos com f\u00f3rmula leve que combina vitamina C antioxidante, cafe\u00edna energizante e extrato de menta refrescante para desinchar, iluminar e revigorar o contorno dos olhos. \u2728 Principais benef\u00edcios Redu\u00e7\u00e3o do incha\u00e7o e bolsas sob os olhos \u2014 o aplicador com bola micro-estimulante ajuda a drenar e \u201cdesinchar\u201d visualmente [&#8230;]\n","protected":false},"featured_media":9636,"comment_status":"open","ping_status":"closed","template":"","meta":[],"product_brand":[],"product_cat":[3722,3721],"product_tag":[],"class_list":{"0":"post-9635","1":"product","2":"type-product","3":"status-publish","4":"has-post-thumbnail","6":"product_cat-beauty-wellness","7":"product_cat-health-wellness","9":"first","10":"instock","11":"taxable","12":"shipping-taxable","13":"purchasable","14":"product-type-simple"},"jetpack_sharing_enabled":true,"_links":{"self":[{"href":"https:\/\/muneka.us\/en\/wp-json\/wp\/v2\/product\/9635","targetHints":{"allow":["GET"]}}],"collection":[{"href":"https:\/\/muneka.us\/en\/wp-json\/wp\/v2\/product"}],"about":[{"href":"https:\/\/muneka.us\/en\/wp-json\/wp\/v2\/types\/product"}],"replies":[{"embeddable":true,"href":"https:\/\/muneka.us\/en\/wp-json\/wp\/v2\/comments?post=9635"}],"wp:featuredmedia":[{"embeddable":true,"href":"https:\/\/muneka.us\/en\/wp-json\/wp\/v2\/media\/9636"}],"wp:attachment":[{"href":"https:\/\/muneka.us\/en\/wp-json\/wp\/v2\/media?parent=9635"}],"wp:term":[{"taxonomy":"product_brand","embeddable":true,"href":"https:\/\/muneka.us\/en\/wp-json\/wp\/v2\/product_brand?post=9635"},{"taxonomy":"product_cat","embeddable":true,"href":"https:\/\/muneka.us\/en\/wp-json\/wp\/v2\/product_cat?post=9635"},{"taxonomy":"product_tag","embeddable":true,"href":"https:\/\/muneka.us\/en\/wp-json\/wp\/v2\/product_tag?post=9635"}],"curies":[{"name":"wp","href":"https:\/\/api.w.org\/{rel}","templated":true}]}}